{"id":2045,"date":"2024-02-21T16:01:12","date_gmt":"2024-02-21T15:01:12","guid":{"rendered":"https:\/\/www.fixolite.eu\/?page_id=2045"},"modified":"2024-02-21T16:07:29","modified_gmt":"2024-02-21T15:07:29","slug":"politique-de-confidentialite","status":"publish","type":"page","link":"https:\/\/fixolite.eu\/pt\/politica-de-privacidade\/","title":{"rendered":"Pol\u00edtica de privacidade"},"content":{"rendered":"<p>Data efectiva: 01\/01\/2023<\/p>\n\n\n\n<p>Na Fixolite.eu, acess\u00edvel a partir de https:\/\/www.fixolite.eu, uma das nossas principais prioridades \u00e9 a privacidade dos nossos visitantes. Esta Pol\u00edtica de Privacidade documenta os tipos de informa\u00e7\u00e3o que s\u00e3o recolhidos e armazenados pela Fixolite.eu e a forma como a utilizamos.<\/p>\n\n\n<h2 class=\"wp-block-heading\" id=\"consentement\">Consentimento<\/h2>\n\n\n<p>Ao utilizar o nosso s\u00edtio Web, o utilizador consente com a nossa Pol\u00edtica de Privacidade e aceita os seus termos.<\/p>\n\n\n\n<p><\/p>\n\n\n<h2 class=\"wp-block-heading\" id=\"informations-que-nous-collectons\">Informa\u00e7\u00f5es que recolhemos<\/h2>\n\n\n<p>As informa\u00e7\u00f5es pessoais que lhe s\u00e3o pedidas e as raz\u00f5es pelas quais lhe s\u00e3o pedidas ser\u00e3o especificadas no momento em que lhe pedirmos que forne\u00e7a as suas informa\u00e7\u00f5es pessoais.<\/p>\n\n\n\n<p>Se nos contactar diretamente, poderemos receber informa\u00e7\u00f5es adicionais sobre si, tais como o seu nome, endere\u00e7o de correio eletr\u00f3nico, n\u00famero de telefone, o conte\u00fado de qualquer mensagem e\/ou anexos que nos possa enviar e quaisquer outras informa\u00e7\u00f5es que decida fornecer.<\/p>\n\n\n\n<p>Quando se regista numa Conta, podemos pedir-lhe as suas informa\u00e7\u00f5es de contacto, incluindo nome, nome da empresa, morada, endere\u00e7o de correio eletr\u00f3nico e n\u00famero de telefone.<\/p>\n\n\n<h2 class=\"wp-block-heading\" id=\"comment-nous-utilisons-vos-informations\">Como utilizamos as informa\u00e7\u00f5es do utilizador<\/h2>\n\n\n<ul class=\"wp-block-list\">\n<li>Fornecer, operar e manter o nosso s\u00edtio Web<\/li>\n\n\n\n<li>Melhorar, personalizar e alargar o nosso s\u00edtio Web<\/li>\n\n\n\n<li>Compreender e analisar a forma como o utilizador utiliza o nosso s\u00edtio Web<\/li>\n\n\n\n<li>Desenvolver novos produtos, servi\u00e7os, fun\u00e7\u00f5es e caracter\u00edsticas<\/li>\n\n\n\n<li>Para comunicar com o utilizador, diretamente ou atrav\u00e9s de um dos nossos parceiros, incluindo para o servi\u00e7o de apoio ao cliente, para lhe fornecer actualiza\u00e7\u00f5es e outras informa\u00e7\u00f5es relacionadas com o s\u00edtio Web e para fins de marketing e promocionais.<\/li>\n\n\n\n<li>Enviar-lhe mensagens de correio eletr\u00f3nico<\/li>\n\n\n\n<li>Detetar e prevenir a fraude<\/li>\n<\/ul>\n\n\n<h2 class=\"wp-block-heading\" id=\"log-files\">Ficheiros de registo<\/h2>\n\n\n<p>A Fixolite.eu segue um procedimento padr\u00e3o para a utiliza\u00e7\u00e3o de ficheiros de registo. Estes ficheiros registam os visitantes quando estes visitam os sites. Todas as empresas de alojamento fazem isto e faz parte da an\u00e1lise dos servi\u00e7os de alojamento. As informa\u00e7\u00f5es recolhidas pelos ficheiros de registo incluem endere\u00e7os IP, tipo de browser, fornecedor de servi\u00e7os Internet (ISP), data e hora, p\u00e1ginas de refer\u00eancia\/sa\u00edda e possivelmente o n\u00famero de cliques. Estas informa\u00e7\u00f5es n\u00e3o est\u00e3o associadas a quaisquer informa\u00e7\u00f5es pessoais identific\u00e1veis. O objetivo \u00e9 analisar tend\u00eancias, administrar o site, seguir os movimentos dos utilizadores no site e recolher informa\u00e7\u00f5es demogr\u00e1ficas.<\/p>\n\n\n<h2 class=\"wp-block-heading\" id=\"cookies-et-balises-web\">Cookies e Web beacons<\/h2>\n\n\n<p>Como qualquer outro website, o Fixolite.eu utiliza \"cookies\". Estes cookies s\u00e3o utilizados para armazenar informa\u00e7\u00f5es, incluindo as prefer\u00eancias dos visitantes, e quais as p\u00e1ginas do website que o visitante acedeu ou visitou. A informa\u00e7\u00e3o \u00e9 utilizada para otimizar a experi\u00eancia do utilizador, personalizando o nosso conte\u00fado web de acordo com o tipo de browser dos visitantes e\/ou outras informa\u00e7\u00f5es.<\/p>\n\n\n<h2 class=\"wp-block-heading\" id=\"droits-de-confidentialite\">Direitos de privacidade <\/h2>\n\n<h4 class=\"wp-block-heading\" id=\"ne-pas-vendre-mes-informations-personnelles\">(N\u00e3o vender as minhas informa\u00e7\u00f5es pessoais)<\/h4>\n\n\n<p>Ao abrigo do RGPD, os residentes da UE t\u00eam determinados direitos em rela\u00e7\u00e3o aos seus dados pessoais. <\/p>\n\n\n<h2 class=\"wp-block-heading\" id=\"informations-de-contact\">Informa\u00e7\u00f5es de contacto<\/h2>\n\n\n<p>Se tiver alguma quest\u00e3o ou coment\u00e1rio sobre a nossa Pol\u00edtica de Privacidade, contacte-nos atrav\u00e9s do endere\u00e7o de e-mail ou n\u00famero de telefone da Fixolite Usines.<\/p>","protected":false},"excerpt":{"rendered":"<p>Data de entrada em vigor: 01\/01\/2023 Na Fixolite.eu, acess\u00edvel a partir de https:\/\/www.fixolite.eu, uma das nossas principais prioridades \u00e9 a privacidade dos nossos visitantes. Esta Pol\u00edtica de Privacidade documenta os tipos de informa\u00e7\u00e3o que s\u00e3o recolhidos e armazenados pela Fixolite.eu e a forma como a utilizamos. Consentimento Ao utilizar o nosso website, est\u00e1 a consentir a nossa Pol\u00edtica de Privacidade.<\/p>","protected":false},"author":1,"featured_media":2046,"parent":0,"menu_order":99,"comment_status":"closed","ping_status":"closed","template":"","meta":{"footnotes":""},"class_list":["post-2045","page","type-page","status-publish","has-post-thumbnail","hentry"],"yoast_head":"<!-- This site is optimized with the Yoast SEO Premium plugin v24.3 (Yoast SEO v24.9) - https:\/\/yoast.com\/wordpress\/plugins\/seo\/ -->\n<title>Politique de Confidentialit\u00e9 - FIXOLITE<\/title>\n<meta name=\"robots\" content=\"index, follow, max-snippet:-1, max-image-preview:large, max-video-preview:-1\" \/>\n<link rel=\"canonical\" href=\"http:\/\/fixolite.fr\/en\/privacy-policy\/\" \/>\n<meta property=\"og:locale\" content=\"pt_PT\" \/>\n<meta property=\"og:type\" content=\"article\" \/>\n<meta property=\"og:title\" content=\"Politique de Confidentialit\u00e9\" \/>\n<meta property=\"og:description\" content=\"Date d&rsquo;effet: 01\/01\/2023 Chez Fixolite.eu, accessible \u00e0 partir de https:\/\/www.fixolite.eu, l&rsquo;une de nos principales priorit\u00e9s est la confidentialit\u00e9 de nos visiteurs. Cette Politique de Confidentialit\u00e9 documente les types d&rsquo;informations qui sont collect\u00e9es et enregistr\u00e9es par Fixolite.eu et comment nous les utilisons. Consentement En utilisant notre site web, vous consentez par la pr\u00e9sente \u00e0 notre Politique [&hellip;]\" \/>\n<meta property=\"og:url\" content=\"http:\/\/fixolite.fr\/en\/privacy-policy\/\" \/>\n<meta property=\"og:site_name\" content=\"FIXOLITE\" \/>\n<meta property=\"article:modified_time\" content=\"2024-02-21T15:07:29+00:00\" \/>\n<meta property=\"og:image\" content=\"https:\/\/fixolite.fr\/wp-content\/uploads\/rgpd.jpg\" \/>\n\t<meta property=\"og:image:width\" content=\"1200\" \/>\n\t<meta property=\"og:image:height\" content=\"630\" \/>\n\t<meta property=\"og:image:type\" content=\"image\/jpeg\" \/>\n<meta name=\"twitter:card\" content=\"summary_large_image\" \/>\n<meta name=\"twitter:label1\" content=\"Tempo estimado de leitura\" \/>\n\t<meta name=\"twitter:data1\" content=\"3 minutos\" \/>\n<script type=\"application\/ld+json\" class=\"yoast-schema-graph\">{\"@context\":\"https:\/\/schema.org\",\"@graph\":[{\"@type\":\"WebPage\",\"@id\":\"http:\/\/fixolite.fr\/en\/privacy-policy\/\",\"url\":\"http:\/\/fixolite.fr\/en\/privacy-policy\/\",\"name\":\"Politique de Confidentialit\u00e9 - FIXOLITE\",\"isPartOf\":{\"@id\":\"http:\/\/fixolite.fr\/en\/#website\"},\"primaryImageOfPage\":{\"@id\":\"http:\/\/fixolite.fr\/en\/privacy-policy\/#primaryimage\"},\"image\":{\"@id\":\"http:\/\/fixolite.fr\/en\/privacy-policy\/#primaryimage\"},\"thumbnailUrl\":\"https:\/\/fixolite.eu\/wp-content\/uploads\/rgpd.jpg\",\"datePublished\":\"2024-02-21T15:01:12+00:00\",\"dateModified\":\"2024-02-21T15:07:29+00:00\",\"breadcrumb\":{\"@id\":\"http:\/\/fixolite.fr\/en\/privacy-policy\/#breadcrumb\"},\"inLanguage\":\"pt-PT\",\"potentialAction\":[{\"@type\":\"ReadAction\",\"target\":[\"http:\/\/fixolite.fr\/en\/privacy-policy\/\"]}]},{\"@type\":\"ImageObject\",\"inLanguage\":\"pt-PT\",\"@id\":\"http:\/\/fixolite.fr\/en\/privacy-policy\/#primaryimage\",\"url\":\"https:\/\/fixolite.eu\/wp-content\/uploads\/rgpd.jpg\",\"contentUrl\":\"https:\/\/fixolite.eu\/wp-content\/uploads\/rgpd.jpg\",\"width\":1200,\"height\":630},{\"@type\":\"BreadcrumbList\",\"@id\":\"http:\/\/fixolite.fr\/en\/privacy-policy\/#breadcrumb\",\"itemListElement\":[{\"@type\":\"ListItem\",\"position\":1,\"name\":\"Accueil\",\"item\":\"http:\/\/fixolite.fr\/en\/\"},{\"@type\":\"ListItem\",\"position\":2,\"name\":\"Politique de Confidentialit\u00e9\"}]},{\"@type\":\"WebSite\",\"@id\":\"http:\/\/fixolite.fr\/en\/#website\",\"url\":\"http:\/\/fixolite.fr\/en\/\",\"name\":\"Fixolite\",\"description\":\"Le sp\u00e9cialiste des coffres tunnel pour volets roulants\/BSO et blocs de construction bois-ciment super isolants\",\"publisher\":{\"@id\":\"http:\/\/fixolite.fr\/en\/#organization\"},\"alternateName\":\"Coffres tunnel Fixolite\",\"potentialAction\":[{\"@type\":\"SearchAction\",\"target\":{\"@type\":\"EntryPoint\",\"urlTemplate\":\"http:\/\/fixolite.fr\/en\/?s={search_term_string}\"},\"query-input\":{\"@type\":\"PropertyValueSpecification\",\"valueRequired\":true,\"valueName\":\"search_term_string\"}}],\"inLanguage\":\"pt-PT\"},{\"@type\":\"Organization\",\"@id\":\"http:\/\/fixolite.fr\/en\/#organization\",\"name\":\"FIXOLITE\",\"alternateName\":\"Coffre tunnel Fixolite\",\"url\":\"http:\/\/fixolite.fr\/en\/\",\"logo\":{\"@type\":\"ImageObject\",\"inLanguage\":\"pt-PT\",\"@id\":\"http:\/\/fixolite.fr\/en\/#\/schema\/logo\/image\/\",\"url\":\"https:\/\/www.fixolite.eu\/wp-content\/uploads\/2023\/10\/fixolite-logo-vestorise.png\",\"contentUrl\":\"https:\/\/www.fixolite.eu\/wp-content\/uploads\/2023\/10\/fixolite-logo-vestorise.png\",\"width\":1446,\"height\":252,\"caption\":\"FIXOLITE\"},\"image\":{\"@id\":\"http:\/\/fixolite.fr\/en\/#\/schema\/logo\/image\/\"},\"description\":\"Grossiste en coffre tunnel pour volet roulant\",\"email\":\"info@fixolite.be\",\"telephone\":\"+32 71 25 87 90\",\"legalName\":\"FIXOLITE ISUNES S.A\",\"foundingDate\":\"1945-06-01\",\"vatID\":\"BE0401648294\",\"numberOfEmployees\":{\"@type\":\"QuantitativeValue\",\"minValue\":\"11\",\"maxValue\":\"50\"},\"publishingPrinciples\":\"http:\/\/fixolite.fr\/en\/privacy-policy\/\"}]}<\/script>\n<!-- \/ Yoast SEO Premium plugin. -->","yoast_head_json":{"title":"Politique de Confidentialit\u00e9 - FIXOLITE","robots":{"index":"index","follow":"follow","max-snippet":"max-snippet:-1","max-image-preview":"max-image-preview:large","max-video-preview":"max-video-preview:-1"},"canonical":"http:\/\/fixolite.fr\/en\/privacy-policy\/","og_locale":"pt_PT","og_type":"article","og_title":"Politique de Confidentialit\u00e9","og_description":"Date d&rsquo;effet: 01\/01\/2023 Chez Fixolite.eu, accessible \u00e0 partir de https:\/\/www.fixolite.eu, l&rsquo;une de nos principales priorit\u00e9s est la confidentialit\u00e9 de nos visiteurs. Cette Politique de Confidentialit\u00e9 documente les types d&rsquo;informations qui sont collect\u00e9es et enregistr\u00e9es par Fixolite.eu et comment nous les utilisons. Consentement En utilisant notre site web, vous consentez par la pr\u00e9sente \u00e0 notre Politique [&hellip;]","og_url":"http:\/\/fixolite.fr\/en\/privacy-policy\/","og_site_name":"FIXOLITE","article_modified_time":"2024-02-21T15:07:29+00:00","og_image":[{"width":1200,"height":630,"url":"https:\/\/fixolite.fr\/wp-content\/uploads\/rgpd.jpg","type":"image\/jpeg"}],"twitter_card":"summary_large_image","twitter_misc":{"Tempo estimado de leitura":"3 minutos"},"schema":{"@context":"https:\/\/schema.org","@graph":[{"@type":"WebPage","@id":"http:\/\/fixolite.fr\/en\/privacy-policy\/","url":"http:\/\/fixolite.fr\/en\/privacy-policy\/","name":"Politique de Confidentialit\u00e9 - FIXOLITE","isPartOf":{"@id":"http:\/\/fixolite.fr\/en\/#website"},"primaryImageOfPage":{"@id":"http:\/\/fixolite.fr\/en\/privacy-policy\/#primaryimage"},"image":{"@id":"http:\/\/fixolite.fr\/en\/privacy-policy\/#primaryimage"},"thumbnailUrl":"https:\/\/fixolite.eu\/wp-content\/uploads\/rgpd.jpg","datePublished":"2024-02-21T15:01:12+00:00","dateModified":"2024-02-21T15:07:29+00:00","breadcrumb":{"@id":"http:\/\/fixolite.fr\/en\/privacy-policy\/#breadcrumb"},"inLanguage":"pt-PT","potentialAction":[{"@type":"ReadAction","target":["http:\/\/fixolite.fr\/en\/privacy-policy\/"]}]},{"@type":"ImageObject","inLanguage":"pt-PT","@id":"http:\/\/fixolite.fr\/en\/privacy-policy\/#primaryimage","url":"https:\/\/fixolite.eu\/wp-content\/uploads\/rgpd.jpg","contentUrl":"https:\/\/fixolite.eu\/wp-content\/uploads\/rgpd.jpg","width":1200,"height":630},{"@type":"BreadcrumbList","@id":"http:\/\/fixolite.fr\/en\/privacy-policy\/#breadcrumb","itemListElement":[{"@type":"ListItem","position":1,"name":"Accueil","item":"http:\/\/fixolite.fr\/en\/"},{"@type":"ListItem","position":2,"name":"Politique de Confidentialit\u00e9"}]},{"@type":"WebSite","@id":"http:\/\/fixolite.fr\/en\/#website","url":"http:\/\/fixolite.fr\/en\/","name":"Fixolite","description":"Le sp\u00e9cialiste des coffres tunnel pour volets roulants\/BSO et blocs de construction bois-ciment super isolants","publisher":{"@id":"http:\/\/fixolite.fr\/en\/#organization"},"alternateName":"Coffres tunnel Fixolite","potentialAction":[{"@type":"SearchAction","target":{"@type":"EntryPoint","urlTemplate":"http:\/\/fixolite.fr\/en\/?s={search_term_string}"},"query-input":{"@type":"PropertyValueSpecification","valueRequired":true,"valueName":"search_term_string"}}],"inLanguage":"pt-PT"},{"@type":"Organization","@id":"http:\/\/fixolite.fr\/en\/#organization","name":"FIXOLITE","alternateName":"Coffre tunnel Fixolite","url":"http:\/\/fixolite.fr\/en\/","logo":{"@type":"ImageObject","inLanguage":"pt-PT","@id":"http:\/\/fixolite.fr\/en\/#\/schema\/logo\/image\/","url":"https:\/\/www.fixolite.eu\/wp-content\/uploads\/2023\/10\/fixolite-logo-vestorise.png","contentUrl":"https:\/\/www.fixolite.eu\/wp-content\/uploads\/2023\/10\/fixolite-logo-vestorise.png","width":1446,"height":252,"caption":"FIXOLITE"},"image":{"@id":"http:\/\/fixolite.fr\/en\/#\/schema\/logo\/image\/"},"description":"Grossiste en coffre tunnel pour volet roulant","email":"info@fixolite.be","telephone":"+32 71 25 87 90","legalName":"FIXOLITE ISUNES S.A","foundingDate":"1945-06-01","vatID":"BE0401648294","numberOfEmployees":{"@type":"QuantitativeValue","minValue":"11","maxValue":"50"},"publishingPrinciples":"http:\/\/fixolite.fr\/en\/privacy-policy\/"}]}},"_links":{"self":[{"href":"https:\/\/fixolite.eu\/pt\/wp-json\/wp\/v2\/pages\/2045","targetHints":{"allow":["GET"]}}],"collection":[{"href":"https:\/\/fixolite.eu\/pt\/wp-json\/wp\/v2\/pages"}],"about":[{"href":"https:\/\/fixolite.eu\/pt\/wp-json\/wp\/v2\/types\/page"}],"author":[{"embeddable":true,"href":"https:\/\/fixolite.eu\/pt\/wp-json\/wp\/v2\/users\/1"}],"replies":[{"embeddable":true,"href":"https:\/\/fixolite.eu\/pt\/wp-json\/wp\/v2\/comments?post=2045"}],"version-history":[{"count":1,"href":"https:\/\/fixolite.eu\/pt\/wp-json\/wp\/v2\/pages\/2045\/revisions"}],"predecessor-version":[{"id":2047,"href":"https:\/\/fixolite.eu\/pt\/wp-json\/wp\/v2\/pages\/2045\/revisions\/2047"}],"wp:featuredmedia":[{"embeddable":true,"href":"https:\/\/fixolite.eu\/pt\/wp-json\/wp\/v2\/media\/2046"}],"wp:attachment":[{"href":"https:\/\/fixolite.eu\/pt\/wp-json\/wp\/v2\/media?parent=2045"}],"curies":[{"name":"wp","href":"https:\/\/api.w.org\/{rel}","templated":true}]}}