{"id":2045,"date":"2024-02-21T16:01:12","date_gmt":"2024-02-21T15:01:12","guid":{"rendered":"https:\/\/www.fixolite.eu\/?page_id=2045"},"modified":"2024-02-21T16:07:29","modified_gmt":"2024-02-21T15:07:29","slug":"politique-de-confidentialite","status":"publish","type":"page","link":"https:\/\/fixolite.eu\/lt\/privatumo-politika\/","title":{"rendered":"Privatumo politika"},"content":{"rendered":"<p>\u012esigaliojimo data: 01\/01\/2023<\/p>\n\n\n\n<p>I\u0161 https:\/\/www.fixolite.eu pasiekiamoje svetain\u0117je Fixolite.eu vienas i\u0161 pagrindini\u0173 m\u016bs\u0173 prioritet\u0173 yra lankytoj\u0173 privatumas. \u0160ioje privatumo politikoje dokumentuojama, koki\u0105 informacij\u0105 renka ir saugo Fixolite.eu ir kaip j\u0105 naudojame.<\/p>\n\n\n<h2 class=\"wp-block-heading\" id=\"consentement\">Sutikimas<\/h2>\n\n\n<p>Naudodamiesi m\u016bs\u0173 svetaine, j\u016bs sutinkate su m\u016bs\u0173 privatumo politika ir sutinkate su jos s\u0105lygomis.<\/p>\n\n\n\n<p><\/p>\n\n\n<h2 class=\"wp-block-heading\" id=\"informations-que-nous-collectons\">Renkama informacija<\/h2>\n\n\n<p>Asmenin\u0117 informacija, kuri\u0105 pra\u0161oma pateikti, ir prie\u017eastys, d\u0117l kuri\u0173 pra\u0161oma j\u0105 pateikti, bus nurodytos tuo metu, kai pra\u0161ysime j\u016bs\u0173 pateikti asmenin\u0119 informacij\u0105.<\/p>\n\n\n\n<p>Jei su mumis susisieksite tiesiogiai, galime gauti papildomos informacijos apie jus, pavyzd\u017eiui, j\u016bs\u0173 vard\u0105, pavard\u0119, el. pa\u0161to adres\u0105, telefono numer\u012f, bet kokios \u017einut\u0117s ir (arba) pried\u0173, kuriuos mums siun\u010diate, turin\u012f ir bet koki\u0105 kit\u0105 informacij\u0105, kuri\u0105 galite pasirinkti pateikti.<\/p>\n\n\n\n<p>Kai registruojat\u0117s paskyroje, galime papra\u0161yti j\u016bs\u0173 kontaktin\u0117s informacijos, \u012fskaitant vard\u0105, pavard\u0119, \u012fmon\u0117s pavadinim\u0105, adres\u0105, el. pa\u0161to adres\u0105 ir telefono numer\u012f.<\/p>\n\n\n<h2 class=\"wp-block-heading\" id=\"comment-nous-utilisons-vos-informations\">Kaip naudojame j\u016bs\u0173 informacij\u0105<\/h2>\n\n\n<ul class=\"wp-block-list\">\n<li>M\u016bs\u0173 svetain\u0117s teikimas, veikimas ir prie\u017ei\u016bra.<\/li>\n\n\n\n<li>tobulinti, pritaikyti ir pl\u0117sti m\u016bs\u0173 svetain\u0119.<\/li>\n\n\n\n<li>suprasti ir analizuoti, kaip naudojat\u0117s m\u016bs\u0173 svetaine.<\/li>\n\n\n\n<li>kurti naujus produktus, paslaugas, funkcijas ir ypatybes<\/li>\n\n\n\n<li>bendrauti su jumis tiesiogiai arba per vien\u0105 i\u0161 m\u016bs\u0173 partneri\u0173, \u012fskaitant klient\u0173 aptarnavimo, atnaujinim\u0173 ir kitos su svetaine susijusios informacijos teikimo, rinkodaros ir reklamos tikslais.<\/li>\n\n\n\n<li>Jums siun\u010diami el. lai\u0161kai<\/li>\n\n\n\n<li>Suk\u010diavimo aptikimas ir prevencija<\/li>\n<\/ul>\n\n\n<h2 class=\"wp-block-heading\" id=\"log-files\">\u017durnalo failai<\/h2>\n\n\n<p>Fixolite.eu laikosi standartin\u0117s \u017eurnalo fail\u0173 naudojimo tvarkos. \u0160ie failai registruoja lankytojus, kai jie lankosi interneto svetain\u0117se. Tai daro visos prieglobos paslaugas teikian\u010dios \u012fmon\u0117s ir tai yra prieglobos paslaug\u0173 analiz\u0117s dalis. \u017durnalo failuose renkama informacija apima IP adresus, nar\u0161ykl\u0117s tip\u0105, interneto paslaug\u0173 teik\u0117j\u0105 (IPT), dat\u0105 ir laik\u0105, nukreipiamuosius \/ i\u0161einamuosius puslapius ir galb\u016bt paspaudim\u0173 skai\u010di\u0173. \u0160i informacija nesiejama su jokia asmen\u012f identifikuojan\u010dia informacija. Tikslas - analizuoti tendencijas, administruoti svetain\u0119, sekti naudotoj\u0173 jud\u0117jim\u0105 svetain\u0117je ir rinkti demografin\u0119 informacij\u0105.<\/p>\n\n\n<h2 class=\"wp-block-heading\" id=\"cookies-et-balises-web\">Slapukai ir \u017einiatinklio \u0161vyturiai<\/h2>\n\n\n<p>Kaip ir bet kuri kita svetain\u0117, Fixolite.eu naudoja slapukus. \u0160ie slapukai naudojami informacijai saugoti, \u012fskaitant lankytoj\u0173 pageidavimus ir tai, kuriuose svetain\u0117s puslapiuose lankytojas lank\u0117si. \u0160i informacija naudojama siekiant optimizuoti naudotojo patirt\u012f, pritaikant m\u016bs\u0173 svetain\u0117s turin\u012f pagal lankytoj\u0173 nar\u0161ykl\u0117s tip\u0105 ir (arba) kit\u0105 informacij\u0105.<\/p>\n\n\n<h2 class=\"wp-block-heading\" id=\"droits-de-confidentialite\">Privatumo teis\u0117s <\/h2>\n\n<h4 class=\"wp-block-heading\" id=\"ne-pas-vendre-mes-informations-personnelles\">(Nepardavin\u0117kite mano asmenin\u0117s informacijos)<\/h4>\n\n\n<p>Pagal BDAR ES gyventojai turi tam tikras teises, susijusias su j\u0173 asmens duomenimis. <\/p>\n\n\n<h2 class=\"wp-block-heading\" id=\"informations-de-contact\">Kontaktin\u0117 informacija<\/h2>\n\n\n<p>Jei turite klausim\u0173 ar pastab\u0173 d\u0117l m\u016bs\u0173 privatumo politikos, susisiekite su mumis \"Fixolite Usines\" el. pa\u0161to adresu arba telefono numeriu.<\/p>","protected":false},"excerpt":{"rendered":"<p>Date d&rsquo;effet: 01\/01\/2023 Chez Fixolite.eu, accessible \u00e0 partir de https:\/\/www.fixolite.eu, l&rsquo;une de nos principales priorit\u00e9s est la confidentialit\u00e9 de nos visiteurs. Cette Politique de Confidentialit\u00e9 documente les types d&rsquo;informations qui sont collect\u00e9es et enregistr\u00e9es par Fixolite.eu et comment nous les utilisons. Consentement En utilisant notre site web, vous consentez par la pr\u00e9sente \u00e0 notre Politique [&hellip;]<\/p>","protected":false},"author":1,"featured_media":2046,"parent":0,"menu_order":99,"comment_status":"closed","ping_status":"closed","template":"","meta":{"footnotes":""},"class_list":["post-2045","page","type-page","status-publish","has-post-thumbnail","hentry"],"yoast_head":"<!-- This site is optimized with the Yoast SEO Premium plugin v24.3 (Yoast SEO v24.9) - https:\/\/yoast.com\/wordpress\/plugins\/seo\/ -->\n<title>Politique de Confidentialit\u00e9 - FIXOLITE<\/title>\n<meta name=\"robots\" content=\"index, follow, max-snippet:-1, max-image-preview:large, max-video-preview:-1\" \/>\n<link rel=\"canonical\" href=\"http:\/\/fixolite.fr\/en\/privacy-policy\/\" \/>\n<meta property=\"og:locale\" content=\"lt_LT\" \/>\n<meta property=\"og:type\" content=\"article\" \/>\n<meta property=\"og:title\" content=\"Politique de Confidentialit\u00e9\" \/>\n<meta property=\"og:description\" content=\"Date d&rsquo;effet: 01\/01\/2023 Chez Fixolite.eu, accessible \u00e0 partir de https:\/\/www.fixolite.eu, l&rsquo;une de nos principales priorit\u00e9s est la confidentialit\u00e9 de nos visiteurs. Cette Politique de Confidentialit\u00e9 documente les types d&rsquo;informations qui sont collect\u00e9es et enregistr\u00e9es par Fixolite.eu et comment nous les utilisons. Consentement En utilisant notre site web, vous consentez par la pr\u00e9sente \u00e0 notre Politique [&hellip;]\" \/>\n<meta property=\"og:url\" content=\"http:\/\/fixolite.fr\/en\/privacy-policy\/\" \/>\n<meta property=\"og:site_name\" content=\"FIXOLITE\" \/>\n<meta property=\"article:modified_time\" content=\"2024-02-21T15:07:29+00:00\" \/>\n<meta property=\"og:image\" content=\"https:\/\/fixolite.fr\/wp-content\/uploads\/rgpd.jpg\" \/>\n\t<meta property=\"og:image:width\" content=\"1200\" \/>\n\t<meta property=\"og:image:height\" content=\"630\" \/>\n\t<meta property=\"og:image:type\" content=\"image\/jpeg\" \/>\n<meta name=\"twitter:card\" content=\"summary_large_image\" \/>\n<meta name=\"twitter:label1\" content=\"Est. reading time\" \/>\n\t<meta name=\"twitter:data1\" content=\"3 minut\u0117s\" \/>\n<script type=\"application\/ld+json\" class=\"yoast-schema-graph\">{\"@context\":\"https:\/\/schema.org\",\"@graph\":[{\"@type\":\"WebPage\",\"@id\":\"http:\/\/fixolite.fr\/en\/privacy-policy\/\",\"url\":\"http:\/\/fixolite.fr\/en\/privacy-policy\/\",\"name\":\"Politique de Confidentialit\u00e9 - FIXOLITE\",\"isPartOf\":{\"@id\":\"http:\/\/fixolite.fr\/en\/#website\"},\"primaryImageOfPage\":{\"@id\":\"http:\/\/fixolite.fr\/en\/privacy-policy\/#primaryimage\"},\"image\":{\"@id\":\"http:\/\/fixolite.fr\/en\/privacy-policy\/#primaryimage\"},\"thumbnailUrl\":\"https:\/\/fixolite.eu\/wp-content\/uploads\/rgpd.jpg\",\"datePublished\":\"2024-02-21T15:01:12+00:00\",\"dateModified\":\"2024-02-21T15:07:29+00:00\",\"breadcrumb\":{\"@id\":\"http:\/\/fixolite.fr\/en\/privacy-policy\/#breadcrumb\"},\"inLanguage\":\"lt-LT\",\"potentialAction\":[{\"@type\":\"ReadAction\",\"target\":[\"http:\/\/fixolite.fr\/en\/privacy-policy\/\"]}]},{\"@type\":\"ImageObject\",\"inLanguage\":\"lt-LT\",\"@id\":\"http:\/\/fixolite.fr\/en\/privacy-policy\/#primaryimage\",\"url\":\"https:\/\/fixolite.eu\/wp-content\/uploads\/rgpd.jpg\",\"contentUrl\":\"https:\/\/fixolite.eu\/wp-content\/uploads\/rgpd.jpg\",\"width\":1200,\"height\":630},{\"@type\":\"BreadcrumbList\",\"@id\":\"http:\/\/fixolite.fr\/en\/privacy-policy\/#breadcrumb\",\"itemListElement\":[{\"@type\":\"ListItem\",\"position\":1,\"name\":\"Accueil\",\"item\":\"http:\/\/fixolite.fr\/en\/\"},{\"@type\":\"ListItem\",\"position\":2,\"name\":\"Politique de Confidentialit\u00e9\"}]},{\"@type\":\"WebSite\",\"@id\":\"http:\/\/fixolite.fr\/en\/#website\",\"url\":\"http:\/\/fixolite.fr\/en\/\",\"name\":\"Fixolite\",\"description\":\"Le sp\u00e9cialiste des coffres tunnel pour volets roulants\/BSO et blocs de construction bois-ciment super isolants\",\"publisher\":{\"@id\":\"http:\/\/fixolite.fr\/en\/#organization\"},\"alternateName\":\"Coffres tunnel Fixolite\",\"potentialAction\":[{\"@type\":\"SearchAction\",\"target\":{\"@type\":\"EntryPoint\",\"urlTemplate\":\"http:\/\/fixolite.fr\/en\/?s={search_term_string}\"},\"query-input\":{\"@type\":\"PropertyValueSpecification\",\"valueRequired\":true,\"valueName\":\"search_term_string\"}}],\"inLanguage\":\"lt-LT\"},{\"@type\":\"Organization\",\"@id\":\"http:\/\/fixolite.fr\/en\/#organization\",\"name\":\"FIXOLITE\",\"alternateName\":\"Coffre tunnel Fixolite\",\"url\":\"http:\/\/fixolite.fr\/en\/\",\"logo\":{\"@type\":\"ImageObject\",\"inLanguage\":\"lt-LT\",\"@id\":\"http:\/\/fixolite.fr\/en\/#\/schema\/logo\/image\/\",\"url\":\"https:\/\/www.fixolite.eu\/wp-content\/uploads\/2023\/10\/fixolite-logo-vestorise.png\",\"contentUrl\":\"https:\/\/www.fixolite.eu\/wp-content\/uploads\/2023\/10\/fixolite-logo-vestorise.png\",\"width\":1446,\"height\":252,\"caption\":\"FIXOLITE\"},\"image\":{\"@id\":\"http:\/\/fixolite.fr\/en\/#\/schema\/logo\/image\/\"},\"description\":\"Grossiste en coffre tunnel pour volet roulant\",\"email\":\"info@fixolite.be\",\"telephone\":\"+32 71 25 87 90\",\"legalName\":\"FIXOLITE ISUNES S.A\",\"foundingDate\":\"1945-06-01\",\"vatID\":\"BE0401648294\",\"numberOfEmployees\":{\"@type\":\"QuantitativeValue\",\"minValue\":\"11\",\"maxValue\":\"50\"},\"publishingPrinciples\":\"http:\/\/fixolite.fr\/en\/privacy-policy\/\"}]}<\/script>\n<!-- \/ Yoast SEO Premium plugin. -->","yoast_head_json":{"title":"Politique de Confidentialit\u00e9 - FIXOLITE","robots":{"index":"index","follow":"follow","max-snippet":"max-snippet:-1","max-image-preview":"max-image-preview:large","max-video-preview":"max-video-preview:-1"},"canonical":"http:\/\/fixolite.fr\/en\/privacy-policy\/","og_locale":"lt_LT","og_type":"article","og_title":"Politique de Confidentialit\u00e9","og_description":"Date d&rsquo;effet: 01\/01\/2023 Chez Fixolite.eu, accessible \u00e0 partir de https:\/\/www.fixolite.eu, l&rsquo;une de nos principales priorit\u00e9s est la confidentialit\u00e9 de nos visiteurs. Cette Politique de Confidentialit\u00e9 documente les types d&rsquo;informations qui sont collect\u00e9es et enregistr\u00e9es par Fixolite.eu et comment nous les utilisons. Consentement En utilisant notre site web, vous consentez par la pr\u00e9sente \u00e0 notre Politique [&hellip;]","og_url":"http:\/\/fixolite.fr\/en\/privacy-policy\/","og_site_name":"FIXOLITE","article_modified_time":"2024-02-21T15:07:29+00:00","og_image":[{"width":1200,"height":630,"url":"https:\/\/fixolite.fr\/wp-content\/uploads\/rgpd.jpg","type":"image\/jpeg"}],"twitter_card":"summary_large_image","twitter_misc":{"Est. reading time":"3 minut\u0117s"},"schema":{"@context":"https:\/\/schema.org","@graph":[{"@type":"WebPage","@id":"http:\/\/fixolite.fr\/en\/privacy-policy\/","url":"http:\/\/fixolite.fr\/en\/privacy-policy\/","name":"Politique de Confidentialit\u00e9 - FIXOLITE","isPartOf":{"@id":"http:\/\/fixolite.fr\/en\/#website"},"primaryImageOfPage":{"@id":"http:\/\/fixolite.fr\/en\/privacy-policy\/#primaryimage"},"image":{"@id":"http:\/\/fixolite.fr\/en\/privacy-policy\/#primaryimage"},"thumbnailUrl":"https:\/\/fixolite.eu\/wp-content\/uploads\/rgpd.jpg","datePublished":"2024-02-21T15:01:12+00:00","dateModified":"2024-02-21T15:07:29+00:00","breadcrumb":{"@id":"http:\/\/fixolite.fr\/en\/privacy-policy\/#breadcrumb"},"inLanguage":"lt-LT","potentialAction":[{"@type":"ReadAction","target":["http:\/\/fixolite.fr\/en\/privacy-policy\/"]}]},{"@type":"ImageObject","inLanguage":"lt-LT","@id":"http:\/\/fixolite.fr\/en\/privacy-policy\/#primaryimage","url":"https:\/\/fixolite.eu\/wp-content\/uploads\/rgpd.jpg","contentUrl":"https:\/\/fixolite.eu\/wp-content\/uploads\/rgpd.jpg","width":1200,"height":630},{"@type":"BreadcrumbList","@id":"http:\/\/fixolite.fr\/en\/privacy-policy\/#breadcrumb","itemListElement":[{"@type":"ListItem","position":1,"name":"Accueil","item":"http:\/\/fixolite.fr\/en\/"},{"@type":"ListItem","position":2,"name":"Politique de Confidentialit\u00e9"}]},{"@type":"WebSite","@id":"http:\/\/fixolite.fr\/en\/#website","url":"http:\/\/fixolite.fr\/en\/","name":"Fixolite","description":"Le sp\u00e9cialiste des coffres tunnel pour volets roulants\/BSO et blocs de construction bois-ciment super isolants","publisher":{"@id":"http:\/\/fixolite.fr\/en\/#organization"},"alternateName":"Coffres tunnel Fixolite","potentialAction":[{"@type":"SearchAction","target":{"@type":"EntryPoint","urlTemplate":"http:\/\/fixolite.fr\/en\/?s={search_term_string}"},"query-input":{"@type":"PropertyValueSpecification","valueRequired":true,"valueName":"search_term_string"}}],"inLanguage":"lt-LT"},{"@type":"Organization","@id":"http:\/\/fixolite.fr\/en\/#organization","name":"FIXOLITE","alternateName":"Coffre tunnel Fixolite","url":"http:\/\/fixolite.fr\/en\/","logo":{"@type":"ImageObject","inLanguage":"lt-LT","@id":"http:\/\/fixolite.fr\/en\/#\/schema\/logo\/image\/","url":"https:\/\/www.fixolite.eu\/wp-content\/uploads\/2023\/10\/fixolite-logo-vestorise.png","contentUrl":"https:\/\/www.fixolite.eu\/wp-content\/uploads\/2023\/10\/fixolite-logo-vestorise.png","width":1446,"height":252,"caption":"FIXOLITE"},"image":{"@id":"http:\/\/fixolite.fr\/en\/#\/schema\/logo\/image\/"},"description":"Grossiste en coffre tunnel pour volet roulant","email":"info@fixolite.be","telephone":"+32 71 25 87 90","legalName":"FIXOLITE ISUNES S.A","foundingDate":"1945-06-01","vatID":"BE0401648294","numberOfEmployees":{"@type":"QuantitativeValue","minValue":"11","maxValue":"50"},"publishingPrinciples":"http:\/\/fixolite.fr\/en\/privacy-policy\/"}]}},"_links":{"self":[{"href":"https:\/\/fixolite.eu\/lt\/wp-json\/wp\/v2\/pages\/2045","targetHints":{"allow":["GET"]}}],"collection":[{"href":"https:\/\/fixolite.eu\/lt\/wp-json\/wp\/v2\/pages"}],"about":[{"href":"https:\/\/fixolite.eu\/lt\/wp-json\/wp\/v2\/types\/page"}],"author":[{"embeddable":true,"href":"https:\/\/fixolite.eu\/lt\/wp-json\/wp\/v2\/users\/1"}],"replies":[{"embeddable":true,"href":"https:\/\/fixolite.eu\/lt\/wp-json\/wp\/v2\/comments?post=2045"}],"version-history":[{"count":1,"href":"https:\/\/fixolite.eu\/lt\/wp-json\/wp\/v2\/pages\/2045\/revisions"}],"predecessor-version":[{"id":2047,"href":"https:\/\/fixolite.eu\/lt\/wp-json\/wp\/v2\/pages\/2045\/revisions\/2047"}],"wp:featuredmedia":[{"embeddable":true,"href":"https:\/\/fixolite.eu\/lt\/wp-json\/wp\/v2\/media\/2046"}],"wp:attachment":[{"href":"https:\/\/fixolite.eu\/lt\/wp-json\/wp\/v2\/media?parent=2045"}],"curies":[{"name":"wp","href":"https:\/\/api.w.org\/{rel}","templated":true}]}}