{"id":2463,"date":"2025-01-22T10:02:27","date_gmt":"2025-01-22T09:02:27","guid":{"rendered":"https:\/\/www.fixolite.eu\/?page_id=2463"},"modified":"2026-02-04T14:59:17","modified_gmt":"2026-02-04T13:59:17","slug":"fixolite-blocs-classiques","status":"publish","type":"page","link":"https:\/\/fixolite.eu\/it\/blocchi-di-costruzione\/blocchi-classici-di-fixolite\/","title":{"rendered":"Fixolite - Classici"},"content":{"rendered":"<figure class=\"wp-block-image alignwide size-large\"><img data-dominant-color=\"9e9f9f\" data-has-transparency=\"false\" style=\"--dominant-color: #9e9f9f;\" loading=\"lazy\" decoding=\"async\" width=\"1024\" height=\"576\" src=\"https:\/\/www.fixolite.eu\/wp-content\/uploads\/fixolite-bloc-CL-mur-chantier-1024x576.png\" alt=\"\" class=\"wp-image-2498 not-transparent\" srcset=\"https:\/\/fixolite.eu\/wp-content\/uploads\/fixolite-bloc-CL-mur-chantier-1024x576.png 1024w, https:\/\/fixolite.eu\/wp-content\/uploads\/fixolite-bloc-CL-mur-chantier-300x169.png 300w, https:\/\/fixolite.eu\/wp-content\/uploads\/fixolite-bloc-CL-mur-chantier-768x432.png 768w, https:\/\/fixolite.eu\/wp-content\/uploads\/fixolite-bloc-CL-mur-chantier-18x10.png 18w, https:\/\/fixolite.eu\/wp-content\/uploads\/fixolite-bloc-CL-mur-chantier.png 1472w\" sizes=\"auto, (max-width: 1024px) 100vw, 1024px\" \/><\/figure>\n\n\n<h3 class=\"wp-block-heading\" id=\"h-la-performance-au-service-de-l-eco-construction\">Prestazioni per l'eco-costruzione<\/h3>\n\n\n<ul class=\"wp-block-list\">\n<li>Comfort acustico e termico incomparabile <\/li>\n\n\n\n<li>Costruzione pi\u00f9 rapida <\/li>\n\n\n\n<li>Pi\u00f9 economico, ma anche pi\u00f9 sano e rispettoso dell'ambiente<\/li>\n\n\n\n<li>Respirazione attiva per le costruzioni (blocchi CL)<\/li>\n\n\n\n<li>Cantieri silenziosi, niente acqua, niente rifiuti e niente perdite<\/li>\n\n\n\n<li>Costruzione senza malta o manodopera specializzata<\/li>\n<\/ul>\n\n\n\n<div class=\"wp-block-buttons is-layout-flex wp-block-buttons-is-layout-flex\">\n<div class=\"wp-block-button is-style-outline is-style-outline--1\"><a class=\"wp-block-button__link wp-element-button\" href=\"https:\/\/fixolite.eu\/it\/blocchi-di-costruzione\/#avantages\">I vantaggi di Fixolite \u2192 blocco legno-cemento<\/a><\/div>\n<\/div>\n\n\n<h3 class=\"wp-block-heading\" id=\"h-nomenclature\">Nomenclatura<\/h3>\n\n\n<p>I blocchi Fixolite CL si riferiscono allo spessore secondo la seguente nomenclatura:<\/p>\n\n\n\n<figure class=\"wp-block-image size-full\"><img data-dominant-color=\"ecd6d6\" data-has-transparency=\"false\" style=\"--dominant-color: #ecd6d6;\" loading=\"lazy\" decoding=\"async\" width=\"856\" height=\"273\" src=\"https:\/\/www.fixolite.eu\/wp-content\/uploads\/fixolite-blocs-CL-nomenclatrure.png\" alt=\"\" class=\"wp-image-2488 not-transparent\" srcset=\"https:\/\/fixolite.eu\/wp-content\/uploads\/fixolite-blocs-CL-nomenclatrure.png 856w, https:\/\/fixolite.eu\/wp-content\/uploads\/fixolite-blocs-CL-nomenclatrure-300x96.png 300w, https:\/\/fixolite.eu\/wp-content\/uploads\/fixolite-blocs-CL-nomenclatrure-768x245.png 768w, https:\/\/fixolite.eu\/wp-content\/uploads\/fixolite-blocs-CL-nomenclatrure-18x6.png 18w\" sizes=\"auto, (max-width: 856px) 100vw, 856px\" \/><figcaption class=\"wp-element-caption\">La nomenclatura \u00e8 blocchi Fixolite CL<\/figcaption><\/figure>\n\n\n<h2 class=\"wp-block-heading\" id=\"h-gamme-des-blocs-a-bancher-fixolite\">Gamma di blocchi per casseforme Fixolite<\/h2>\n\n<h3 class=\"wp-block-heading\" id=\"h-5-epaisseurs\">5 strati<\/h3>\n\n\n<figure class=\"wp-block-image alignwide size-full\"><img data-dominant-color=\"e1ddd7\" data-has-transparency=\"false\" style=\"--dominant-color: #e1ddd7;\" decoding=\"async\" src=\"https:\/\/www.fixolite.eu\/wp-content\/uploads\/B_CL.png\" alt=\"\" class=\"wp-image-2465 not-transparent\"\/><\/figure>\n\n\n\n<p>I blocchi 30 e 36 sono isolati internamente con polistirolo.<\/p>\n\n\n\n<figure class=\"wp-block-table alignwide is-style-stripes\" id=\"B-techform-table\"><table><thead><tr><th>Riferimento<\/th><th>Spessore<br>cm<\/th><th>Calcestruzzo<br>cm<\/th><th>Isolamento<br>cm<\/th><th>Volume<br>cemento armato<br>cm\u00b3\/m<\/th><th>Caricamento<br>m\u00b2\/autocarro<\/th><th>CPU<br><strong>W\/m\u00b2.K<\/strong><\/th><th>R<br><strong>m\u00b2.K\/W<\/strong><\/th><th>Acustica<br>dB<\/th><\/tr><\/thead><tbody><tr><td><a href=\"https:\/\/doc.fixolite.eu\/B_CL15_8\" target=\"_blank\" rel=\"noreferrer noopener\">B-CL 15\/8<\/a><\/td><td>15.00<\/td><td>8.00<\/td><td>0.00<\/td><td>63<\/td><td>416<\/td><td>0.99<\/td><td>1.01<\/td><td>48<\/td><\/tr><tr><td><a href=\"https:\/\/doc.fixolite.eu\/B_CL20_14\" target=\"_blank\" rel=\"noreferrer noopener\">B-CL 20\/14<\/a><\/td><td>20.00<\/td><td>14.00<\/td><td>0.00<\/td><td>98<\/td><td>312<\/td><td>0.92<\/td><td>1.09<\/td><td>53<\/td><\/tr><tr><td><a href=\"https:\/\/doc.fixolite.eu\/B_CL25_18\" target=\"_blank\" rel=\"noreferrer noopener\">B-CL 25\/18<\/a><\/td><td>25.00<\/td><td>18.00<\/td><td>0.00<\/td><td>130<\/td><td>260<\/td><td>0.80<\/td><td>1.25<\/td><td>54<\/td><\/tr><tr><td><a href=\"https:\/\/doc.fixolite.eu\/B_CL30_12_10\" target=\"_blank\" rel=\"noreferrer noopener\">B-CL 30\/12+10<\/a><\/td><td>30.00<\/td><td>12.00<\/td><td>10.00<\/td><td>92<\/td><td>208<\/td><td>0.37<\/td><td>2.70<\/td><td>50<\/td><\/tr><tr><td><a href=\"https:\/\/doc.fixolite.eu\/B_CL30_22\" target=\"_blank\" rel=\"noreferrer noopener\">B-CL 30\/22<\/a><\/td><td>30.00<\/td><td>22.00<\/td><td>0.00<\/td><td>150<\/td><td>208<\/td><td>0.66<\/td><td>1.52<\/td><td>58<\/td><\/tr><tr><td><a href=\"https:\/\/doc.fixolite.eu\/B_CL36_12_16\" target=\"_blank\" rel=\"noreferrer noopener\">B-CL 36\/12+16<\/a><\/td><td>36.00<\/td><td>12.00<\/td><td>16.00<\/td><td>95<\/td><td>182<\/td><td>0.21<\/td><td>4.74<\/td><td>50<\/td><\/tr><tr><td><a href=\"https:\/\/doc.fixolite.eu\/B_CL36_14_14\" target=\"_blank\" rel=\"noreferrer noopener\">B-CL 36\/14+14<\/a><\/td><td>36.00<\/td><td>14.00<\/td><td>14.00<\/td><td>110<\/td><td>182<\/td><td>0.23<\/td><td>4.31<\/td><td>51<\/td><\/tr><tr><td><a href=\"https:\/\/doc.fixolite.eu\/B_CL36_16_12\" target=\"_blank\" rel=\"noreferrer noopener\">B-CL 36\/16+12<\/a><\/td><td>36.00<\/td><td>16.00<\/td><td>12.00<\/td><td>127<\/td><td>182<\/td><td>0.25<\/td><td>3.94<\/td><td>52<br><\/td><\/tr><\/tbody><\/table><\/figure>\n\n\n<h3 class=\"wp-block-heading\" id=\"h-blocs-speciaux\">Blocchi speciali<\/h3>\n\n\n<p>Sono disponibili blocchi speciali per dimensioni diverse:<\/p>\n\n\n\n<ul class=\"wp-block-list\">\n<li><strong>DUO <\/strong>D\" per la realizzazione di mezzi blocchi (e angoli per blocchi da 30 cm)<\/li>\n\n\n\n<li><strong>PASSO<\/strong> .P\" per ritorni d'angolo (blocco di regolazione)<\/li>\n\n\n\n<li><strong>ANGOLO<\/strong> A\" per gli angoli<\/li>\n<\/ul>\n\n\n<h4 class=\"wp-block-heading\" id=\"h-blocs-de-25-cm\">Blocchi da 25 cm<\/h4>\n\n\n<figure class=\"wp-block-image size-large is-resized\"><img data-dominant-color=\"e0dbd5\" data-has-transparency=\"false\" loading=\"lazy\" decoding=\"async\" width=\"1024\" height=\"277\" src=\"https:\/\/www.fixolite.eu\/wp-content\/uploads\/B_CL_25_18_dimension-1024x277.png\" alt=\"\" class=\"wp-image-2470 not-transparent\" style=\"--dominant-color: #e0dbd5; width:auto;height:150px\" srcset=\"https:\/\/fixolite.eu\/wp-content\/uploads\/B_CL_25_18_dimension-1024x277.png 1024w, https:\/\/fixolite.eu\/wp-content\/uploads\/B_CL_25_18_dimension-300x81.png 300w, https:\/\/fixolite.eu\/wp-content\/uploads\/B_CL_25_18_dimension-768x208.png 768w, https:\/\/fixolite.eu\/wp-content\/uploads\/B_CL_25_18_dimension-18x5.png 18w, https:\/\/fixolite.eu\/wp-content\/uploads\/B_CL_25_18_dimension.png 1158w\" sizes=\"auto, (max-width: 1024px) 100vw, 1024px\" \/><\/figure>\n\n\n<h4 class=\"wp-block-heading\" id=\"h-blocs-de-30-cm\">Blocchi da 30 cm<\/h4>\n\n\n<figure class=\"wp-block-image size-large\"><img data-dominant-color=\"d7d2cb\" data-has-transparency=\"false\" style=\"--dominant-color: #d7d2cb;\" loading=\"lazy\" decoding=\"async\" width=\"1024\" height=\"384\" src=\"https:\/\/www.fixolite.eu\/wp-content\/uploads\/B_CL_30-1024x384.png\" alt=\"\" class=\"wp-image-2473 not-transparent\" srcset=\"https:\/\/fixolite.eu\/wp-content\/uploads\/B_CL_30-1024x384.png 1024w, https:\/\/fixolite.eu\/wp-content\/uploads\/B_CL_30-300x113.png 300w, https:\/\/fixolite.eu\/wp-content\/uploads\/B_CL_30-768x288.png 768w, https:\/\/fixolite.eu\/wp-content\/uploads\/B_CL_30-1536x576.png 1536w, https:\/\/fixolite.eu\/wp-content\/uploads\/B_CL_30-18x7.png 18w, https:\/\/fixolite.eu\/wp-content\/uploads\/B_CL_30.png 1554w\" sizes=\"auto, (max-width: 1024px) 100vw, 1024px\" \/><\/figure>\n\n\n<h4 class=\"wp-block-heading\" id=\"h-blocs-de-36-cm\">Blocchi da 36 cm<\/h4>\n\n\n<figure class=\"wp-block-image size-large\"><img data-dominant-color=\"dcd8d2\" data-has-transparency=\"false\" style=\"--dominant-color: #dcd8d2;\" loading=\"lazy\" decoding=\"async\" width=\"1024\" height=\"511\" src=\"https:\/\/www.fixolite.eu\/wp-content\/uploads\/B_CL_36-1024x511.png\" alt=\"\" class=\"wp-image-2474 not-transparent\" srcset=\"https:\/\/fixolite.eu\/wp-content\/uploads\/B_CL_36-1024x511.png 1024w, https:\/\/fixolite.eu\/wp-content\/uploads\/B_CL_36-300x150.png 300w, https:\/\/fixolite.eu\/wp-content\/uploads\/B_CL_36-768x383.png 768w, https:\/\/fixolite.eu\/wp-content\/uploads\/B_CL_36-1536x766.png 1536w, https:\/\/fixolite.eu\/wp-content\/uploads\/B_CL_36.png 2048w, https:\/\/fixolite.eu\/wp-content\/uploads\/B_CL_36-18x9.png 18w\" sizes=\"auto, (max-width: 1024px) 100vw, 1024px\" \/><\/figure>","protected":false},"excerpt":{"rendered":"<p>La performance au service de l&rsquo;\u00e9co-construction Nomenclature Les blocs \u00e0 bancher Fixolite CL sont r\u00e9f\u00e9renc\u00e9s par leur \u00e9paisseur selon la nomenclature suivante : Gamme des blocs \u00e0 bancher Fixolite 5 \u00e9paisseurs Les blocs de 30 et 36 accueillent une isolation en polystyr\u00e8ne en interne R\u00e9f\u00e9rence Epaisseurcm B\u00e9toncm Isolantcm Volumeb\u00e9toncm\u00b3\/m\u00b2 Chargementm\u00b2\/camion UCW\/m\u00b2.K Rm\u00b2.K\/W AcoustiquedB B-CL 15\/8 [&hellip;]<\/p>","protected":false},"author":1,"featured_media":2476,"parent":723,"menu_order":1,"comment_status":"closed","ping_status":"closed","template":"","meta":{"footnotes":""},"class_list":["post-2463","page","type-page","status-publish","has-post-thumbnail","hentry"],"yoast_head":"<!-- This site is optimized with the Yoast SEO Premium plugin v24.3 (Yoast SEO v24.9) - https:\/\/yoast.com\/wordpress\/plugins\/seo\/ -->\n<title>Fixolite \u2022 Classiques - FIXOLITE<\/title>\n<meta name=\"robots\" content=\"index, follow, max-snippet:-1, max-image-preview:large, max-video-preview:-1\" \/>\n<link rel=\"canonical\" href=\"http:\/\/fixolite.eu\/it\/building-blocks\/fixolite-classic-blocks\/\" \/>\n<meta property=\"og:locale\" content=\"it_IT\" \/>\n<meta property=\"og:type\" content=\"article\" \/>\n<meta property=\"og:title\" content=\"Fixolite \u2022 Classiques\" \/>\n<meta property=\"og:description\" content=\"La performance au service de l&rsquo;\u00e9co-construction Nomenclature Les blocs \u00e0 bancher Fixolite CL sont r\u00e9f\u00e9renc\u00e9s par leur \u00e9paisseur selon la nomenclature suivante : Gamme des blocs \u00e0 bancher Fixolite 5 \u00e9paisseurs Les blocs de 30 et 36 accueillent une isolation en polystyr\u00e8ne en interne R\u00e9f\u00e9rence Epaisseurcm B\u00e9toncm Isolantcm Volumeb\u00e9toncm\u00b3\/m\u00b2 Chargementm\u00b2\/camion UCW\/m\u00b2.K Rm\u00b2.K\/W AcoustiquedB B-CL 15\/8 [&hellip;]\" \/>\n<meta property=\"og:url\" content=\"http:\/\/fixolite.eu\/it\/building-blocks\/fixolite-classic-blocks\/\" \/>\n<meta property=\"og:site_name\" content=\"FIXOLITE\" \/>\n<meta property=\"article:modified_time\" content=\"2026-02-04T13:59:17+00:00\" \/>\n<meta property=\"og:image\" content=\"https:\/\/fixolite.eu\/wp-content\/uploads\/IMG_3239.avif\" \/>\n\t<meta property=\"og:image:width\" content=\"1600\" \/>\n\t<meta property=\"og:image:height\" content=\"1200\" \/>\n\t<meta property=\"og:image:type\" content=\"image\/jpeg\" \/>\n<meta name=\"twitter:card\" content=\"summary_large_image\" \/>\n<meta name=\"twitter:label1\" content=\"Tempo di lettura stimato\" \/>\n\t<meta name=\"twitter:data1\" content=\"3 minuti\" \/>\n<script type=\"application\/ld+json\" class=\"yoast-schema-graph\">{\"@context\":\"https:\/\/schema.org\",\"@graph\":[{\"@type\":\"WebPage\",\"@id\":\"http:\/\/fixolite.eu\/en\/building-blocks\/fixolite-classic-blocks\/\",\"url\":\"http:\/\/fixolite.eu\/en\/building-blocks\/fixolite-classic-blocks\/\",\"name\":\"Fixolite \u2022 Classiques - FIXOLITE\",\"isPartOf\":{\"@id\":\"http:\/\/fixolite.fr\/en\/#website\"},\"primaryImageOfPage\":{\"@id\":\"http:\/\/fixolite.eu\/en\/building-blocks\/fixolite-classic-blocks\/#primaryimage\"},\"image\":{\"@id\":\"http:\/\/fixolite.eu\/en\/building-blocks\/fixolite-classic-blocks\/#primaryimage\"},\"thumbnailUrl\":\"https:\/\/fixolite.eu\/wp-content\/uploads\/IMG_3239.avif\",\"datePublished\":\"2025-01-22T09:02:27+00:00\",\"dateModified\":\"2026-02-04T13:59:17+00:00\",\"breadcrumb\":{\"@id\":\"http:\/\/fixolite.eu\/en\/building-blocks\/fixolite-classic-blocks\/#breadcrumb\"},\"inLanguage\":\"it-IT\",\"potentialAction\":[{\"@type\":\"ReadAction\",\"target\":[\"http:\/\/fixolite.eu\/en\/building-blocks\/fixolite-classic-blocks\/\"]}]},{\"@type\":\"ImageObject\",\"inLanguage\":\"it-IT\",\"@id\":\"http:\/\/fixolite.eu\/en\/building-blocks\/fixolite-classic-blocks\/#primaryimage\",\"url\":\"https:\/\/fixolite.eu\/wp-content\/uploads\/IMG_3239.avif\",\"contentUrl\":\"https:\/\/fixolite.eu\/wp-content\/uploads\/IMG_3239.avif\",\"width\":1600,\"height\":1200},{\"@type\":\"BreadcrumbList\",\"@id\":\"http:\/\/fixolite.eu\/en\/building-blocks\/fixolite-classic-blocks\/#breadcrumb\",\"itemListElement\":[{\"@type\":\"ListItem\",\"position\":1,\"name\":\"Accueil\",\"item\":\"http:\/\/fixolite.fr\/en\/\"},{\"@type\":\"ListItem\",\"position\":2,\"name\":\"Blocs de construction\",\"item\":\"https:\/\/www.isobloc.eu\/en\/building-blocks\/\"},{\"@type\":\"ListItem\",\"position\":3,\"name\":\"Fixolite \u2022 Classiques\"}]},{\"@type\":\"WebSite\",\"@id\":\"http:\/\/fixolite.fr\/en\/#website\",\"url\":\"http:\/\/fixolite.fr\/en\/\",\"name\":\"Fixolite\",\"description\":\"Le sp\u00e9cialiste des coffres tunnel pour volets roulants\/BSO et blocs de construction bois-ciment super isolants\",\"publisher\":{\"@id\":\"http:\/\/fixolite.fr\/en\/#organization\"},\"alternateName\":\"Coffres tunnel Fixolite\",\"potentialAction\":[{\"@type\":\"SearchAction\",\"target\":{\"@type\":\"EntryPoint\",\"urlTemplate\":\"http:\/\/fixolite.fr\/en\/?s={search_term_string}\"},\"query-input\":{\"@type\":\"PropertyValueSpecification\",\"valueRequired\":true,\"valueName\":\"search_term_string\"}}],\"inLanguage\":\"it-IT\"},{\"@type\":\"Organization\",\"@id\":\"http:\/\/fixolite.fr\/en\/#organization\",\"name\":\"FIXOLITE\",\"alternateName\":\"Coffre tunnel Fixolite\",\"url\":\"http:\/\/fixolite.fr\/en\/\",\"logo\":{\"@type\":\"ImageObject\",\"inLanguage\":\"it-IT\",\"@id\":\"http:\/\/fixolite.fr\/en\/#\/schema\/logo\/image\/\",\"url\":\"https:\/\/www.fixolite.eu\/wp-content\/uploads\/2023\/10\/fixolite-logo-vestorise.png\",\"contentUrl\":\"https:\/\/www.fixolite.eu\/wp-content\/uploads\/2023\/10\/fixolite-logo-vestorise.png\",\"width\":1446,\"height\":252,\"caption\":\"FIXOLITE\"},\"image\":{\"@id\":\"http:\/\/fixolite.fr\/en\/#\/schema\/logo\/image\/\"},\"description\":\"Grossiste en coffre tunnel pour volet roulant\",\"email\":\"info@fixolite.be\",\"telephone\":\"+32 71 25 87 90\",\"legalName\":\"FIXOLITE ISUNES S.A\",\"foundingDate\":\"1945-06-01\",\"vatID\":\"BE0401648294\",\"numberOfEmployees\":{\"@type\":\"QuantitativeValue\",\"minValue\":\"11\",\"maxValue\":\"50\"},\"publishingPrinciples\":\"http:\/\/fixolite.fr\/en\/privacy-policy\/\"}]}<\/script>\n<!-- \/ Yoast SEO Premium plugin. -->","yoast_head_json":{"title":"Fixolite \u2022 Classiques - FIXOLITE","robots":{"index":"index","follow":"follow","max-snippet":"max-snippet:-1","max-image-preview":"max-image-preview:large","max-video-preview":"max-video-preview:-1"},"canonical":"http:\/\/fixolite.eu\/it\/building-blocks\/fixolite-classic-blocks\/","og_locale":"it_IT","og_type":"article","og_title":"Fixolite \u2022 Classiques","og_description":"La performance au service de l&rsquo;\u00e9co-construction Nomenclature Les blocs \u00e0 bancher Fixolite CL sont r\u00e9f\u00e9renc\u00e9s par leur \u00e9paisseur selon la nomenclature suivante : Gamme des blocs \u00e0 bancher Fixolite 5 \u00e9paisseurs Les blocs de 30 et 36 accueillent une isolation en polystyr\u00e8ne en interne R\u00e9f\u00e9rence Epaisseurcm B\u00e9toncm Isolantcm Volumeb\u00e9toncm\u00b3\/m\u00b2 Chargementm\u00b2\/camion UCW\/m\u00b2.K Rm\u00b2.K\/W AcoustiquedB B-CL 15\/8 [&hellip;]","og_url":"http:\/\/fixolite.eu\/it\/building-blocks\/fixolite-classic-blocks\/","og_site_name":"FIXOLITE","article_modified_time":"2026-02-04T13:59:17+00:00","og_image":[{"width":1600,"height":1200,"url":"https:\/\/fixolite.eu\/wp-content\/uploads\/IMG_3239.avif","type":"image\/jpeg"}],"twitter_card":"summary_large_image","twitter_misc":{"Tempo di lettura stimato":"3 minuti"},"schema":{"@context":"https:\/\/schema.org","@graph":[{"@type":"WebPage","@id":"http:\/\/fixolite.eu\/en\/building-blocks\/fixolite-classic-blocks\/","url":"http:\/\/fixolite.eu\/en\/building-blocks\/fixolite-classic-blocks\/","name":"Fixolite \u2022 Classiques - FIXOLITE","isPartOf":{"@id":"http:\/\/fixolite.fr\/en\/#website"},"primaryImageOfPage":{"@id":"http:\/\/fixolite.eu\/en\/building-blocks\/fixolite-classic-blocks\/#primaryimage"},"image":{"@id":"http:\/\/fixolite.eu\/en\/building-blocks\/fixolite-classic-blocks\/#primaryimage"},"thumbnailUrl":"https:\/\/fixolite.eu\/wp-content\/uploads\/IMG_3239.avif","datePublished":"2025-01-22T09:02:27+00:00","dateModified":"2026-02-04T13:59:17+00:00","breadcrumb":{"@id":"http:\/\/fixolite.eu\/en\/building-blocks\/fixolite-classic-blocks\/#breadcrumb"},"inLanguage":"it-IT","potentialAction":[{"@type":"ReadAction","target":["http:\/\/fixolite.eu\/en\/building-blocks\/fixolite-classic-blocks\/"]}]},{"@type":"ImageObject","inLanguage":"it-IT","@id":"http:\/\/fixolite.eu\/en\/building-blocks\/fixolite-classic-blocks\/#primaryimage","url":"https:\/\/fixolite.eu\/wp-content\/uploads\/IMG_3239.avif","contentUrl":"https:\/\/fixolite.eu\/wp-content\/uploads\/IMG_3239.avif","width":1600,"height":1200},{"@type":"BreadcrumbList","@id":"http:\/\/fixolite.eu\/en\/building-blocks\/fixolite-classic-blocks\/#breadcrumb","itemListElement":[{"@type":"ListItem","position":1,"name":"Accueil","item":"http:\/\/fixolite.fr\/en\/"},{"@type":"ListItem","position":2,"name":"Blocs de construction","item":"https:\/\/www.isobloc.eu\/en\/building-blocks\/"},{"@type":"ListItem","position":3,"name":"Fixolite \u2022 Classiques"}]},{"@type":"WebSite","@id":"http:\/\/fixolite.fr\/en\/#website","url":"http:\/\/fixolite.fr\/en\/","name":"Fixolite","description":"Le sp\u00e9cialiste des coffres tunnel pour volets roulants\/BSO et blocs de construction bois-ciment super isolants","publisher":{"@id":"http:\/\/fixolite.fr\/en\/#organization"},"alternateName":"Coffres tunnel Fixolite","potentialAction":[{"@type":"SearchAction","target":{"@type":"EntryPoint","urlTemplate":"http:\/\/fixolite.fr\/en\/?s={search_term_string}"},"query-input":{"@type":"PropertyValueSpecification","valueRequired":true,"valueName":"search_term_string"}}],"inLanguage":"it-IT"},{"@type":"Organization","@id":"http:\/\/fixolite.fr\/en\/#organization","name":"FIXOLITE","alternateName":"Coffre tunnel Fixolite","url":"http:\/\/fixolite.fr\/en\/","logo":{"@type":"ImageObject","inLanguage":"it-IT","@id":"http:\/\/fixolite.fr\/en\/#\/schema\/logo\/image\/","url":"https:\/\/www.fixolite.eu\/wp-content\/uploads\/2023\/10\/fixolite-logo-vestorise.png","contentUrl":"https:\/\/www.fixolite.eu\/wp-content\/uploads\/2023\/10\/fixolite-logo-vestorise.png","width":1446,"height":252,"caption":"FIXOLITE"},"image":{"@id":"http:\/\/fixolite.fr\/en\/#\/schema\/logo\/image\/"},"description":"Grossiste en coffre tunnel pour volet roulant","email":"info@fixolite.be","telephone":"+32 71 25 87 90","legalName":"FIXOLITE ISUNES S.A","foundingDate":"1945-06-01","vatID":"BE0401648294","numberOfEmployees":{"@type":"QuantitativeValue","minValue":"11","maxValue":"50"},"publishingPrinciples":"http:\/\/fixolite.fr\/en\/privacy-policy\/"}]}},"_links":{"self":[{"href":"https:\/\/fixolite.eu\/it\/wp-json\/wp\/v2\/pages\/2463","targetHints":{"allow":["GET"]}}],"collection":[{"href":"https:\/\/fixolite.eu\/it\/wp-json\/wp\/v2\/pages"}],"about":[{"href":"https:\/\/fixolite.eu\/it\/wp-json\/wp\/v2\/types\/page"}],"author":[{"embeddable":true,"href":"https:\/\/fixolite.eu\/it\/wp-json\/wp\/v2\/users\/1"}],"replies":[{"embeddable":true,"href":"https:\/\/fixolite.eu\/it\/wp-json\/wp\/v2\/comments?post=2463"}],"version-history":[{"count":15,"href":"https:\/\/fixolite.eu\/it\/wp-json\/wp\/v2\/pages\/2463\/revisions"}],"predecessor-version":[{"id":2693,"href":"https:\/\/fixolite.eu\/it\/wp-json\/wp\/v2\/pages\/2463\/revisions\/2693"}],"up":[{"embeddable":true,"href":"https:\/\/fixolite.eu\/it\/wp-json\/wp\/v2\/pages\/723"}],"wp:featuredmedia":[{"embeddable":true,"href":"https:\/\/fixolite.eu\/it\/wp-json\/wp\/v2\/media\/2476"}],"wp:attachment":[{"href":"https:\/\/fixolite.eu\/it\/wp-json\/wp\/v2\/media?parent=2463"}],"curies":[{"name":"wp","href":"https:\/\/api.w.org\/{rel}","templated":true}]}}