{"id":2045,"date":"2024-02-21T16:01:12","date_gmt":"2024-02-21T15:01:12","guid":{"rendered":"https:\/\/www.fixolite.eu\/?page_id=2045"},"modified":"2024-02-21T16:07:29","modified_gmt":"2024-02-21T15:07:29","slug":"politique-de-confidentialite","status":"publish","type":"page","link":"https:\/\/fixolite.eu\/it\/informativa-sulla-privacy\/","title":{"rendered":"Informativa sulla privacy"},"content":{"rendered":"<p>Data di entrata in vigore: 01\/01\/2023<\/p>\n\n\n\n<p>In Fixolite.eu, accessibile da https:\/\/www.fixolite.eu, una delle nostre principali priorit\u00e0 \u00e8 la privacy dei nostri visitatori. La presente Informativa sulla privacy documenta i tipi di informazioni raccolte e memorizzate da Fixolite.eu e il modo in cui le utilizziamo.<\/p>\n\n\n<h2 class=\"wp-block-heading\" id=\"consentement\">Consenso<\/h2>\n\n\n<p>Utilizzando il nostro sito web, l'utente acconsente alla nostra Informativa sulla privacy e ne accetta i termini.<\/p>\n\n\n\n<p><\/p>\n\n\n<h2 class=\"wp-block-heading\" id=\"informations-que-nous-collectons\">Informazioni raccolte<\/h2>\n\n\n<p>I dati personali che vi vengono richiesti e le ragioni per cui vi vengono richiesti vi saranno specificati nel momento in cui vi chiediamo di fornire i vostri dati personali.<\/p>\n\n\n\n<p>Se ci contattate direttamente, potremmo ricevere ulteriori informazioni su di voi, come il vostro nome, l'indirizzo e-mail, il numero di telefono, il contenuto di qualsiasi messaggio e\/o allegato che ci inviate e qualsiasi altra informazione che decidiate di fornirci.<\/p>\n\n\n\n<p>Quando l'utente si registra per un Account, potremmo richiedere le sue informazioni di contatto, tra cui nome, ragione sociale, indirizzo, indirizzo e-mail e numero di telefono.<\/p>\n\n\n<h2 class=\"wp-block-heading\" id=\"comment-nous-utilisons-vos-informations\">Come utilizziamo le vostre informazioni<\/h2>\n\n\n<ul class=\"wp-block-list\">\n<li>Fornitura, gestione e manutenzione del nostro sito web<\/li>\n\n\n\n<li>Migliorare, personalizzare e ampliare il nostro sito web<\/li>\n\n\n\n<li>Capire e analizzare il modo in cui l'utente utilizza il nostro sito web<\/li>\n\n\n\n<li>Sviluppare nuovi prodotti, servizi, funzioni e caratteristiche<\/li>\n\n\n\n<li>Per comunicare con voi, direttamente o tramite uno dei nostri partner, anche per il servizio clienti, per fornirvi aggiornamenti e altre informazioni relative al sito web e per scopi promozionali e di marketing.<\/li>\n\n\n\n<li>Invio di e-mail<\/li>\n\n\n\n<li>Individuare e prevenire le frodi<\/li>\n<\/ul>\n\n\n<h2 class=\"wp-block-heading\" id=\"log-files\">File di registro<\/h2>\n\n\n<p>Fixolite.eu segue una procedura standard per l'utilizzo dei file di log. Questi file registrano i visitatori quando visitano i siti web. Tutte le societ\u00e0 di hosting lo fanno e fa parte dell'analisi dei servizi di hosting. Le informazioni raccolte dai file di log includono gli indirizzi IP, il tipo di browser, l'Internet Service Provider (ISP), la data e l'ora, le pagine di riferimento\/uscita ed eventualmente il numero di clic. Queste informazioni non sono collegate ad alcun dato di identificazione personale. Lo scopo \u00e8 quello di analizzare le tendenze, amministrare il sito, seguire i movimenti degli utenti all'interno del sito e raccogliere informazioni demografiche.<\/p>\n\n\n<h2 class=\"wp-block-heading\" id=\"cookies-et-balises-web\">Cookie e Web beacon<\/h2>\n\n\n<p>Come qualsiasi altro sito web, Fixolite.eu utilizza i \"cookie\". Questi cookie vengono utilizzati per memorizzare informazioni, tra cui le preferenze dei visitatori e le pagine del sito web a cui il visitatore ha avuto accesso o che ha visitato. Le informazioni vengono utilizzate per ottimizzare l'esperienza dell'utente, personalizzando il contenuto del nostro sito web in base al tipo di browser del visitatore e\/o ad altre informazioni.<\/p>\n\n\n<h2 class=\"wp-block-heading\" id=\"droits-de-confidentialite\">Diritti di privacy <\/h2>\n\n<h4 class=\"wp-block-heading\" id=\"ne-pas-vendre-mes-informations-personnelles\">(Non vendere i miei dati personali)<\/h4>\n\n\n<p>Ai sensi del GDPR, i residenti nell'UE godono di determinati diritti in relazione ai loro dati personali. <\/p>\n\n\n<h2 class=\"wp-block-heading\" id=\"informations-de-contact\">Informazioni di contatto<\/h2>\n\n\n<p>In caso di domande o commenti sulla nostra Informativa sulla privacy, si prega di contattarci all'indirizzo e-mail o al numero di telefono di Fixolite Usines.<\/p>","protected":false},"excerpt":{"rendered":"<p>Data di entrata in vigore: 01\/01\/2023 In Fixolite.eu, accessibile da https:\/\/www.fixolite.eu, una delle nostre principali priorit\u00e0 \u00e8 la privacy dei nostri visitatori. La presente Informativa sulla privacy documenta i tipi di informazioni che vengono raccolte e conservate da Fixolite.eu e il modo in cui vengono utilizzate. Consenso Utilizzando il nostro sito web, acconsentite alla nostra Politica sulla privacy.<\/p>","protected":false},"author":1,"featured_media":2046,"parent":0,"menu_order":99,"comment_status":"closed","ping_status":"closed","template":"","meta":{"footnotes":""},"class_list":["post-2045","page","type-page","status-publish","has-post-thumbnail","hentry"],"yoast_head":"<!-- This site is optimized with the Yoast SEO Premium plugin v24.3 (Yoast SEO v24.9) - https:\/\/yoast.com\/wordpress\/plugins\/seo\/ -->\n<title>Politique de Confidentialit\u00e9 - FIXOLITE<\/title>\n<meta name=\"robots\" content=\"index, follow, max-snippet:-1, max-image-preview:large, max-video-preview:-1\" \/>\n<link rel=\"canonical\" href=\"http:\/\/fixolite.fr\/en\/privacy-policy\/\" \/>\n<meta property=\"og:locale\" content=\"it_IT\" \/>\n<meta property=\"og:type\" content=\"article\" \/>\n<meta property=\"og:title\" content=\"Politique de Confidentialit\u00e9\" \/>\n<meta property=\"og:description\" content=\"Date d&rsquo;effet: 01\/01\/2023 Chez Fixolite.eu, accessible \u00e0 partir de https:\/\/www.fixolite.eu, l&rsquo;une de nos principales priorit\u00e9s est la confidentialit\u00e9 de nos visiteurs. Cette Politique de Confidentialit\u00e9 documente les types d&rsquo;informations qui sont collect\u00e9es et enregistr\u00e9es par Fixolite.eu et comment nous les utilisons. Consentement En utilisant notre site web, vous consentez par la pr\u00e9sente \u00e0 notre Politique [&hellip;]\" \/>\n<meta property=\"og:url\" content=\"http:\/\/fixolite.fr\/en\/privacy-policy\/\" \/>\n<meta property=\"og:site_name\" content=\"FIXOLITE\" \/>\n<meta property=\"article:modified_time\" content=\"2024-02-21T15:07:29+00:00\" \/>\n<meta property=\"og:image\" content=\"https:\/\/fixolite.fr\/wp-content\/uploads\/rgpd.jpg\" \/>\n\t<meta property=\"og:image:width\" content=\"1200\" \/>\n\t<meta property=\"og:image:height\" content=\"630\" \/>\n\t<meta property=\"og:image:type\" content=\"image\/jpeg\" \/>\n<meta name=\"twitter:card\" content=\"summary_large_image\" \/>\n<meta name=\"twitter:label1\" content=\"Tempo di lettura stimato\" \/>\n\t<meta name=\"twitter:data1\" content=\"3 minuti\" \/>\n<script type=\"application\/ld+json\" class=\"yoast-schema-graph\">{\"@context\":\"https:\/\/schema.org\",\"@graph\":[{\"@type\":\"WebPage\",\"@id\":\"http:\/\/fixolite.fr\/en\/privacy-policy\/\",\"url\":\"http:\/\/fixolite.fr\/en\/privacy-policy\/\",\"name\":\"Politique de Confidentialit\u00e9 - FIXOLITE\",\"isPartOf\":{\"@id\":\"http:\/\/fixolite.fr\/en\/#website\"},\"primaryImageOfPage\":{\"@id\":\"http:\/\/fixolite.fr\/en\/privacy-policy\/#primaryimage\"},\"image\":{\"@id\":\"http:\/\/fixolite.fr\/en\/privacy-policy\/#primaryimage\"},\"thumbnailUrl\":\"https:\/\/fixolite.eu\/wp-content\/uploads\/rgpd.jpg\",\"datePublished\":\"2024-02-21T15:01:12+00:00\",\"dateModified\":\"2024-02-21T15:07:29+00:00\",\"breadcrumb\":{\"@id\":\"http:\/\/fixolite.fr\/en\/privacy-policy\/#breadcrumb\"},\"inLanguage\":\"it-IT\",\"potentialAction\":[{\"@type\":\"ReadAction\",\"target\":[\"http:\/\/fixolite.fr\/en\/privacy-policy\/\"]}]},{\"@type\":\"ImageObject\",\"inLanguage\":\"it-IT\",\"@id\":\"http:\/\/fixolite.fr\/en\/privacy-policy\/#primaryimage\",\"url\":\"https:\/\/fixolite.eu\/wp-content\/uploads\/rgpd.jpg\",\"contentUrl\":\"https:\/\/fixolite.eu\/wp-content\/uploads\/rgpd.jpg\",\"width\":1200,\"height\":630},{\"@type\":\"BreadcrumbList\",\"@id\":\"http:\/\/fixolite.fr\/en\/privacy-policy\/#breadcrumb\",\"itemListElement\":[{\"@type\":\"ListItem\",\"position\":1,\"name\":\"Accueil\",\"item\":\"http:\/\/fixolite.fr\/en\/\"},{\"@type\":\"ListItem\",\"position\":2,\"name\":\"Politique de Confidentialit\u00e9\"}]},{\"@type\":\"WebSite\",\"@id\":\"http:\/\/fixolite.fr\/en\/#website\",\"url\":\"http:\/\/fixolite.fr\/en\/\",\"name\":\"Fixolite\",\"description\":\"Le sp\u00e9cialiste des coffres tunnel pour volets roulants\/BSO et blocs de construction bois-ciment super isolants\",\"publisher\":{\"@id\":\"http:\/\/fixolite.fr\/en\/#organization\"},\"alternateName\":\"Coffres tunnel Fixolite\",\"potentialAction\":[{\"@type\":\"SearchAction\",\"target\":{\"@type\":\"EntryPoint\",\"urlTemplate\":\"http:\/\/fixolite.fr\/en\/?s={search_term_string}\"},\"query-input\":{\"@type\":\"PropertyValueSpecification\",\"valueRequired\":true,\"valueName\":\"search_term_string\"}}],\"inLanguage\":\"it-IT\"},{\"@type\":\"Organization\",\"@id\":\"http:\/\/fixolite.fr\/en\/#organization\",\"name\":\"FIXOLITE\",\"alternateName\":\"Coffre tunnel Fixolite\",\"url\":\"http:\/\/fixolite.fr\/en\/\",\"logo\":{\"@type\":\"ImageObject\",\"inLanguage\":\"it-IT\",\"@id\":\"http:\/\/fixolite.fr\/en\/#\/schema\/logo\/image\/\",\"url\":\"https:\/\/www.fixolite.eu\/wp-content\/uploads\/2023\/10\/fixolite-logo-vestorise.png\",\"contentUrl\":\"https:\/\/www.fixolite.eu\/wp-content\/uploads\/2023\/10\/fixolite-logo-vestorise.png\",\"width\":1446,\"height\":252,\"caption\":\"FIXOLITE\"},\"image\":{\"@id\":\"http:\/\/fixolite.fr\/en\/#\/schema\/logo\/image\/\"},\"description\":\"Grossiste en coffre tunnel pour volet roulant\",\"email\":\"info@fixolite.be\",\"telephone\":\"+32 71 25 87 90\",\"legalName\":\"FIXOLITE ISUNES S.A\",\"foundingDate\":\"1945-06-01\",\"vatID\":\"BE0401648294\",\"numberOfEmployees\":{\"@type\":\"QuantitativeValue\",\"minValue\":\"11\",\"maxValue\":\"50\"},\"publishingPrinciples\":\"http:\/\/fixolite.fr\/en\/privacy-policy\/\"}]}<\/script>\n<!-- \/ Yoast SEO Premium plugin. -->","yoast_head_json":{"title":"Politique de Confidentialit\u00e9 - FIXOLITE","robots":{"index":"index","follow":"follow","max-snippet":"max-snippet:-1","max-image-preview":"max-image-preview:large","max-video-preview":"max-video-preview:-1"},"canonical":"http:\/\/fixolite.fr\/en\/privacy-policy\/","og_locale":"it_IT","og_type":"article","og_title":"Politique de Confidentialit\u00e9","og_description":"Date d&rsquo;effet: 01\/01\/2023 Chez Fixolite.eu, accessible \u00e0 partir de https:\/\/www.fixolite.eu, l&rsquo;une de nos principales priorit\u00e9s est la confidentialit\u00e9 de nos visiteurs. Cette Politique de Confidentialit\u00e9 documente les types d&rsquo;informations qui sont collect\u00e9es et enregistr\u00e9es par Fixolite.eu et comment nous les utilisons. Consentement En utilisant notre site web, vous consentez par la pr\u00e9sente \u00e0 notre Politique [&hellip;]","og_url":"http:\/\/fixolite.fr\/en\/privacy-policy\/","og_site_name":"FIXOLITE","article_modified_time":"2024-02-21T15:07:29+00:00","og_image":[{"width":1200,"height":630,"url":"https:\/\/fixolite.fr\/wp-content\/uploads\/rgpd.jpg","type":"image\/jpeg"}],"twitter_card":"summary_large_image","twitter_misc":{"Tempo di lettura stimato":"3 minuti"},"schema":{"@context":"https:\/\/schema.org","@graph":[{"@type":"WebPage","@id":"http:\/\/fixolite.fr\/en\/privacy-policy\/","url":"http:\/\/fixolite.fr\/en\/privacy-policy\/","name":"Politique de Confidentialit\u00e9 - FIXOLITE","isPartOf":{"@id":"http:\/\/fixolite.fr\/en\/#website"},"primaryImageOfPage":{"@id":"http:\/\/fixolite.fr\/en\/privacy-policy\/#primaryimage"},"image":{"@id":"http:\/\/fixolite.fr\/en\/privacy-policy\/#primaryimage"},"thumbnailUrl":"https:\/\/fixolite.eu\/wp-content\/uploads\/rgpd.jpg","datePublished":"2024-02-21T15:01:12+00:00","dateModified":"2024-02-21T15:07:29+00:00","breadcrumb":{"@id":"http:\/\/fixolite.fr\/en\/privacy-policy\/#breadcrumb"},"inLanguage":"it-IT","potentialAction":[{"@type":"ReadAction","target":["http:\/\/fixolite.fr\/en\/privacy-policy\/"]}]},{"@type":"ImageObject","inLanguage":"it-IT","@id":"http:\/\/fixolite.fr\/en\/privacy-policy\/#primaryimage","url":"https:\/\/fixolite.eu\/wp-content\/uploads\/rgpd.jpg","contentUrl":"https:\/\/fixolite.eu\/wp-content\/uploads\/rgpd.jpg","width":1200,"height":630},{"@type":"BreadcrumbList","@id":"http:\/\/fixolite.fr\/en\/privacy-policy\/#breadcrumb","itemListElement":[{"@type":"ListItem","position":1,"name":"Accueil","item":"http:\/\/fixolite.fr\/en\/"},{"@type":"ListItem","position":2,"name":"Politique de Confidentialit\u00e9"}]},{"@type":"WebSite","@id":"http:\/\/fixolite.fr\/en\/#website","url":"http:\/\/fixolite.fr\/en\/","name":"Fixolite","description":"Le sp\u00e9cialiste des coffres tunnel pour volets roulants\/BSO et blocs de construction bois-ciment super isolants","publisher":{"@id":"http:\/\/fixolite.fr\/en\/#organization"},"alternateName":"Coffres tunnel Fixolite","potentialAction":[{"@type":"SearchAction","target":{"@type":"EntryPoint","urlTemplate":"http:\/\/fixolite.fr\/en\/?s={search_term_string}"},"query-input":{"@type":"PropertyValueSpecification","valueRequired":true,"valueName":"search_term_string"}}],"inLanguage":"it-IT"},{"@type":"Organization","@id":"http:\/\/fixolite.fr\/en\/#organization","name":"FIXOLITE","alternateName":"Coffre tunnel Fixolite","url":"http:\/\/fixolite.fr\/en\/","logo":{"@type":"ImageObject","inLanguage":"it-IT","@id":"http:\/\/fixolite.fr\/en\/#\/schema\/logo\/image\/","url":"https:\/\/www.fixolite.eu\/wp-content\/uploads\/2023\/10\/fixolite-logo-vestorise.png","contentUrl":"https:\/\/www.fixolite.eu\/wp-content\/uploads\/2023\/10\/fixolite-logo-vestorise.png","width":1446,"height":252,"caption":"FIXOLITE"},"image":{"@id":"http:\/\/fixolite.fr\/en\/#\/schema\/logo\/image\/"},"description":"Grossiste en coffre tunnel pour volet roulant","email":"info@fixolite.be","telephone":"+32 71 25 87 90","legalName":"FIXOLITE ISUNES S.A","foundingDate":"1945-06-01","vatID":"BE0401648294","numberOfEmployees":{"@type":"QuantitativeValue","minValue":"11","maxValue":"50"},"publishingPrinciples":"http:\/\/fixolite.fr\/en\/privacy-policy\/"}]}},"_links":{"self":[{"href":"https:\/\/fixolite.eu\/it\/wp-json\/wp\/v2\/pages\/2045","targetHints":{"allow":["GET"]}}],"collection":[{"href":"https:\/\/fixolite.eu\/it\/wp-json\/wp\/v2\/pages"}],"about":[{"href":"https:\/\/fixolite.eu\/it\/wp-json\/wp\/v2\/types\/page"}],"author":[{"embeddable":true,"href":"https:\/\/fixolite.eu\/it\/wp-json\/wp\/v2\/users\/1"}],"replies":[{"embeddable":true,"href":"https:\/\/fixolite.eu\/it\/wp-json\/wp\/v2\/comments?post=2045"}],"version-history":[{"count":1,"href":"https:\/\/fixolite.eu\/it\/wp-json\/wp\/v2\/pages\/2045\/revisions"}],"predecessor-version":[{"id":2047,"href":"https:\/\/fixolite.eu\/it\/wp-json\/wp\/v2\/pages\/2045\/revisions\/2047"}],"wp:featuredmedia":[{"embeddable":true,"href":"https:\/\/fixolite.eu\/it\/wp-json\/wp\/v2\/media\/2046"}],"wp:attachment":[{"href":"https:\/\/fixolite.eu\/it\/wp-json\/wp\/v2\/media?parent=2045"}],"curies":[{"name":"wp","href":"https:\/\/api.w.org\/{rel}","templated":true}]}}