{"id":639,"date":"2023-10-16T15:50:32","date_gmt":"2023-10-16T13:50:32","guid":{"rendered":"https:\/\/www.fixolite.eu\/?page_id=639"},"modified":"2026-02-04T11:43:47","modified_gmt":"2026-02-04T10:43:47","slug":"fixolite","status":"publish","type":"page","link":"https:\/\/fixolite.eu\/es\/fixolita\/","title":{"rendered":"\u00bfQui\u00e9nes somos?"},"content":{"rendered":"<figure class=\"wp-block-image alignfull size-full\"><img loading=\"lazy\" decoding=\"async\" width=\"1020\" height=\"222\" src=\"https:\/\/www.fixolite.eu\/wp-content\/uploads\/2023\/10\/fixolite-thimeon-banniere-scaled.jpg\" alt=\"\" class=\"wp-image-1036\" srcset=\"https:\/\/fixolite.eu\/wp-content\/uploads\/2023\/10\/fixolite-thimeon-banniere-scaled.jpg 1020w, https:\/\/fixolite.eu\/wp-content\/uploads\/2023\/10\/fixolite-thimeon-banniere-300x65.jpg 300w, https:\/\/fixolite.eu\/wp-content\/uploads\/2023\/10\/fixolite-thimeon-banniere-1024x223.jpg 1024w, https:\/\/fixolite.eu\/wp-content\/uploads\/2023\/10\/fixolite-thimeon-banniere-768x167.jpg 768w, https:\/\/fixolite.eu\/wp-content\/uploads\/2023\/10\/fixolite-thimeon-banniere-1536x335.jpg 1536w, https:\/\/fixolite.eu\/wp-content\/uploads\/2023\/10\/fixolite-thimeon-banniere-2048x446.jpg 2048w, https:\/\/fixolite.eu\/wp-content\/uploads\/2023\/10\/fixolite-thimeon-banniere-18x4.jpg 18w\" sizes=\"auto, (max-width: 1020px) 100vw, 1020px\" \/><\/figure>\n\n\n\n<p>Fixolite, situada cerca de Charleroi, al sur de Bruselas (B\u00e9lgica), est\u00e1 especializada en&nbsp;<strong>desde 1945<\/strong>&nbsp;en la fabricaci\u00f3n de&nbsp;<strong>materiales de construcci\u00f3n aislantes<\/strong>.<\/p>\n\n\n\n<p>Incluido&nbsp;<strong>Hola bloques <\/strong>(alto aislamiento) o&nbsp;<strong>caja t\u00fanel para persiana Hi <\/strong>permitiendo la creaci\u00f3n de&nbsp;<strong>BBC o casas pasivas<\/strong>Fixolite es la respuesta a&nbsp;<strong>Normas europeas vigentes<\/strong>.<\/p>\n\n\n\n<p>La producci\u00f3n es&nbsp;<strong>exportado a varios pa\u00edses<\/strong>&nbsp;Pa\u00edses europeos como Francia, Alemania, Italia, Portugal y los Pa\u00edses Bajos, as\u00ed como en el norte de \u00c1frica. Estos materiales se utilizan en la construcci\u00f3n de edificios como &nbsp;<strong>escuelas, pabellones deportivos, viviendas unifamiliares, bloques de pisos o viviendas, edificios industriales y terciarios<\/strong>etc. ...<\/p>\n\n\n\n<hr class=\"wp-block-separator has-alpha-channel-opacity\"\/>\n\n\n\n<p>En&nbsp;<strong><a href=\"https:\/\/fixolite.eu\/es\/bloques-de-construccion\/\">Bloques Fixolite<\/a><\/strong>&nbsp;se componen de&nbsp;<strong>madera\/cemento Portland<\/strong>&nbsp;y aislamiento convencional o de grafito (interior o exterior). Los bloques se montan en seco (excepto la primera fila). A continuaci\u00f3n se vierte hormig\u00f3n para proporcionar una superficie s\u00f3lida. <strong>resistencia mec\u00e1nica <\/strong>al conjunto, garantizando al mismo tiempo <strong>inercia t\u00e9rmica <\/strong>y un <strong>confort ac\u00fastico<\/strong>&nbsp;(RT 2012). Los bloques se fabrican en nuestra f\u00e1brica de Fixolite en B\u00e9lgica y tambi\u00e9n en nuestra <a href=\"http:\/\/www.isobloc.it\/\" target=\"_blank\" rel=\"noreferrer noopener\"><strong>Isobloc<\/strong><\/a> en Italia.<\/p>\n\n\n\n<figure class=\"wp-block-image aligncenter size-large is-resized\"><img loading=\"lazy\" decoding=\"async\" width=\"1024\" height=\"363\" src=\"https:\/\/www.fixolite.eu\/wp-content\/uploads\/2023\/10\/Meme-epaisseur-30-isolation-1024x363.png\" alt=\"\" class=\"wp-image-763\" style=\"aspect-ratio:2.8209366391184574;width:550px;height:auto\" srcset=\"https:\/\/fixolite.eu\/wp-content\/uploads\/2023\/10\/Meme-epaisseur-30-isolation-1024x363.png 1024w, https:\/\/fixolite.eu\/wp-content\/uploads\/2023\/10\/Meme-epaisseur-30-isolation-300x106.png 300w, https:\/\/fixolite.eu\/wp-content\/uploads\/2023\/10\/Meme-epaisseur-30-isolation-768x273.png 768w, https:\/\/fixolite.eu\/wp-content\/uploads\/2023\/10\/Meme-epaisseur-30-isolation-1536x545.png 1536w, https:\/\/fixolite.eu\/wp-content\/uploads\/2023\/10\/Meme-epaisseur-30-isolation.png 2048w, https:\/\/fixolite.eu\/wp-content\/uploads\/2023\/10\/Meme-epaisseur-30-isolation-18x6.png 18w\" sizes=\"auto, (max-width: 1024px) 100vw, 1024px\" \/><\/figure>\n\n\n\n<p>Aunque el principio es exactamente el mismo entre los bloques Fixolite (B\u00e9lgica) e Isobloc (Italia), los modelos de bloques son diferentes, con ventajas para cada uno.<\/p>\n\n\n\n<hr class=\"wp-block-separator has-alpha-channel-opacity\"\/>\n\n\n\n<p>En&nbsp;<strong><a href=\"\/es\/coffres-linteaux\/\">cajas de t\u00fanel<\/a> <\/strong>se componen de un&nbsp;<strong>carcasa de poliestireno con refuerzo de acero<\/strong>. El exterior se reviste con revestimiento de fibra, ladrillo, hormig\u00f3n o nervado (EPS). Las cajas de dintel Fixolite pueden equiparse con todas las persianas enrollables del mercado.<\/p>\n\n\n\n<figure class=\"wp-block-image aligncenter size-large is-resized\"><img loading=\"lazy\" decoding=\"async\" width=\"1024\" height=\"743\" src=\"https:\/\/www.fixolite.eu\/wp-content\/uploads\/2023\/10\/Coffre-composition-3D-1024x743.png\" alt=\"\" class=\"wp-image-701\" style=\"aspect-ratio:1.3781965006729475;width:495px;height:auto\" srcset=\"https:\/\/fixolite.eu\/wp-content\/uploads\/2023\/10\/Coffre-composition-3D-1024x743.png 1024w, https:\/\/fixolite.eu\/wp-content\/uploads\/2023\/10\/Coffre-composition-3D-300x218.png 300w, https:\/\/fixolite.eu\/wp-content\/uploads\/2023\/10\/Coffre-composition-3D-768x557.png 768w, https:\/\/fixolite.eu\/wp-content\/uploads\/2023\/10\/Coffre-composition-3D-1536x1114.png 1536w, https:\/\/fixolite.eu\/wp-content\/uploads\/2023\/10\/Coffre-composition-3D-18x12.png 18w, https:\/\/fixolite.eu\/wp-content\/uploads\/2023\/10\/Coffre-composition-3D.png 1817w\" sizes=\"auto, (max-width: 1024px) 100vw, 1024px\" \/><\/figure>\n\n\n\n<div class=\"wp-block-group has-tertiary-background-color has-background has-global-padding is-layout-constrained wp-container-core-group-is-layout-c312d2cd wp-block-group-is-layout-constrained\" style=\"padding-right:var(--wp--preset--spacing--x-small);padding-left:var(--wp--preset--spacing--x-small)\"><h2 class=\"wp-block-heading\" id=\"quelques-dates\">Algunas citas<\/h2>\n\n\n<figure id=\"history\" class=\"wp-block-table is-style-stripes\"><table><tbody><tr><td>1945<\/td><td>Creaci\u00f3n de Fixolite Usines<\/td><\/tr><tr><td>1957<\/td><td>Traslado a los antiguos laminadores de Thim\u00e9on y producci\u00f3n de bloques de madera-cemento para la construcci\u00f3n<\/td><\/tr><tr><td>1980<\/td><td>El hijo del fundador se convierte en Director General y comienza a distribuir cajas de dinteles <a href=\"https:\/\/www.beck-heun.de\/\" data-type=\"link\" data-id=\"https:\/\/www.beck-heun.de\/\">Beck<\/a> en Francia<\/td><\/tr><tr><td>2001<\/td><td>Fixolite comienza a fabricar cajas para t\u00faneles y dinteles (comercializadas en Europa) y registra numerosas patentes.<\/td><\/tr><tr><td>2004<\/td><td>Creaci\u00f3n de la filial <a href=\"https:\/\/www.isobloc.it\" data-type=\"link\" data-id=\"https:\/\/www.isobloc.it\">Isobloc<\/a> en Italia para la fabricaci\u00f3n de los bloques<\/td><\/tr><tr><td>2022<\/td><td>Un grupo que opera en el sector industrial se hace cargo de la empresa y crea un nuevo equipo directivo<\/td><\/tr><\/tbody><\/table><\/figure>\n<\/div>\n\n\n\n<div class=\"wp-block-group has-border-color has-transparent-border-color has-quaternary-background-color has-background has-global-padding is-layout-constrained wp-container-core-group-is-layout-acdf3422 wp-block-group-is-layout-constrained\" style=\"margin-top:var(--wp--preset--spacing--x-small);margin-bottom:var(--wp--preset--spacing--x-small);padding-right:var(--wp--preset--spacing--x-small);padding-left:var(--wp--preset--spacing--x-small)\"><h2 class=\"wp-block-heading\" id=\"contact\">Contacte con nosotros...<\/h2>\n\n\n<p class=\"has-text-align-center has-luminous-vivid-amber-background-color has-background\">FIXOLITE es un mayorista de cajas de t\u00fanel para persianas enrollables. <br>et blocs de construction.<\/p>\n\n\n\n<p class=\"has-text-align-center has-luminous-vivid-amber-background-color has-background\">Si desea un presupuesto, rellene el siguiente formulario <br>el nombre, la direcci\u00f3n y el IVA de su empresa.<\/p>\n\n\n<div class=\"wpforms-container wpforms-container-full wpforms-block wpforms-block-bfe5ad02-4d25-4284-a7c6-1be021e94330 wpforms-render-modern\" id=\"wpforms-624\"><form id=\"wpforms-form-624\" class=\"wpforms-validate wpforms-form\" data-formid=\"624\" method=\"post\" enctype=\"multipart\/form-data\" action=\"\/es\/wp-json\/wp\/v2\/pages\/639\" data-token=\"12c03d0c0b326648e67726fb8d8ec7dc\" data-token-time=\"1775604160\" data-trp-original-action=\"\/es\/wp-json\/wp\/v2\/pages\/639\"><noscript class=\"wpforms-error-noscript\">Por favor, active JavaScript en su navegador para completar este formulario.<\/noscript><div class=\"wpforms-hidden\" id=\"wpforms-error-noscript\">Por favor, active JavaScript en su navegador para completar este formulario.<\/div><div class=\"wpforms-field-container\"><div id=\"wpforms-624-field_0-container\" class=\"wpforms-field wpforms-field-name\" data-field-id=\"0\"><label class=\"wpforms-field-label\" for=\"wpforms-624-field_0\">Nombre <span class=\"wpforms-required-label\" aria-hidden=\"true\">*<\/span><\/label><input type=\"text\" id=\"wpforms-624-field_0\" class=\"wpforms-field-large wpforms-field-required\" name=\"wpforms[fields][0]\" aria-errormessage=\"wpforms-624-field_0-error\" required><\/div><div id=\"wpforms-624-field_4-container\" class=\"wpforms-field wpforms-field-name\" data-field-id=\"4\"><label class=\"wpforms-field-label\" for=\"wpforms-624-field_4\">Empresa<\/label><input type=\"text\" id=\"wpforms-624-field_4\" class=\"wpforms-field-large\" name=\"wpforms[fields][4]\" aria-errormessage=\"wpforms-624-field_4-error\" ><\/div><div id=\"wpforms-624-field_6-container\" class=\"wpforms-field wpforms-field-text\" data-field-id=\"6\"><label class=\"wpforms-field-label\" for=\"wpforms-624-field_6\">Adresse, code postal et ville<\/label><input type=\"text\" id=\"wpforms-624-field_6\" class=\"wpforms-field-large\" name=\"wpforms[fields][6]\" aria-errormessage=\"wpforms-624-field_6-error\" ><\/div><div id=\"wpforms-624-field_1-container\" class=\"wpforms-field wpforms-field-email\" data-field-id=\"1\"><label class=\"wpforms-field-label\" for=\"wpforms-624-field_1\">Tu e-mail <span class=\"wpforms-required-label\" aria-hidden=\"true\">*<\/span><\/label><input type=\"email\" id=\"wpforms-624-field_1\" class=\"wpforms-field-large wpforms-field-required\" name=\"wpforms[fields][1]\" spellcheck=\"false\" aria-errormessage=\"wpforms-624-field_1-error\" required><\/div><div id=\"wpforms-624-field_5-container\" class=\"wpforms-field wpforms-field-text\" data-field-id=\"5\"><label class=\"wpforms-field-label\" for=\"wpforms-624-field_5\">Tel\u00e9fono<\/label><input type=\"text\" id=\"wpforms-624-field_5\" class=\"wpforms-field-large\" name=\"wpforms[fields][5]\" aria-errormessage=\"wpforms-624-field_5-error\" ><\/div><div id=\"wpforms-624-field_3-container\" class=\"wpforms-field wpforms-field-radio wpforms-list-inline\" data-field-id=\"3\"><fieldset><legend class=\"wpforms-field-label\">Le interesa<\/legend><ul id=\"wpforms-624-field_3\"><li class=\"choice-1 depth-1\"><input type=\"radio\" id=\"wpforms-624-field_3_1\" name=\"wpforms[fields][3]\" value=\"Coffres linteaux pour volets\" aria-errormessage=\"wpforms-624-field_3_1-error\"  ><label class=\"wpforms-field-label-inline\" for=\"wpforms-624-field_3_1\">Cajas de dintel para persianas<\/label><\/li><li class=\"choice-2 depth-1\"><input type=\"radio\" id=\"wpforms-624-field_3_2\" name=\"wpforms[fields][3]\" value=\"Blocs de construction bois-ciment\" aria-errormessage=\"wpforms-624-field_3_2-error\"  ><label class=\"wpforms-field-label-inline\" for=\"wpforms-624-field_3_2\">Bloques de construcci\u00f3n de madera-cemento<\/label><\/li><li class=\"choice-3 depth-1\"><input type=\"radio\" id=\"wpforms-624-field_3_3\" name=\"wpforms[fields][3]\" value=\"Autre\" aria-errormessage=\"wpforms-624-field_3_3-error\"  ><label class=\"wpforms-field-label-inline\" for=\"wpforms-624-field_3_3\">Otros<\/label><\/li><\/ul><\/fieldset><\/div><div id=\"wpforms-624-field_2-container\" class=\"wpforms-field wpforms-field-textarea\" data-field-id=\"2\"><label class=\"wpforms-field-label\" for=\"wpforms-624-field_2\">Su mensaje <span class=\"wpforms-required-label\" aria-hidden=\"true\">*<\/span><\/label><textarea id=\"wpforms-624-field_2\" class=\"wpforms-field-medium wpforms-field-required wpforms-limit-characters-enabled\" data-form-id=\"624\" data-field-id=\"2\" data-text-limit=\"500\" name=\"wpforms[fields][2]\" aria-errormessage=\"wpforms-624-field_2-error\" maxlength=\"500\" required><\/textarea><\/div><\/div><!-- .wpforms-field-container --><div class=\"wpforms-field wpforms-field-hp\"><label for=\"wpforms-624-field-hp\" class=\"wpforms-field-label\">Correo electr\u00f3nico<\/label><input type=\"text\" name=\"wpforms[hp]\" id=\"wpforms-624-field-hp\" class=\"wpforms-field-medium\"><\/div><div class=\"wpforms-recaptcha-container wpforms-is-hcaptcha\" ><div class=\"g-recaptcha\" data-sitekey=\"dbea0036-2d9a-407c-8f15-a9ce625ffbf6\"><\/div><input type=\"text\" name=\"g-recaptcha-hidden\" class=\"wpforms-recaptcha-hidden\" style=\"position:absolute!important;clip:rect(0,0,0,0)!important;height:1px!important;width:1px!important;border:0!important;overflow:hidden!important;padding:0!important;margin:0!important;\" data-rule-hcaptcha=\"1\"><\/div><div class=\"wpforms-submit-container\" ><input type=\"hidden\" name=\"wpforms[id]\" value=\"624\"><input type=\"hidden\" name=\"page_title\" value=\"\"><input type=\"hidden\" name=\"page_url\" value=\"https:\/\/fixolite.eu\/es\/wp-json\/wp\/v2\/pages\/639\"><input type=\"hidden\" name=\"url_referer\" value=\"\"><button type=\"submit\" name=\"wpforms[submit]\" id=\"wpforms-submit-624\" class=\"wpforms-submit\" data-alt-text=\"Sending...\" data-submit-text=\"Send Message\" aria-live=\"assertive\" value=\"wpforms-submit\">Enviar mensaje<\/button><\/div><input type=\"hidden\" name=\"trp-form-language\" value=\"es\"\/><\/form><\/div>  <!-- .wpforms-container --><\/div>","protected":false},"excerpt":{"rendered":"<p>Fixolite, con sede cerca de Charleroi, al sur de Bruselas (B\u00e9lgica), est\u00e1 especializada en la fabricaci\u00f3n de materiales de construcci\u00f3n aislantes desde 1945. Con sus bloques Hi (Alto Aislamiento) y su caj\u00f3n t\u00fanel de persiana Hi, Fixolite cumple las normas europeas vigentes para la construcci\u00f3n de casas pasivas y de bajo consumo energ\u00e9tico. La producci\u00f3n se exporta a varios pa\u00edses europeos, como Francia, Alemania, Italia, Espa\u00f1a, [...].<\/p>","protected":false},"author":1,"featured_media":649,"parent":0,"menu_order":1,"comment_status":"closed","ping_status":"closed","template":"","meta":{"footnotes":""},"class_list":["post-639","page","type-page","status-publish","has-post-thumbnail","hentry"],"yoast_head":"<!-- This site is optimized with the Yoast SEO Premium plugin v24.3 (Yoast SEO v24.9) - https:\/\/yoast.com\/wordpress\/plugins\/seo\/ -->\n<title>Qui sommes-nous ? - FIXOLITE<\/title>\n<meta name=\"robots\" content=\"index, follow, max-snippet:-1, max-image-preview:large, max-video-preview:-1\" \/>\n<link rel=\"canonical\" href=\"https:\/\/fixolite.eu\/es\/fixolita\/\" \/>\n<meta property=\"og:locale\" content=\"es_ES\" \/>\n<meta property=\"og:type\" content=\"article\" \/>\n<meta property=\"og:title\" content=\"Qui sommes-nous ?\" \/>\n<meta property=\"og:description\" content=\"La soci\u00e9t\u00e9 Fixolite, situ\u00e9e proche de Charleroi, au sud de Bruxelles, en Belgique, est sp\u00e9cialis\u00e9e&nbsp;depuis 1945&nbsp;dans la fabrication des&nbsp;mat\u00e9riaux de construction isolants. Avec notamment les&nbsp;blocs Hi (Haute Isolation) ou le&nbsp;coffre tunnel pour volet Hi permettant la r\u00e9alisation de&nbsp;maisons BBC ou passives,&nbsp;Fixolite r\u00e9pond aux&nbsp;normes europ\u00e9ennes en vigueur. La production est&nbsp;export\u00e9e dans divers pays&nbsp;europ\u00e9ens tels que la [&hellip;]\" \/>\n<meta property=\"og:url\" content=\"https:\/\/fixolite.eu\/es\/fixolita\/\" \/>\n<meta property=\"og:site_name\" content=\"FIXOLITE\" \/>\n<meta property=\"article:modified_time\" content=\"2026-02-04T10:43:47+00:00\" \/>\n<meta property=\"og:image\" content=\"https:\/\/fixolite.eu\/wp-content\/uploads\/2023\/10\/maison.jpg\" \/>\n\t<meta property=\"og:image:width\" content=\"721\" \/>\n\t<meta property=\"og:image:height\" content=\"1020\" \/>\n\t<meta property=\"og:image:type\" content=\"image\/jpeg\" \/>\n<meta name=\"twitter:card\" content=\"summary_large_image\" \/>\n<meta name=\"twitter:label1\" content=\"Tiempo de lectura\" \/>\n\t<meta name=\"twitter:data1\" content=\"3 minutos\" \/>\n<script type=\"application\/ld+json\" class=\"yoast-schema-graph\">{\"@context\":\"https:\/\/schema.org\",\"@graph\":[{\"@type\":\"WebPage\",\"@id\":\"https:\/\/fixolite.eu\/fixolite\/\",\"url\":\"https:\/\/fixolite.eu\/fixolite\/\",\"name\":\"Qui sommes-nous ? - FIXOLITE\",\"isPartOf\":{\"@id\":\"http:\/\/fixolite.fr\/en\/#website\"},\"primaryImageOfPage\":{\"@id\":\"https:\/\/fixolite.eu\/fixolite\/#primaryimage\"},\"image\":{\"@id\":\"https:\/\/fixolite.eu\/fixolite\/#primaryimage\"},\"thumbnailUrl\":\"https:\/\/fixolite.eu\/wp-content\/uploads\/2023\/10\/maison.jpg\",\"datePublished\":\"2023-10-16T13:50:32+00:00\",\"dateModified\":\"2026-02-04T10:43:47+00:00\",\"breadcrumb\":{\"@id\":\"https:\/\/fixolite.eu\/fixolite\/#breadcrumb\"},\"inLanguage\":\"es\",\"potentialAction\":[{\"@type\":\"ReadAction\",\"target\":[\"https:\/\/fixolite.eu\/fixolite\/\"]}]},{\"@type\":\"ImageObject\",\"inLanguage\":\"es\",\"@id\":\"https:\/\/fixolite.eu\/fixolite\/#primaryimage\",\"url\":\"https:\/\/fixolite.eu\/wp-content\/uploads\/2023\/10\/maison.jpg\",\"contentUrl\":\"https:\/\/fixolite.eu\/wp-content\/uploads\/2023\/10\/maison.jpg\",\"width\":721,\"height\":1020},{\"@type\":\"BreadcrumbList\",\"@id\":\"https:\/\/fixolite.eu\/fixolite\/#breadcrumb\",\"itemListElement\":[{\"@type\":\"ListItem\",\"position\":1,\"name\":\"Accueil\",\"item\":\"http:\/\/fixolite.fr\/en\/\"},{\"@type\":\"ListItem\",\"position\":2,\"name\":\"Qui sommes-nous ?\"}]},{\"@type\":\"WebSite\",\"@id\":\"http:\/\/fixolite.fr\/en\/#website\",\"url\":\"http:\/\/fixolite.fr\/en\/\",\"name\":\"Fixolite\",\"description\":\"Le sp\u00e9cialiste des coffres tunnel pour volets roulants\/BSO et blocs de construction bois-ciment super isolants\",\"publisher\":{\"@id\":\"http:\/\/fixolite.fr\/en\/#organization\"},\"alternateName\":\"Coffres tunnel Fixolite\",\"potentialAction\":[{\"@type\":\"SearchAction\",\"target\":{\"@type\":\"EntryPoint\",\"urlTemplate\":\"http:\/\/fixolite.fr\/en\/?s={search_term_string}\"},\"query-input\":{\"@type\":\"PropertyValueSpecification\",\"valueRequired\":true,\"valueName\":\"search_term_string\"}}],\"inLanguage\":\"es\"},{\"@type\":\"Organization\",\"@id\":\"http:\/\/fixolite.fr\/en\/#organization\",\"name\":\"FIXOLITE\",\"alternateName\":\"Coffre tunnel Fixolite\",\"url\":\"http:\/\/fixolite.fr\/en\/\",\"logo\":{\"@type\":\"ImageObject\",\"inLanguage\":\"es\",\"@id\":\"http:\/\/fixolite.fr\/en\/#\/schema\/logo\/image\/\",\"url\":\"https:\/\/www.fixolite.eu\/wp-content\/uploads\/2023\/10\/fixolite-logo-vestorise.png\",\"contentUrl\":\"https:\/\/www.fixolite.eu\/wp-content\/uploads\/2023\/10\/fixolite-logo-vestorise.png\",\"width\":1446,\"height\":252,\"caption\":\"FIXOLITE\"},\"image\":{\"@id\":\"http:\/\/fixolite.fr\/en\/#\/schema\/logo\/image\/\"},\"description\":\"Grossiste en coffre tunnel pour volet roulant\",\"email\":\"info@fixolite.be\",\"telephone\":\"+32 71 25 87 90\",\"legalName\":\"FIXOLITE ISUNES S.A\",\"foundingDate\":\"1945-06-01\",\"vatID\":\"BE0401648294\",\"numberOfEmployees\":{\"@type\":\"QuantitativeValue\",\"minValue\":\"11\",\"maxValue\":\"50\"},\"publishingPrinciples\":\"http:\/\/fixolite.fr\/en\/privacy-policy\/\"}]}<\/script>\n<!-- \/ Yoast SEO Premium plugin. -->","yoast_head_json":{"title":"Qui sommes-nous ? - FIXOLITE","robots":{"index":"index","follow":"follow","max-snippet":"max-snippet:-1","max-image-preview":"max-image-preview:large","max-video-preview":"max-video-preview:-1"},"canonical":"https:\/\/fixolite.eu\/es\/fixolita\/","og_locale":"es_ES","og_type":"article","og_title":"Qui sommes-nous ?","og_description":"La soci\u00e9t\u00e9 Fixolite, situ\u00e9e proche de Charleroi, au sud de Bruxelles, en Belgique, est sp\u00e9cialis\u00e9e&nbsp;depuis 1945&nbsp;dans la fabrication des&nbsp;mat\u00e9riaux de construction isolants. Avec notamment les&nbsp;blocs Hi (Haute Isolation) ou le&nbsp;coffre tunnel pour volet Hi permettant la r\u00e9alisation de&nbsp;maisons BBC ou passives,&nbsp;Fixolite r\u00e9pond aux&nbsp;normes europ\u00e9ennes en vigueur. La production est&nbsp;export\u00e9e dans divers pays&nbsp;europ\u00e9ens tels que la [&hellip;]","og_url":"https:\/\/fixolite.eu\/es\/fixolita\/","og_site_name":"FIXOLITE","article_modified_time":"2026-02-04T10:43:47+00:00","og_image":[{"width":721,"height":1020,"url":"https:\/\/fixolite.eu\/wp-content\/uploads\/2023\/10\/maison.jpg","type":"image\/jpeg"}],"twitter_card":"summary_large_image","twitter_misc":{"Tiempo de lectura":"3 minutos"},"schema":{"@context":"https:\/\/schema.org","@graph":[{"@type":"WebPage","@id":"https:\/\/fixolite.eu\/fixolite\/","url":"https:\/\/fixolite.eu\/fixolite\/","name":"Qui sommes-nous ? - FIXOLITE","isPartOf":{"@id":"http:\/\/fixolite.fr\/en\/#website"},"primaryImageOfPage":{"@id":"https:\/\/fixolite.eu\/fixolite\/#primaryimage"},"image":{"@id":"https:\/\/fixolite.eu\/fixolite\/#primaryimage"},"thumbnailUrl":"https:\/\/fixolite.eu\/wp-content\/uploads\/2023\/10\/maison.jpg","datePublished":"2023-10-16T13:50:32+00:00","dateModified":"2026-02-04T10:43:47+00:00","breadcrumb":{"@id":"https:\/\/fixolite.eu\/fixolite\/#breadcrumb"},"inLanguage":"es","potentialAction":[{"@type":"ReadAction","target":["https:\/\/fixolite.eu\/fixolite\/"]}]},{"@type":"ImageObject","inLanguage":"es","@id":"https:\/\/fixolite.eu\/fixolite\/#primaryimage","url":"https:\/\/fixolite.eu\/wp-content\/uploads\/2023\/10\/maison.jpg","contentUrl":"https:\/\/fixolite.eu\/wp-content\/uploads\/2023\/10\/maison.jpg","width":721,"height":1020},{"@type":"BreadcrumbList","@id":"https:\/\/fixolite.eu\/fixolite\/#breadcrumb","itemListElement":[{"@type":"ListItem","position":1,"name":"Accueil","item":"http:\/\/fixolite.fr\/en\/"},{"@type":"ListItem","position":2,"name":"Qui sommes-nous ?"}]},{"@type":"WebSite","@id":"http:\/\/fixolite.fr\/en\/#website","url":"http:\/\/fixolite.fr\/en\/","name":"Fixolite","description":"Le sp\u00e9cialiste des coffres tunnel pour volets roulants\/BSO et blocs de construction bois-ciment super isolants","publisher":{"@id":"http:\/\/fixolite.fr\/en\/#organization"},"alternateName":"Coffres tunnel Fixolite","potentialAction":[{"@type":"SearchAction","target":{"@type":"EntryPoint","urlTemplate":"http:\/\/fixolite.fr\/en\/?s={search_term_string}"},"query-input":{"@type":"PropertyValueSpecification","valueRequired":true,"valueName":"search_term_string"}}],"inLanguage":"es"},{"@type":"Organization","@id":"http:\/\/fixolite.fr\/en\/#organization","name":"FIXOLITE","alternateName":"Coffre tunnel Fixolite","url":"http:\/\/fixolite.fr\/en\/","logo":{"@type":"ImageObject","inLanguage":"es","@id":"http:\/\/fixolite.fr\/en\/#\/schema\/logo\/image\/","url":"https:\/\/www.fixolite.eu\/wp-content\/uploads\/2023\/10\/fixolite-logo-vestorise.png","contentUrl":"https:\/\/www.fixolite.eu\/wp-content\/uploads\/2023\/10\/fixolite-logo-vestorise.png","width":1446,"height":252,"caption":"FIXOLITE"},"image":{"@id":"http:\/\/fixolite.fr\/en\/#\/schema\/logo\/image\/"},"description":"Grossiste en coffre tunnel pour volet roulant","email":"info@fixolite.be","telephone":"+32 71 25 87 90","legalName":"FIXOLITE ISUNES S.A","foundingDate":"1945-06-01","vatID":"BE0401648294","numberOfEmployees":{"@type":"QuantitativeValue","minValue":"11","maxValue":"50"},"publishingPrinciples":"http:\/\/fixolite.fr\/en\/privacy-policy\/"}]}},"_links":{"self":[{"href":"https:\/\/fixolite.eu\/es\/wp-json\/wp\/v2\/pages\/639","targetHints":{"allow":["GET"]}}],"collection":[{"href":"https:\/\/fixolite.eu\/es\/wp-json\/wp\/v2\/pages"}],"about":[{"href":"https:\/\/fixolite.eu\/es\/wp-json\/wp\/v2\/types\/page"}],"author":[{"embeddable":true,"href":"https:\/\/fixolite.eu\/es\/wp-json\/wp\/v2\/users\/1"}],"replies":[{"embeddable":true,"href":"https:\/\/fixolite.eu\/es\/wp-json\/wp\/v2\/comments?post=639"}],"version-history":[{"count":27,"href":"https:\/\/fixolite.eu\/es\/wp-json\/wp\/v2\/pages\/639\/revisions"}],"predecessor-version":[{"id":2690,"href":"https:\/\/fixolite.eu\/es\/wp-json\/wp\/v2\/pages\/639\/revisions\/2690"}],"wp:featuredmedia":[{"embeddable":true,"href":"https:\/\/fixolite.eu\/es\/wp-json\/wp\/v2\/media\/649"}],"wp:attachment":[{"href":"https:\/\/fixolite.eu\/es\/wp-json\/wp\/v2\/media?parent=639"}],"curies":[{"name":"wp","href":"https:\/\/api.w.org\/{rel}","templated":true}]}}