{"id":2132,"date":"2024-05-02T13:33:45","date_gmt":"2024-05-02T11:33:45","guid":{"rendered":"https:\/\/www.fixolite.eu\/?page_id=2132"},"modified":"2025-09-16T08:58:49","modified_gmt":"2025-09-16T06:58:49","slug":"documentation-pdf","status":"publish","type":"page","link":"https:\/\/fixolite.eu\/es\/cajas-de-tunel-para-persianas\/documentacion-en-pdf\/","title":{"rendered":"Documentaci\u00f3n en PDF"},"content":{"rendered":"<div class=\"wp-block-group has-global-padding is-layout-constrained wp-block-group-is-layout-constrained\"><h2 class=\"simpletoc-title\">\u00cdndice<\/h2>\n<style>html { scroll-behavior: smooth; }<\/style><ul class=\"simpletoc-list\">\n<li><a href=\"#h-coffres-tunnels\">Cajas de t\u00fanel<\/a>\n\n<\/li>\n<li><a href=\"#h-coffres-tunnels-renforces\">Cajas de t\u00fanel reforzadas<\/a>\n\n<\/li>\n<li><a href=\"#h-coffre-tunnels-pour-bso\">Coffre tunnels pour BSO<\/a>\n\n<\/li>\n<li><a href=\"#h-corniere-d-etancheite\">\u00c1ngulo de sellado<\/a>\n\n<\/li>\n<li><a href=\"#h-renfort-de-liaison-linteau-menuiserie\">Refuerzo de la conexi\u00f3n dintel\/marco<\/a>\n\n<\/li>\n<li><a href=\"#h-equerre-de-renfort-pour-sous-face\">\u00c1ngulo de refuerzo para sofito<\/a>\n\n<\/li>\n<li><a href=\"#h-coffres-tunnels-notice-de-pose\">Cajas de t\u00fanel - Instrucciones de instalaci\u00f3n<\/a>\n<\/li><\/ul><\/div>\n\n\n<h2 class=\"wp-block-heading\" id=\"h-coffres-tunnels\">Cajas de t\u00fanel<\/h2>\n\n\n<div data-wp-interactive=\"core\/file\" class=\"wp-block-file alignwide\"><object data-wp-bind--hidden=\"!state.hasPdfPreview\" hidden class=\"wp-block-file__embed\" data=\"https:\/\/www.fixolite.eu\/wp-content\/uploads\/Fixolite-Coffres-linteaux-pour-volets-roulant.pdf\" type=\"application\/pdf\" style=\"width:100%;height:600px\" aria-label=\"Incrustado de Fixolite - Cajas de dintel para persianas enrollables.\"><\/object><a id=\"wp-block-file--media-d191819f-250c-491a-bd9f-a46cd658d36d\" href=\"https:\/\/www.fixolite.eu\/wp-content\/uploads\/Fixolite-Coffres-linteaux-pour-volets-roulant.pdf\">Fixolite - Cajas de dintel para persianas enrollables<\/a><a href=\"https:\/\/www.fixolite.eu\/wp-content\/uploads\/Fixolite-Coffres-linteaux-pour-volets-roulant.pdf\" class=\"wp-block-file__button wp-element-button\" download aria-describedby=\"wp-block-file--media-d191819f-250c-491a-bd9f-a46cd658d36d\">Descargar<\/a><\/div>\n\n\n<h2 class=\"wp-block-heading\" id=\"h-coffres-tunnels-renforces\">Cajas de t\u00fanel reforzadas<\/h2>\n\n\n<div data-wp-interactive=\"core\/file\" class=\"wp-block-file alignwide\"><object data-wp-bind--hidden=\"!state.hasPdfPreview\" hidden class=\"wp-block-file__embed\" data=\"https:\/\/www.fixolite.eu\/wp-content\/uploads\/Fixolite-Coffres-renforces-pour-volets-roulant.pdf\" type=\"application\/pdf\" style=\"width:100%;height:600px\" aria-label=\"Incrustado de Fixolite - Cajas reforzadas para persianas enrollables.\"><\/object><a id=\"wp-block-file--media-357d97b0-087f-484e-b804-14962ac75c3c\" href=\"https:\/\/www.fixolite.eu\/wp-content\/uploads\/Fixolite-Coffres-renforces-pour-volets-roulant.pdf\">Fixolite - Cajas reforzadas para persianas enrollables<\/a><a href=\"https:\/\/www.fixolite.eu\/wp-content\/uploads\/Fixolite-Coffres-renforces-pour-volets-roulant.pdf\" class=\"wp-block-file__button wp-element-button\" download aria-describedby=\"wp-block-file--media-357d97b0-087f-484e-b804-14962ac75c3c\">Descargar<\/a><\/div>\n\n\n<h2 class=\"wp-block-heading\" id=\"h-coffre-tunnels-pour-bso\">Coffre tunnels pour BSO<\/h2>\n\n\n<div data-wp-interactive=\"core\/file\" class=\"wp-block-file alignwide\"><object data-wp-bind--hidden=\"!state.hasPdfPreview\" hidden class=\"wp-block-file__embed\" data=\"https:\/\/www.fixolite.eu\/wp-content\/uploads\/Fixolite-Coffres-BSO.pdf\" type=\"application\/pdf\" style=\"width:100%;height:600px\" aria-label=\"Incrustado de Fixolite - Coffres BSO.\"><\/object><a id=\"wp-block-file--media-8884048c-dedf-43b9-b6ba-8a8d0482be37\" href=\"https:\/\/www.fixolite.eu\/wp-content\/uploads\/Fixolite-Coffres-BSO.pdf\">Fixolite &#8211; Coffres BSO<\/a><a href=\"https:\/\/www.fixolite.eu\/wp-content\/uploads\/Fixolite-Coffres-BSO.pdf\" class=\"wp-block-file__button wp-element-button\" download aria-describedby=\"wp-block-file--media-8884048c-dedf-43b9-b6ba-8a8d0482be37\">Descargar<\/a><\/div>\n\n\n<h2 class=\"wp-block-heading\" id=\"h-corniere-d-etancheite\">\u00c1ngulo de sellado<\/h2>\n\n\n<div data-wp-interactive=\"core\/file\" class=\"wp-block-file alignwide\"><object data-wp-bind--hidden=\"!state.hasPdfPreview\" hidden class=\"wp-block-file__embed\" data=\"https:\/\/www.fixolite.eu\/wp-content\/uploads\/Fixolite-Corniere-detancheite.pdf\" type=\"application\/pdf\" style=\"width:100%;height:600px\" aria-label=\"Incrustado de Fixolite - Corni\u00e8re d&apos;\u00e9tanch\u00e9it\u00e9.\"><\/object><a id=\"wp-block-file--media-19518250-a827-4b89-8897-8cf2ef068e97\" href=\"https:\/\/www.fixolite.eu\/wp-content\/uploads\/Fixolite-Corniere-detancheite.pdf\">Fixolite - \u00c1ngulo de sellado<\/a><a href=\"https:\/\/www.fixolite.eu\/wp-content\/uploads\/Fixolite-Corniere-detancheite.pdf\" class=\"wp-block-file__button wp-element-button\" download aria-describedby=\"wp-block-file--media-19518250-a827-4b89-8897-8cf2ef068e97\">Descargar<\/a><\/div>\n\n\n<h2 class=\"wp-block-heading\" id=\"h-renfort-de-liaison-linteau-menuiserie\">Refuerzo de la conexi\u00f3n dintel\/marco<\/h2>\n\n\n<div data-wp-interactive=\"core\/file\" class=\"wp-block-file alignwide\"><object data-wp-bind--hidden=\"!state.hasPdfPreview\" hidden class=\"wp-block-file__embed\" data=\"https:\/\/www.fixolite.eu\/wp-content\/uploads\/Fixolite-RT2830.pdf\" type=\"application\/pdf\" style=\"width:100%;height:600px\" aria-label=\"Incrustado de Fixolite - RT2830.\"><\/object><a id=\"wp-block-file--media-b140aea1-31e6-4dab-8729-03df1150ec87\" href=\"https:\/\/www.fixolite.eu\/wp-content\/uploads\/Fixolite-RT2830.pdf\">Fixolite - RT2830<\/a><a href=\"https:\/\/www.fixolite.eu\/wp-content\/uploads\/Fixolite-RT2830.pdf\" class=\"wp-block-file__button wp-element-button\" download aria-describedby=\"wp-block-file--media-b140aea1-31e6-4dab-8729-03df1150ec87\">Descargar<\/a><\/div>\n\n\n<h2 class=\"wp-block-heading\" id=\"h-equerre-de-renfort-pour-sous-face\">\u00c1ngulo de refuerzo para sofito<\/h2>\n\n\n<div data-wp-interactive=\"core\/file\" class=\"wp-block-file alignwide\"><object data-wp-bind--hidden=\"!state.hasPdfPreview\" hidden class=\"wp-block-file__embed\" data=\"https:\/\/www.fixolite.eu\/wp-content\/uploads\/Fixolite-ESF4-equerre-sous-face.pdf\" type=\"application\/pdf\" style=\"width:100%;height:600px\" aria-label=\"Incrustado de Fixolite-ESF4-equerre-sous-face.\"><\/object><a id=\"wp-block-file--media-7fa7fb75-d6d4-4d5d-89b5-c75cf78730f5\" href=\"https:\/\/www.fixolite.eu\/wp-content\/uploads\/Fixolite-ESF4-equerre-sous-face.pdf\">Fixolite-ESF4-equerre-sous-face<\/a><a href=\"https:\/\/www.fixolite.eu\/wp-content\/uploads\/Fixolite-ESF4-equerre-sous-face.pdf\" class=\"wp-block-file__button wp-element-button\" download aria-describedby=\"wp-block-file--media-7fa7fb75-d6d4-4d5d-89b5-c75cf78730f5\">Descargar<\/a><\/div>\n\n\n<h2 class=\"wp-block-heading\" id=\"h-coffres-tunnels-notice-de-pose\">Cajas de t\u00fanel - Instrucciones de instalaci\u00f3n<\/h2>\n\n\n<ol class=\"wp-block-list\">\n<li>Preparar el arranque<\/li>\n\n\n\n<li>Alba\u00f1iler\u00eda<\/li>\n\n\n\n<li>Montaje de la caja<\/li>\n\n\n\n<li>Vertido del hormig\u00f3n<\/li>\n\n\n\n<li>Enlucido de fachada<\/li>\n\n\n\n<li>Carpinter\u00eda<\/li>\n<\/ol>\n\n\n\n<div data-wp-interactive=\"core\/file\" class=\"wp-block-file alignwide\"><object data-wp-bind--hidden=\"!state.hasPdfPreview\" hidden class=\"wp-block-file__embed\" data=\"https:\/\/www.fixolite.eu\/wp-content\/uploads\/Fixolite-Coffre-tunnel-notice-de-pose.pdf\" type=\"application\/pdf\" style=\"width:100%;height:600px\" aria-label=\"Incrustado de Fixolite-Coffre-tunnel-notice-de-pose.\"><\/object><a id=\"wp-block-file--media-5c431386-211b-46e7-9320-1eb4b7b3202d\" href=\"https:\/\/www.fixolite.eu\/wp-content\/uploads\/Fixolite-Coffre-tunnel-notice-de-pose.pdf\">Fixolite-Coffre-t\u00fanel-instalaci\u00f3n-aviso<\/a><a href=\"https:\/\/www.fixolite.eu\/wp-content\/uploads\/Fixolite-Coffre-tunnel-notice-de-pose.pdf\" class=\"wp-block-file__button wp-element-button\" download aria-describedby=\"wp-block-file--media-5c431386-211b-46e7-9320-1eb4b7b3202d\">Descargar<\/a><\/div>","protected":false},"excerpt":{"rendered":"<p>Coffres tunnels Coffres tunnels renforc\u00e9s Coffre tunnels pour BSO Corni\u00e8re d&rsquo;\u00e9tanch\u00e9it\u00e9 Renfort de liaison linteau\/menuiserie Equerre de renfort pour sous-face Coffres tunnels \u2022 Notice de pose<\/p>","protected":false},"author":1,"featured_media":0,"parent":721,"menu_order":20,"comment_status":"closed","ping_status":"closed","template":"","meta":{"footnotes":""},"class_list":["post-2132","page","type-page","status-publish","hentry"],"yoast_head":"<!-- This site is optimized with the Yoast SEO Premium plugin v24.3 (Yoast SEO v24.9) - https:\/\/yoast.com\/wordpress\/plugins\/seo\/ -->\n<title>Documentation PDF - FIXOLITE<\/title>\n<meta name=\"robots\" content=\"index, follow, max-snippet:-1, max-image-preview:large, max-video-preview:-1\" \/>\n<link rel=\"canonical\" href=\"http:\/\/isobloc.eu\/es\/cajas-de-tunel-para-persianas\/documentacion-en-pdf\/\" \/>\n<meta property=\"og:locale\" content=\"es_ES\" \/>\n<meta property=\"og:type\" content=\"article\" \/>\n<meta property=\"og:title\" content=\"Documentation PDF\" \/>\n<meta property=\"og:description\" content=\"Coffres tunnels Coffres tunnels renforc\u00e9s Coffre tunnels pour BSO Corni\u00e8re d&rsquo;\u00e9tanch\u00e9it\u00e9 Renfort de liaison linteau\/menuiserie Equerre de renfort pour sous-face Coffres tunnels \u2022 Notice de pose\" \/>\n<meta property=\"og:url\" content=\"http:\/\/isobloc.eu\/es\/cajas-de-tunel-para-persianas\/documentacion-en-pdf\/\" \/>\n<meta property=\"og:site_name\" content=\"FIXOLITE\" \/>\n<meta property=\"article:modified_time\" content=\"2025-09-16T06:58:49+00:00\" \/>\n<meta property=\"og:image\" content=\"https:\/\/fixolite.eu\/wp-content\/uploads\/2023\/10\/maison.jpg\" \/>\n\t<meta property=\"og:image:width\" content=\"721\" \/>\n\t<meta property=\"og:image:height\" content=\"1020\" \/>\n\t<meta property=\"og:image:type\" content=\"image\/jpeg\" \/>\n<meta name=\"twitter:card\" content=\"summary_large_image\" \/>\n<meta name=\"twitter:label1\" content=\"Tiempo de lectura\" \/>\n\t<meta name=\"twitter:data1\" content=\"1 minuto\" \/>\n<script type=\"application\/ld+json\" class=\"yoast-schema-graph\">{\"@context\":\"https:\/\/schema.org\",\"@graph\":[{\"@type\":\"WebPage\",\"@id\":\"http:\/\/isobloc.eu\/es\/cajas-de-tunel-para-persianas\/documentacion-en-pdf\/\",\"url\":\"http:\/\/isobloc.eu\/es\/cajas-de-tunel-para-persianas\/documentacion-en-pdf\/\",\"name\":\"Documentation PDF - FIXOLITE\",\"isPartOf\":{\"@id\":\"http:\/\/fixolite.fr\/en\/#website\"},\"datePublished\":\"2024-05-02T11:33:45+00:00\",\"dateModified\":\"2025-09-16T06:58:49+00:00\",\"breadcrumb\":{\"@id\":\"http:\/\/isobloc.eu\/es\/cajas-de-tunel-para-persianas\/documentacion-en-pdf\/#breadcrumb\"},\"inLanguage\":\"es\",\"potentialAction\":[{\"@type\":\"ReadAction\",\"target\":[\"http:\/\/isobloc.eu\/es\/cajas-de-tunel-para-persianas\/documentacion-en-pdf\/\"]}]},{\"@type\":\"BreadcrumbList\",\"@id\":\"http:\/\/isobloc.eu\/es\/cajas-de-tunel-para-persianas\/documentacion-en-pdf\/#breadcrumb\",\"itemListElement\":[{\"@type\":\"ListItem\",\"position\":1,\"name\":\"Accueil\",\"item\":\"http:\/\/fixolite.fr\/en\/\"},{\"@type\":\"ListItem\",\"position\":2,\"name\":\"Coffres tunnels pour volets\",\"item\":\"http:\/\/fixolite.fr\/en\/roller-shutter-tunnel-boxes\/\"},{\"@type\":\"ListItem\",\"position\":3,\"name\":\"Documentation PDF\"}]},{\"@type\":\"WebSite\",\"@id\":\"http:\/\/fixolite.fr\/en\/#website\",\"url\":\"http:\/\/fixolite.fr\/en\/\",\"name\":\"Fixolite\",\"description\":\"Le sp\u00e9cialiste des coffres tunnel pour volets roulants\/BSO et blocs de construction bois-ciment super isolants\",\"publisher\":{\"@id\":\"http:\/\/fixolite.fr\/en\/#organization\"},\"alternateName\":\"Coffres tunnel Fixolite\",\"potentialAction\":[{\"@type\":\"SearchAction\",\"target\":{\"@type\":\"EntryPoint\",\"urlTemplate\":\"http:\/\/fixolite.fr\/en\/?s={search_term_string}\"},\"query-input\":{\"@type\":\"PropertyValueSpecification\",\"valueRequired\":true,\"valueName\":\"search_term_string\"}}],\"inLanguage\":\"es\"},{\"@type\":\"Organization\",\"@id\":\"http:\/\/fixolite.fr\/en\/#organization\",\"name\":\"FIXOLITE\",\"alternateName\":\"Coffre tunnel Fixolite\",\"url\":\"http:\/\/fixolite.fr\/en\/\",\"logo\":{\"@type\":\"ImageObject\",\"inLanguage\":\"es\",\"@id\":\"http:\/\/fixolite.fr\/en\/#\/schema\/logo\/image\/\",\"url\":\"https:\/\/www.fixolite.eu\/wp-content\/uploads\/2023\/10\/fixolite-logo-vestorise.png\",\"contentUrl\":\"https:\/\/www.fixolite.eu\/wp-content\/uploads\/2023\/10\/fixolite-logo-vestorise.png\",\"width\":1446,\"height\":252,\"caption\":\"FIXOLITE\"},\"image\":{\"@id\":\"http:\/\/fixolite.fr\/en\/#\/schema\/logo\/image\/\"},\"description\":\"Grossiste en coffre tunnel pour volet roulant\",\"email\":\"info@fixolite.be\",\"telephone\":\"+32 71 25 87 90\",\"legalName\":\"FIXOLITE ISUNES S.A\",\"foundingDate\":\"1945-06-01\",\"vatID\":\"BE0401648294\",\"numberOfEmployees\":{\"@type\":\"QuantitativeValue\",\"minValue\":\"11\",\"maxValue\":\"50\"},\"publishingPrinciples\":\"http:\/\/fixolite.fr\/en\/privacy-policy\/\"}]}<\/script>\n<!-- \/ Yoast SEO Premium plugin. -->","yoast_head_json":{"title":"Documentation PDF - FIXOLITE","robots":{"index":"index","follow":"follow","max-snippet":"max-snippet:-1","max-image-preview":"max-image-preview:large","max-video-preview":"max-video-preview:-1"},"canonical":"http:\/\/isobloc.eu\/es\/cajas-de-tunel-para-persianas\/documentacion-en-pdf\/","og_locale":"es_ES","og_type":"article","og_title":"Documentation PDF","og_description":"Coffres tunnels Coffres tunnels renforc\u00e9s Coffre tunnels pour BSO Corni\u00e8re d&rsquo;\u00e9tanch\u00e9it\u00e9 Renfort de liaison linteau\/menuiserie Equerre de renfort pour sous-face Coffres tunnels \u2022 Notice de pose","og_url":"http:\/\/isobloc.eu\/es\/cajas-de-tunel-para-persianas\/documentacion-en-pdf\/","og_site_name":"FIXOLITE","article_modified_time":"2025-09-16T06:58:49+00:00","og_image":[{"width":721,"height":1020,"url":"https:\/\/fixolite.eu\/wp-content\/uploads\/2023\/10\/maison.jpg","type":"image\/jpeg"}],"twitter_card":"summary_large_image","twitter_misc":{"Tiempo de lectura":"1 minuto"},"schema":{"@context":"https:\/\/schema.org","@graph":[{"@type":"WebPage","@id":"http:\/\/isobloc.eu\/es\/cajas-de-tunel-para-persianas\/documentacion-en-pdf\/","url":"http:\/\/isobloc.eu\/es\/cajas-de-tunel-para-persianas\/documentacion-en-pdf\/","name":"Documentation PDF - FIXOLITE","isPartOf":{"@id":"http:\/\/fixolite.fr\/en\/#website"},"datePublished":"2024-05-02T11:33:45+00:00","dateModified":"2025-09-16T06:58:49+00:00","breadcrumb":{"@id":"http:\/\/isobloc.eu\/es\/cajas-de-tunel-para-persianas\/documentacion-en-pdf\/#breadcrumb"},"inLanguage":"es","potentialAction":[{"@type":"ReadAction","target":["http:\/\/isobloc.eu\/es\/cajas-de-tunel-para-persianas\/documentacion-en-pdf\/"]}]},{"@type":"BreadcrumbList","@id":"http:\/\/isobloc.eu\/es\/cajas-de-tunel-para-persianas\/documentacion-en-pdf\/#breadcrumb","itemListElement":[{"@type":"ListItem","position":1,"name":"Accueil","item":"http:\/\/fixolite.fr\/en\/"},{"@type":"ListItem","position":2,"name":"Coffres tunnels pour volets","item":"http:\/\/fixolite.fr\/en\/roller-shutter-tunnel-boxes\/"},{"@type":"ListItem","position":3,"name":"Documentation PDF"}]},{"@type":"WebSite","@id":"http:\/\/fixolite.fr\/en\/#website","url":"http:\/\/fixolite.fr\/en\/","name":"Fixolite","description":"Le sp\u00e9cialiste des coffres tunnel pour volets roulants\/BSO et blocs de construction bois-ciment super isolants","publisher":{"@id":"http:\/\/fixolite.fr\/en\/#organization"},"alternateName":"Coffres tunnel Fixolite","potentialAction":[{"@type":"SearchAction","target":{"@type":"EntryPoint","urlTemplate":"http:\/\/fixolite.fr\/en\/?s={search_term_string}"},"query-input":{"@type":"PropertyValueSpecification","valueRequired":true,"valueName":"search_term_string"}}],"inLanguage":"es"},{"@type":"Organization","@id":"http:\/\/fixolite.fr\/en\/#organization","name":"FIXOLITE","alternateName":"Coffre tunnel Fixolite","url":"http:\/\/fixolite.fr\/en\/","logo":{"@type":"ImageObject","inLanguage":"es","@id":"http:\/\/fixolite.fr\/en\/#\/schema\/logo\/image\/","url":"https:\/\/www.fixolite.eu\/wp-content\/uploads\/2023\/10\/fixolite-logo-vestorise.png","contentUrl":"https:\/\/www.fixolite.eu\/wp-content\/uploads\/2023\/10\/fixolite-logo-vestorise.png","width":1446,"height":252,"caption":"FIXOLITE"},"image":{"@id":"http:\/\/fixolite.fr\/en\/#\/schema\/logo\/image\/"},"description":"Grossiste en coffre tunnel pour volet roulant","email":"info@fixolite.be","telephone":"+32 71 25 87 90","legalName":"FIXOLITE ISUNES S.A","foundingDate":"1945-06-01","vatID":"BE0401648294","numberOfEmployees":{"@type":"QuantitativeValue","minValue":"11","maxValue":"50"},"publishingPrinciples":"http:\/\/fixolite.fr\/en\/privacy-policy\/"}]}},"_links":{"self":[{"href":"https:\/\/fixolite.eu\/es\/wp-json\/wp\/v2\/pages\/2132","targetHints":{"allow":["GET"]}}],"collection":[{"href":"https:\/\/fixolite.eu\/es\/wp-json\/wp\/v2\/pages"}],"about":[{"href":"https:\/\/fixolite.eu\/es\/wp-json\/wp\/v2\/types\/page"}],"author":[{"embeddable":true,"href":"https:\/\/fixolite.eu\/es\/wp-json\/wp\/v2\/users\/1"}],"replies":[{"embeddable":true,"href":"https:\/\/fixolite.eu\/es\/wp-json\/wp\/v2\/comments?post=2132"}],"version-history":[{"count":10,"href":"https:\/\/fixolite.eu\/es\/wp-json\/wp\/v2\/pages\/2132\/revisions"}],"predecessor-version":[{"id":2619,"href":"https:\/\/fixolite.eu\/es\/wp-json\/wp\/v2\/pages\/2132\/revisions\/2619"}],"up":[{"embeddable":true,"href":"https:\/\/fixolite.eu\/es\/wp-json\/wp\/v2\/pages\/721"}],"wp:attachment":[{"href":"https:\/\/fixolite.eu\/es\/wp-json\/wp\/v2\/media?parent=2132"}],"curies":[{"name":"wp","href":"https:\/\/api.w.org\/{rel}","templated":true}]}}