{"id":2045,"date":"2024-02-21T16:01:12","date_gmt":"2024-02-21T15:01:12","guid":{"rendered":"https:\/\/www.fixolite.eu\/?page_id=2045"},"modified":"2024-02-21T16:07:29","modified_gmt":"2024-02-21T15:07:29","slug":"politique-de-confidentialite","status":"publish","type":"page","link":"https:\/\/fixolite.eu\/es\/politica-de-privacidad\/","title":{"rendered":"Pol\u00edtica de privacidad"},"content":{"rendered":"<p>Fecha de entrada en vigor: 01\/01\/2023<\/p>\n\n\n\n<p>En Fixolite.eu, accesible desde https:\/\/www.fixolite.eu, una de nuestras principales prioridades es la privacidad de nuestros visitantes. Esta pol\u00edtica de privacidad documenta los tipos de informaci\u00f3n que recoge y almacena Fixolite.eu y c\u00f3mo la utilizamos.<\/p>\n\n\n<h2 class=\"wp-block-heading\" id=\"consentement\">Consentimiento<\/h2>\n\n\n<p>Al utilizar nuestro sitio web, usted da su consentimiento a nuestra Pol\u00edtica de Privacidad y acepta sus t\u00e9rminos.<\/p>\n\n\n\n<p><\/p>\n\n\n<h2 class=\"wp-block-heading\" id=\"informations-que-nous-collectons\">Informaci\u00f3n que recopilamos<\/h2>\n\n\n<p>La informaci\u00f3n personal que se le pide que proporcione, y las razones por las que se le pide que la proporcione, se le especificar\u00e1n en el momento en que le pidamos que proporcione su informaci\u00f3n personal.<\/p>\n\n\n\n<p>Si se pone en contacto con nosotros directamente, podemos recibir informaci\u00f3n adicional sobre usted, como su nombre, direcci\u00f3n de correo electr\u00f3nico, n\u00famero de tel\u00e9fono, el contenido de cualquier mensaje y\/o archivos adjuntos que nos env\u00ede, y cualquier otra informaci\u00f3n que decida proporcionarnos.<\/p>\n\n\n\n<p>Cuando se registra para obtener una Cuenta, es posible que le pidamos su informaci\u00f3n de contacto, incluidos datos como el nombre, el nombre de la empresa, la direcci\u00f3n, la direcci\u00f3n de correo electr\u00f3nico y el n\u00famero de tel\u00e9fono.<\/p>\n\n\n<h2 class=\"wp-block-heading\" id=\"comment-nous-utilisons-vos-informations\">C\u00f3mo utilizamos su informaci\u00f3n<\/h2>\n\n\n<ul class=\"wp-block-list\">\n<li>Proporcionar, operar y mantener nuestro sitio web<\/li>\n\n\n\n<li>Mejorar, personalizar y ampliar nuestro sitio web<\/li>\n\n\n\n<li>Comprender y analizar c\u00f3mo utiliza nuestro sitio web<\/li>\n\n\n\n<li>Desarrollar nuevos productos, servicios, funciones y caracter\u00edsticas<\/li>\n\n\n\n<li>Para comunicarnos con usted, directamente o a trav\u00e9s de uno de nuestros socios, por ejemplo para el servicio de atenci\u00f3n al cliente, para proporcionarle actualizaciones y otra informaci\u00f3n relacionada con el sitio web, y con fines promocionales y de marketing.<\/li>\n\n\n\n<li>Enviarte correos electr\u00f3nicos<\/li>\n\n\n\n<li>Detecci\u00f3n y prevenci\u00f3n del fraude<\/li>\n<\/ul>\n\n\n<h2 class=\"wp-block-heading\" id=\"log-files\">Archivos de registro<\/h2>\n\n\n<p>Fixolite.eu sigue un procedimiento est\u00e1ndar para el uso de archivos de registro. Estos archivos registran a los visitantes cuando visitan los sitios web. Todas las empresas de alojamiento lo hacen y forma parte del an\u00e1lisis de los servicios de alojamiento. La informaci\u00f3n recogida por los archivos de registro incluye direcciones IP, tipo de navegador, proveedor de servicios de Internet (ISP), fecha y hora, p\u00e1ginas de referencia\/salida y posiblemente el n\u00famero de clics. Esta informaci\u00f3n no est\u00e1 vinculada a ning\u00fan dato personal identificable. Su finalidad es analizar tendencias, administrar el sitio, seguir los movimientos de los usuarios por el sitio web y recopilar informaci\u00f3n demogr\u00e1fica.<\/p>\n\n\n<h2 class=\"wp-block-heading\" id=\"cookies-et-balises-web\">Cookies y balizas web<\/h2>\n\n\n<p>Como cualquier otro sitio web, Fixolite.eu utiliza \"cookies\". Estas cookies se utilizan para almacenar informaci\u00f3n, incluidas las preferencias del visitante, y a qu\u00e9 p\u00e1ginas del sitio web ha accedido o visitado el visitante. La informaci\u00f3n se utiliza para optimizar la experiencia del usuario personalizando nuestro contenido web seg\u00fan el tipo de navegador del visitante y\/u otra informaci\u00f3n.<\/p>\n\n\n<h2 class=\"wp-block-heading\" id=\"droits-de-confidentialite\">Derecho a la intimidad <\/h2>\n\n<h4 class=\"wp-block-heading\" id=\"ne-pas-vendre-mes-informations-personnelles\">(No vender mi informaci\u00f3n personal)<\/h4>\n\n\n<p>En virtud del RGPD, los residentes en la UE tienen determinados derechos en relaci\u00f3n con sus datos personales. <\/p>\n\n\n<h2 class=\"wp-block-heading\" id=\"informations-de-contact\">Informaci\u00f3n de contacto<\/h2>\n\n\n<p>Si tiene alguna pregunta o comentario sobre nuestra Pol\u00edtica de Privacidad, p\u00f3ngase en contacto con nosotros en la direcci\u00f3n de correo electr\u00f3nico o el n\u00famero de tel\u00e9fono de Fixolite Usines.<\/p>","protected":false},"excerpt":{"rendered":"<p>Fecha de entrada en vigor: 01\/01\/2023 En Fixolite.eu, accesible desde https:\/\/www.fixolite.eu, una de nuestras principales prioridades es la privacidad de nuestros visitantes. Esta Pol\u00edtica de Privacidad documenta el tipo de informaci\u00f3n que es recogida y almacenada por Fixolite.eu y c\u00f3mo la utilizamos. Consentimiento Al utilizar nuestro sitio web, usted acepta nuestra Pol\u00edtica de Privacidad.<\/p>","protected":false},"author":1,"featured_media":2046,"parent":0,"menu_order":99,"comment_status":"closed","ping_status":"closed","template":"","meta":{"footnotes":""},"class_list":["post-2045","page","type-page","status-publish","has-post-thumbnail","hentry"],"yoast_head":"<!-- This site is optimized with the Yoast SEO Premium plugin v24.3 (Yoast SEO v24.9) - https:\/\/yoast.com\/wordpress\/plugins\/seo\/ -->\n<title>Politique de Confidentialit\u00e9 - FIXOLITE<\/title>\n<meta name=\"robots\" content=\"index, follow, max-snippet:-1, max-image-preview:large, max-video-preview:-1\" \/>\n<link rel=\"canonical\" href=\"http:\/\/fixolite.fr\/en\/privacy-policy\/\" \/>\n<meta property=\"og:locale\" content=\"es_ES\" \/>\n<meta property=\"og:type\" content=\"article\" \/>\n<meta property=\"og:title\" content=\"Politique de Confidentialit\u00e9\" \/>\n<meta property=\"og:description\" content=\"Date d&rsquo;effet: 01\/01\/2023 Chez Fixolite.eu, accessible \u00e0 partir de https:\/\/www.fixolite.eu, l&rsquo;une de nos principales priorit\u00e9s est la confidentialit\u00e9 de nos visiteurs. Cette Politique de Confidentialit\u00e9 documente les types d&rsquo;informations qui sont collect\u00e9es et enregistr\u00e9es par Fixolite.eu et comment nous les utilisons. Consentement En utilisant notre site web, vous consentez par la pr\u00e9sente \u00e0 notre Politique [&hellip;]\" \/>\n<meta property=\"og:url\" content=\"http:\/\/fixolite.fr\/en\/privacy-policy\/\" \/>\n<meta property=\"og:site_name\" content=\"FIXOLITE\" \/>\n<meta property=\"article:modified_time\" content=\"2024-02-21T15:07:29+00:00\" \/>\n<meta property=\"og:image\" content=\"https:\/\/fixolite.fr\/wp-content\/uploads\/rgpd.jpg\" \/>\n\t<meta property=\"og:image:width\" content=\"1200\" \/>\n\t<meta property=\"og:image:height\" content=\"630\" \/>\n\t<meta property=\"og:image:type\" content=\"image\/jpeg\" \/>\n<meta name=\"twitter:card\" content=\"summary_large_image\" \/>\n<meta name=\"twitter:label1\" content=\"Tiempo de lectura\" \/>\n\t<meta name=\"twitter:data1\" content=\"3 minutos\" \/>\n<script type=\"application\/ld+json\" class=\"yoast-schema-graph\">{\"@context\":\"https:\/\/schema.org\",\"@graph\":[{\"@type\":\"WebPage\",\"@id\":\"http:\/\/fixolite.fr\/en\/privacy-policy\/\",\"url\":\"http:\/\/fixolite.fr\/en\/privacy-policy\/\",\"name\":\"Politique de Confidentialit\u00e9 - FIXOLITE\",\"isPartOf\":{\"@id\":\"http:\/\/fixolite.fr\/en\/#website\"},\"primaryImageOfPage\":{\"@id\":\"http:\/\/fixolite.fr\/en\/privacy-policy\/#primaryimage\"},\"image\":{\"@id\":\"http:\/\/fixolite.fr\/en\/privacy-policy\/#primaryimage\"},\"thumbnailUrl\":\"https:\/\/fixolite.eu\/wp-content\/uploads\/rgpd.jpg\",\"datePublished\":\"2024-02-21T15:01:12+00:00\",\"dateModified\":\"2024-02-21T15:07:29+00:00\",\"breadcrumb\":{\"@id\":\"http:\/\/fixolite.fr\/en\/privacy-policy\/#breadcrumb\"},\"inLanguage\":\"es\",\"potentialAction\":[{\"@type\":\"ReadAction\",\"target\":[\"http:\/\/fixolite.fr\/en\/privacy-policy\/\"]}]},{\"@type\":\"ImageObject\",\"inLanguage\":\"es\",\"@id\":\"http:\/\/fixolite.fr\/en\/privacy-policy\/#primaryimage\",\"url\":\"https:\/\/fixolite.eu\/wp-content\/uploads\/rgpd.jpg\",\"contentUrl\":\"https:\/\/fixolite.eu\/wp-content\/uploads\/rgpd.jpg\",\"width\":1200,\"height\":630},{\"@type\":\"BreadcrumbList\",\"@id\":\"http:\/\/fixolite.fr\/en\/privacy-policy\/#breadcrumb\",\"itemListElement\":[{\"@type\":\"ListItem\",\"position\":1,\"name\":\"Accueil\",\"item\":\"http:\/\/fixolite.fr\/en\/\"},{\"@type\":\"ListItem\",\"position\":2,\"name\":\"Politique de Confidentialit\u00e9\"}]},{\"@type\":\"WebSite\",\"@id\":\"http:\/\/fixolite.fr\/en\/#website\",\"url\":\"http:\/\/fixolite.fr\/en\/\",\"name\":\"Fixolite\",\"description\":\"Le sp\u00e9cialiste des coffres tunnel pour volets roulants\/BSO et blocs de construction bois-ciment super isolants\",\"publisher\":{\"@id\":\"http:\/\/fixolite.fr\/en\/#organization\"},\"alternateName\":\"Coffres tunnel Fixolite\",\"potentialAction\":[{\"@type\":\"SearchAction\",\"target\":{\"@type\":\"EntryPoint\",\"urlTemplate\":\"http:\/\/fixolite.fr\/en\/?s={search_term_string}\"},\"query-input\":{\"@type\":\"PropertyValueSpecification\",\"valueRequired\":true,\"valueName\":\"search_term_string\"}}],\"inLanguage\":\"es\"},{\"@type\":\"Organization\",\"@id\":\"http:\/\/fixolite.fr\/en\/#organization\",\"name\":\"FIXOLITE\",\"alternateName\":\"Coffre tunnel Fixolite\",\"url\":\"http:\/\/fixolite.fr\/en\/\",\"logo\":{\"@type\":\"ImageObject\",\"inLanguage\":\"es\",\"@id\":\"http:\/\/fixolite.fr\/en\/#\/schema\/logo\/image\/\",\"url\":\"https:\/\/www.fixolite.eu\/wp-content\/uploads\/2023\/10\/fixolite-logo-vestorise.png\",\"contentUrl\":\"https:\/\/www.fixolite.eu\/wp-content\/uploads\/2023\/10\/fixolite-logo-vestorise.png\",\"width\":1446,\"height\":252,\"caption\":\"FIXOLITE\"},\"image\":{\"@id\":\"http:\/\/fixolite.fr\/en\/#\/schema\/logo\/image\/\"},\"description\":\"Grossiste en coffre tunnel pour volet roulant\",\"email\":\"info@fixolite.be\",\"telephone\":\"+32 71 25 87 90\",\"legalName\":\"FIXOLITE ISUNES S.A\",\"foundingDate\":\"1945-06-01\",\"vatID\":\"BE0401648294\",\"numberOfEmployees\":{\"@type\":\"QuantitativeValue\",\"minValue\":\"11\",\"maxValue\":\"50\"},\"publishingPrinciples\":\"http:\/\/fixolite.fr\/en\/privacy-policy\/\"}]}<\/script>\n<!-- \/ Yoast SEO Premium plugin. -->","yoast_head_json":{"title":"Politique de Confidentialit\u00e9 - FIXOLITE","robots":{"index":"index","follow":"follow","max-snippet":"max-snippet:-1","max-image-preview":"max-image-preview:large","max-video-preview":"max-video-preview:-1"},"canonical":"http:\/\/fixolite.fr\/en\/privacy-policy\/","og_locale":"es_ES","og_type":"article","og_title":"Politique de Confidentialit\u00e9","og_description":"Date d&rsquo;effet: 01\/01\/2023 Chez Fixolite.eu, accessible \u00e0 partir de https:\/\/www.fixolite.eu, l&rsquo;une de nos principales priorit\u00e9s est la confidentialit\u00e9 de nos visiteurs. Cette Politique de Confidentialit\u00e9 documente les types d&rsquo;informations qui sont collect\u00e9es et enregistr\u00e9es par Fixolite.eu et comment nous les utilisons. Consentement En utilisant notre site web, vous consentez par la pr\u00e9sente \u00e0 notre Politique [&hellip;]","og_url":"http:\/\/fixolite.fr\/en\/privacy-policy\/","og_site_name":"FIXOLITE","article_modified_time":"2024-02-21T15:07:29+00:00","og_image":[{"width":1200,"height":630,"url":"https:\/\/fixolite.fr\/wp-content\/uploads\/rgpd.jpg","type":"image\/jpeg"}],"twitter_card":"summary_large_image","twitter_misc":{"Tiempo de lectura":"3 minutos"},"schema":{"@context":"https:\/\/schema.org","@graph":[{"@type":"WebPage","@id":"http:\/\/fixolite.fr\/en\/privacy-policy\/","url":"http:\/\/fixolite.fr\/en\/privacy-policy\/","name":"Politique de Confidentialit\u00e9 - FIXOLITE","isPartOf":{"@id":"http:\/\/fixolite.fr\/en\/#website"},"primaryImageOfPage":{"@id":"http:\/\/fixolite.fr\/en\/privacy-policy\/#primaryimage"},"image":{"@id":"http:\/\/fixolite.fr\/en\/privacy-policy\/#primaryimage"},"thumbnailUrl":"https:\/\/fixolite.eu\/wp-content\/uploads\/rgpd.jpg","datePublished":"2024-02-21T15:01:12+00:00","dateModified":"2024-02-21T15:07:29+00:00","breadcrumb":{"@id":"http:\/\/fixolite.fr\/en\/privacy-policy\/#breadcrumb"},"inLanguage":"es","potentialAction":[{"@type":"ReadAction","target":["http:\/\/fixolite.fr\/en\/privacy-policy\/"]}]},{"@type":"ImageObject","inLanguage":"es","@id":"http:\/\/fixolite.fr\/en\/privacy-policy\/#primaryimage","url":"https:\/\/fixolite.eu\/wp-content\/uploads\/rgpd.jpg","contentUrl":"https:\/\/fixolite.eu\/wp-content\/uploads\/rgpd.jpg","width":1200,"height":630},{"@type":"BreadcrumbList","@id":"http:\/\/fixolite.fr\/en\/privacy-policy\/#breadcrumb","itemListElement":[{"@type":"ListItem","position":1,"name":"Accueil","item":"http:\/\/fixolite.fr\/en\/"},{"@type":"ListItem","position":2,"name":"Politique de Confidentialit\u00e9"}]},{"@type":"WebSite","@id":"http:\/\/fixolite.fr\/en\/#website","url":"http:\/\/fixolite.fr\/en\/","name":"Fixolite","description":"Le sp\u00e9cialiste des coffres tunnel pour volets roulants\/BSO et blocs de construction bois-ciment super isolants","publisher":{"@id":"http:\/\/fixolite.fr\/en\/#organization"},"alternateName":"Coffres tunnel Fixolite","potentialAction":[{"@type":"SearchAction","target":{"@type":"EntryPoint","urlTemplate":"http:\/\/fixolite.fr\/en\/?s={search_term_string}"},"query-input":{"@type":"PropertyValueSpecification","valueRequired":true,"valueName":"search_term_string"}}],"inLanguage":"es"},{"@type":"Organization","@id":"http:\/\/fixolite.fr\/en\/#organization","name":"FIXOLITE","alternateName":"Coffre tunnel Fixolite","url":"http:\/\/fixolite.fr\/en\/","logo":{"@type":"ImageObject","inLanguage":"es","@id":"http:\/\/fixolite.fr\/en\/#\/schema\/logo\/image\/","url":"https:\/\/www.fixolite.eu\/wp-content\/uploads\/2023\/10\/fixolite-logo-vestorise.png","contentUrl":"https:\/\/www.fixolite.eu\/wp-content\/uploads\/2023\/10\/fixolite-logo-vestorise.png","width":1446,"height":252,"caption":"FIXOLITE"},"image":{"@id":"http:\/\/fixolite.fr\/en\/#\/schema\/logo\/image\/"},"description":"Grossiste en coffre tunnel pour volet roulant","email":"info@fixolite.be","telephone":"+32 71 25 87 90","legalName":"FIXOLITE ISUNES S.A","foundingDate":"1945-06-01","vatID":"BE0401648294","numberOfEmployees":{"@type":"QuantitativeValue","minValue":"11","maxValue":"50"},"publishingPrinciples":"http:\/\/fixolite.fr\/en\/privacy-policy\/"}]}},"_links":{"self":[{"href":"https:\/\/fixolite.eu\/es\/wp-json\/wp\/v2\/pages\/2045","targetHints":{"allow":["GET"]}}],"collection":[{"href":"https:\/\/fixolite.eu\/es\/wp-json\/wp\/v2\/pages"}],"about":[{"href":"https:\/\/fixolite.eu\/es\/wp-json\/wp\/v2\/types\/page"}],"author":[{"embeddable":true,"href":"https:\/\/fixolite.eu\/es\/wp-json\/wp\/v2\/users\/1"}],"replies":[{"embeddable":true,"href":"https:\/\/fixolite.eu\/es\/wp-json\/wp\/v2\/comments?post=2045"}],"version-history":[{"count":1,"href":"https:\/\/fixolite.eu\/es\/wp-json\/wp\/v2\/pages\/2045\/revisions"}],"predecessor-version":[{"id":2047,"href":"https:\/\/fixolite.eu\/es\/wp-json\/wp\/v2\/pages\/2045\/revisions\/2047"}],"wp:featuredmedia":[{"embeddable":true,"href":"https:\/\/fixolite.eu\/es\/wp-json\/wp\/v2\/media\/2046"}],"wp:attachment":[{"href":"https:\/\/fixolite.eu\/es\/wp-json\/wp\/v2\/media?parent=2045"}],"curies":[{"name":"wp","href":"https:\/\/api.w.org\/{rel}","templated":true}]}}