{"id":734,"date":"2023-10-19T15:45:16","date_gmt":"2023-10-19T13:45:16","guid":{"rendered":"https:\/\/www.fixolite.eu\/?page_id=734"},"modified":"2025-11-26T10:18:39","modified_gmt":"2025-11-26T09:18:39","slug":"coffres-demi-linteau","status":"publish","type":"page","link":"https:\/\/fixolite.eu\/en\/roller-shutter-tunnel-boxes\/half-lintel-boxes\/","title":{"rendered":"Half-lintel boxes"},"content":{"rendered":"<figure class=\"wp-block-image alignwide size-large\"><img loading=\"lazy\" decoding=\"async\" width=\"1024\" height=\"292\" src=\"https:\/\/www.fixolite.eu\/wp-content\/uploads\/2023\/10\/coffre-illustration-bloc-baie-1024x292.jpg\" alt=\"\" class=\"wp-image-1080\" srcset=\"https:\/\/fixolite.eu\/wp-content\/uploads\/2023\/10\/coffre-illustration-bloc-baie-1024x292.jpg 1024w, https:\/\/fixolite.eu\/wp-content\/uploads\/2023\/10\/coffre-illustration-bloc-baie-300x86.jpg 300w, https:\/\/fixolite.eu\/wp-content\/uploads\/2023\/10\/coffre-illustration-bloc-baie-768x219.jpg 768w, https:\/\/fixolite.eu\/wp-content\/uploads\/2023\/10\/coffre-illustration-bloc-baie-18x5.jpg 18w, https:\/\/fixolite.eu\/wp-content\/uploads\/2023\/10\/coffre-illustration-bloc-baie.jpg 1020w\" sizes=\"auto, (max-width: 1024px) 100vw, 1024px\" \/><\/figure>\n\n\n\n<p>This box is increasingly in demand from manufacturers. It is suitable for \"window block\" closures: closing systems combine the shutter with the window jambs.&nbsp;<\/p>\n\n\n\n<div class=\"wp-block-columns is-layout-flex wp-container-core-columns-is-layout-28f84493 wp-block-columns-is-layout-flex\">\n<div class=\"wp-block-column is-layout-flow wp-block-column-is-layout-flow\">\n<figure class=\"wp-block-image size-full\"><img loading=\"lazy\" decoding=\"async\" width=\"500\" height=\"500\" src=\"https:\/\/www.fixolite.eu\/wp-content\/uploads\/cstb-certificate.png\" alt=\"\" class=\"wp-image-2091\" srcset=\"https:\/\/fixolite.eu\/wp-content\/uploads\/cstb-certificate.png 500w, https:\/\/fixolite.eu\/wp-content\/uploads\/cstb-certificate-300x300.png 300w, https:\/\/fixolite.eu\/wp-content\/uploads\/cstb-certificate-150x150.png 150w, https:\/\/fixolite.eu\/wp-content\/uploads\/cstb-certificate-12x12.png 12w\" sizes=\"auto, (max-width: 500px) 100vw, 500px\" \/><\/figure>\n<\/div>\n\n\n\n<div class=\"wp-block-column is-layout-flow wp-block-column-is-layout-flow\"><h3 class=\"wp-block-heading has-text-align-center\" id=\"tous-les-coffres-fixolite-ont-subit-des-tests-complets-et-sont-certifies-par-un-avis-technique-du-cstb\">All FIXOLITE safes have undergone extensive testing and are certified by an independent body. <br><a href=\"https:\/\/www.batipedia.com\/atec\/pdf\/document\/ULBS-6.pdf\" target=\"_blank\" rel=\"noreferrer noopener\">TECHNICAL ADVICE <\/a><br><a href=\"https:\/\/www.cstb.fr\/pdf\/atec\/BATIPEDIA\/ULBS-6.pdf\">of the CSTB<\/a><\/h3>\n\n<h3 class=\"wp-block-heading has-text-align-center\" id=\"h-coffres-demi-linteaux\">(<a href=\"https:\/\/www.batipedia.com\/atec\/pdf\/document\/VEXP-1.pdf\" target=\"_blank\" rel=\"noreferrer noopener\">Coffres demi-linteaux<\/a>)<\/h3><\/div>\n<\/div>\n\n\n\n<p>A <a href=\"\/wp-content\/uploads\/2023\/11\/CSTB-ATec-16-23-796-V1-COFFRES-DEMI-LINTEAUX-FIXOLITE-.pdf\">technical advice<\/a> for this model of box. Half-header boxes are suitable for closures with a transom length of up to 4 metres (i.e. a 4.19 m box).<\/p>\n\n\n\n<figure class=\"wp-block-image aligncenter size-full\"><img loading=\"lazy\" decoding=\"async\" width=\"474\" height=\"527\" src=\"https:\/\/www.fixolite.eu\/wp-content\/uploads\/2023\/10\/coffre-demi-linteau-3D-nu-nobg.png\" alt=\"\" class=\"wp-image-801\" srcset=\"https:\/\/fixolite.eu\/wp-content\/uploads\/2023\/10\/coffre-demi-linteau-3D-nu-nobg.png 474w, https:\/\/fixolite.eu\/wp-content\/uploads\/2023\/10\/coffre-demi-linteau-3D-nu-nobg-270x300.png 270w, https:\/\/fixolite.eu\/wp-content\/uploads\/2023\/10\/coffre-demi-linteau-3D-nu-nobg-11x12.png 11w\" sizes=\"auto, (max-width: 474px) 100vw, 474px\" \/><figcaption class=\"wp-element-caption\">Half-lintel case with brick finish<\/figcaption><\/figure>\n\n\n\n<p class=\"has-tertiary-background-color has-background\">Installed in the factory on the joinery, the roller shutter is housed in the masonry, under a half-lintel box. This makes it invisible from both inside and outside.&nbsp;<\/p>\n\n\n\n<p class=\"has-tertiary-background-color has-background\">The bay unit guarantees perfect air tightness, as no stray air can enter through the shutter.&nbsp;<\/p>\n\n\n\n<figure class=\"wp-block-image size-full\"><img loading=\"lazy\" decoding=\"async\" width=\"630\" height=\"389\" src=\"https:\/\/www.fixolite.eu\/wp-content\/uploads\/2023\/10\/coffre-illustration-bloc-baie-et-demi-linteau.jpg\" alt=\"\" class=\"wp-image-1082\" srcset=\"https:\/\/fixolite.eu\/wp-content\/uploads\/2023\/10\/coffre-illustration-bloc-baie-et-demi-linteau.jpg 630w, https:\/\/fixolite.eu\/wp-content\/uploads\/2023\/10\/coffre-illustration-bloc-baie-et-demi-linteau-300x185.jpg 300w, https:\/\/fixolite.eu\/wp-content\/uploads\/2023\/10\/coffre-illustration-bloc-baie-et-demi-linteau-18x12.jpg 18w\" sizes=\"auto, (max-width: 630px) 100vw, 630px\" \/><figcaption class=\"wp-element-caption\">Half-lintel screen and box<\/figcaption><\/figure>\n\n\n\n<p>Be careful, though, as installing a bay block shutter is more complex than a traditional roller shutter, and requires a great deal of expertise. As these shutters are inseparable from the windows they insulate, they must be installed perfectly, otherwise problems with closure and insulation will arise very quickly. <\/p>\n\n\n<h2 class=\"wp-block-heading\" id=\"tailles\">Size of half-lintel boxes<\/h2>\n\n\n<p>The half-lintel box is available in a single size:<\/p>\n\n\n\n<figure class=\"wp-block-table is-style-stripes\"><table><tbody><tr><td>Type<\/td><td>H<\/td><td>L<\/td><td>L ext<\/td><td>L tun<\/td><td>L int<\/td><td>Cheek<\/td><td>kg\/m<\/td><td>R<\/td><td>PAL<\/td><\/tr><tr><td><strong><a href=\"https:\/\/doc.fixolite.eu\/?q=C-L20H30\" target=\"_blank\" rel=\"noreferrer noopener\">L 8.30 PM<\/a><\/strong><\/td><td>295<\/td><td>200<\/td><td>26<\/td><td>174<\/td><td>&#8211;<\/td><td>J-L20<\/td><td>1.61<\/td><td>&#8211;<\/td><td>40<\/td><\/tr><\/tbody><\/table><\/figure>\n\n\n\n<div class=\"wp-block-group has-quaternary-background-color has-background has-global-padding is-layout-constrained wp-block-group-is-layout-constrained\">\n<ul class=\"wp-block-list\">\n<li class=\"has-small-font-size\">(*) kg\/m: weight may vary for non-standard rails.\n<ul class=\"wp-block-list\">\n<li>wood-cement fiber finish: + 1.15 kg\/m<\/li>\n\n\n\n<li>terracotta finish: + 4.32 kg\/m&nbsp;<\/li>\n\n\n\n<li>Primer finish: + 0.58 kg\/m<\/li>\n<\/ul>\n<\/li>\n\n\n\n<li class=\"has-small-font-size\">(**) R: thermal resistance (m\u00b2.K\/W) taking into account a \u03bb coefficient of 0.0374 W\/m.K after application of a safety coefficient of 1.15.<\/li>\n\n\n\n<li class=\"has-small-font-size\">(***) PAL: number of boxes per pallet. Delivery by full lorry. Typically, a truck contains 8 pallets of boxes and 2 pallets of side panels and accessories.<\/li>\n<\/ul>\n<\/div>\n\n\n<h2 class=\"wp-block-heading\" id=\"plans\">Cutting plan<\/h2>\n\n\n<div class=\"wp-block-group has-global-padding is-layout-constrained wp-block-group-is-layout-constrained\"><h3 class=\"wp-block-heading has-text-align-center has-tertiary-background-color has-background\" id=\"l-20-h-30\"><strong><a href=\"https:\/\/doc.fixolite.eu\/?q=C-L20H30\" target=\"_blank\" rel=\"noreferrer noopener\">L 8.30 PM<\/a><\/strong><\/h3>\n\n\n<figure data-wp-context=\"{&quot;imageId&quot;:&quot;69d82e70bccca&quot;}\" data-wp-interactive=\"core\/image\" data-wp-key=\"69d82e70bccca\" class=\"wp-block-image aligncenter size-full is-resized wp-lightbox-container\"><img loading=\"lazy\" decoding=\"async\" width=\"739\" height=\"913\" data-wp-class--hide=\"state.isContentHidden\" data-wp-class--show=\"state.isContentVisible\" data-wp-init=\"callbacks.setButtonStyles\" data-wp-on--click=\"actions.showLightbox\" data-wp-on--load=\"callbacks.setButtonStyles\" data-wp-on-window--resize=\"callbacks.setButtonStyles\" src=\"https:\/\/www.fixolite.eu\/wp-content\/uploads\/2023\/10\/C-L20H30-8-8H-NB.jpg\" alt=\"\" class=\"wp-image-1083\" style=\"object-fit:contain;width:430px;height:auto\" srcset=\"https:\/\/fixolite.eu\/wp-content\/uploads\/2023\/10\/C-L20H30-8-8H-NB.jpg 739w, https:\/\/fixolite.eu\/wp-content\/uploads\/2023\/10\/C-L20H30-8-8H-NB-243x300.jpg 243w, https:\/\/fixolite.eu\/wp-content\/uploads\/2023\/10\/C-L20H30-8-8H-NB-10x12.jpg 10w\" sizes=\"auto, (max-width: 739px) 100vw, 739px\" \/><button\n\t\t\tclass=\"lightbox-trigger\"\n\t\t\ttype=\"button\"\n\t\t\taria-haspopup=\"dialog\"\n\t\t\taria-label=\"Enlarge\"\n\t\t\tdata-wp-init=\"callbacks.initTriggerButton\"\n\t\t\tdata-wp-on--click=\"actions.showLightbox\"\n\t\t\tdata-wp-style--right=\"state.imageButtonRight\"\n\t\t\tdata-wp-style--top=\"state.imageButtonTop\"\n\t\t>\n\t\t\t<svg xmlns=\"http:\/\/www.w3.org\/2000\/svg\" width=\"12\" height=\"12\" fill=\"none\" viewbox=\"0 0 12 12\">\n\t\t\t\t<path fill=\"#fff\" d=\"M2 0a2 2 0 0 0-2 2v2h1.5V2a.5.5 0 0 1 .5-.5h2V0H2Zm2 10.5H2a.5.5 0 0 1-.5-.5V8H0v2a2 2 0 0 0 2 2h2v-1.5ZM8 12v-1.5h2a.5.5 0 0 0 .5-.5V8H12v2a2 2 0 0 1-2 2H8Zm2-12a2 2 0 0 1 2 2v2h-1.5V2a.5.5 0 0 0-.5-.5H8V0h2Z\" \/>\n\t\t\t<\/svg>\n\t\t<\/button><\/figure>\n<\/div>\n\n\n<h2 class=\"wp-block-heading\" id=\"profils\">Profiles available<\/h2>\n\n\n<p>Fixolite offers a range of profiles for stopping plaster, inserting cheeks and supporting the soffit.<\/p>\n\n\n\n<p>All profiles have a notch for fastening the cheeks and the soffit.<\/p>\n\n\n<h3 class=\"wp-block-heading\" id=\"profils-exterieurs\">External profiles<\/h3>\n\n\n<p>The external profiles are fitted with a plaster stop tab.<\/p>\n\n\n\n<div class=\"wp-block-group has-global-padding is-layout-constrained wp-block-group-is-layout-constrained\">\n<div class=\"wp-block-columns is-layout-flex wp-container-core-columns-is-layout-28f84493 wp-block-columns-is-layout-flex\">\n<div class=\"wp-block-column is-layout-flow wp-block-column-is-layout-flow\">\n<h3 class=\"wp-block-heading has-text-align-center has-tertiary-background-color has-background\">827 (or 8)<\/h3>\n\n\n\n<p class=\"has-text-align-center has-quaternary-background-color has-background\">Most common profile with plaster stop tab<\/p>\n<\/div>\n\n\n\n<div class=\"wp-block-column is-layout-flow wp-block-column-is-layout-flow\">\n<figure class=\"wp-block-image size-full\"><img loading=\"lazy\" decoding=\"async\" width=\"829\" height=\"604\" src=\"https:\/\/www.fixolite.eu\/wp-content\/uploads\/2023\/10\/R-827.png\" alt=\"\" class=\"wp-image-942\" srcset=\"https:\/\/fixolite.eu\/wp-content\/uploads\/2023\/10\/R-827.png 829w, https:\/\/fixolite.eu\/wp-content\/uploads\/2023\/10\/R-827-300x219.png 300w, https:\/\/fixolite.eu\/wp-content\/uploads\/2023\/10\/R-827-768x560.png 768w, https:\/\/fixolite.eu\/wp-content\/uploads\/2023\/10\/R-827-16x12.png 16w\" sizes=\"auto, (max-width: 829px) 100vw, 829px\" \/><\/figure>\n<\/div>\n<\/div>\n\n\n\n<div class=\"wp-block-columns is-layout-flex wp-container-core-columns-is-layout-28f84493 wp-block-columns-is-layout-flex\">\n<div class=\"wp-block-column is-layout-flow wp-block-column-is-layout-flow\">\n<h3 class=\"wp-block-heading has-text-align-center has-tertiary-background-color has-background\">830<\/h3>\n\n\n\n<p class=\"has-text-align-center has-quaternary-background-color has-background\">Alternative to Channel 8, with deeper underside notch<\/p>\n<\/div>\n\n\n\n<div class=\"wp-block-column is-layout-flow wp-block-column-is-layout-flow\">\n<figure class=\"wp-block-image size-full\"><img loading=\"lazy\" decoding=\"async\" width=\"890\" height=\"666\" src=\"https:\/\/www.fixolite.eu\/wp-content\/uploads\/2023\/10\/R-830.png\" alt=\"\" class=\"wp-image-931\" srcset=\"https:\/\/fixolite.eu\/wp-content\/uploads\/2023\/10\/R-830.png 890w, https:\/\/fixolite.eu\/wp-content\/uploads\/2023\/10\/R-830-300x224.png 300w, https:\/\/fixolite.eu\/wp-content\/uploads\/2023\/10\/R-830-768x575.png 768w, https:\/\/fixolite.eu\/wp-content\/uploads\/2023\/10\/R-830-16x12.png 16w\" sizes=\"auto, (max-width: 890px) 100vw, 890px\" \/><\/figure>\n<\/div>\n<\/div>\n\n\n\n<div class=\"wp-block-columns is-layout-flex wp-container-core-columns-is-layout-28f84493 wp-block-columns-is-layout-flex\">\n<div class=\"wp-block-column is-layout-flow wp-block-column-is-layout-flow\">\n<h3 class=\"wp-block-heading has-text-align-center has-tertiary-background-color has-background\">8F<\/h3>\n\n\n\n<p class=\"has-text-align-center has-quaternary-background-color has-background\">Enables a rail cover to be fitted<\/p>\n<\/div>\n\n\n\n<div class=\"wp-block-column is-layout-flow wp-block-column-is-layout-flow\">\n<figure class=\"wp-block-image size-full\"><img loading=\"lazy\" decoding=\"async\" width=\"811\" height=\"618\" src=\"https:\/\/www.fixolite.eu\/wp-content\/uploads\/2023\/10\/R-8F.png\" alt=\"\" class=\"wp-image-937\" srcset=\"https:\/\/fixolite.eu\/wp-content\/uploads\/2023\/10\/R-8F.png 811w, https:\/\/fixolite.eu\/wp-content\/uploads\/2023\/10\/R-8F-300x229.png 300w, https:\/\/fixolite.eu\/wp-content\/uploads\/2023\/10\/R-8F-768x585.png 768w, https:\/\/fixolite.eu\/wp-content\/uploads\/2023\/10\/R-8F-16x12.png 16w\" sizes=\"auto, (max-width: 811px) 100vw, 811px\" \/><\/figure>\n<\/div>\n<\/div>\n<\/div>\n\n\n<h3 class=\"wp-block-heading\" id=\"profils-interieurs\">Internal profiles<\/h3>\n\n\n<p>Internal profiles do not usually have a plaster stop tab.<\/p>\n\n\n\n<div class=\"wp-block-group has-global-padding is-layout-constrained wp-block-group-is-layout-constrained\">\n<div class=\"wp-block-columns is-layout-flex wp-container-core-columns-is-layout-28f84493 wp-block-columns-is-layout-flex\">\n<div class=\"wp-block-column is-layout-flow wp-block-column-is-layout-flow\"><h3 class=\"wp-block-heading has-text-align-center has-tertiary-background-color has-background\" id=\"8h\">8H<\/h3>\n\n\n<p class=\"has-text-align-center has-quaternary-background-color has-background\">Most common profile<\/p>\n<\/div>\n\n\n\n<div class=\"wp-block-column is-layout-flow wp-block-column-is-layout-flow\">\n<figure class=\"wp-block-image aligncenter size-full is-resized\"><img loading=\"lazy\" decoding=\"async\" width=\"586\" height=\"533\" src=\"https:\/\/www.fixolite.eu\/wp-content\/uploads\/2023\/10\/R-8H.png\" alt=\"\" class=\"wp-image-938\" style=\"aspect-ratio:1.099437148217636;width:270px;height:auto\" srcset=\"https:\/\/fixolite.eu\/wp-content\/uploads\/2023\/10\/R-8H.png 586w, https:\/\/fixolite.eu\/wp-content\/uploads\/2023\/10\/R-8H-300x273.png 300w, https:\/\/fixolite.eu\/wp-content\/uploads\/2023\/10\/R-8H-13x12.png 13w\" sizes=\"auto, (max-width: 586px) 100vw, 586px\" \/><\/figure>\n<\/div>\n<\/div>\n<\/div>\n\n\n<h2 class=\"wp-block-heading\" id=\"ref\">References<\/h2>\n\n\n<p>Here are the most common references according to our nomenclature. Other models are available.<\/p>\n\n\n\n<figure id=\"fiches-technique\" class=\"wp-block-table is-style-stripes\"><table class=\"has-fixed-layout\"><thead><tr><th><strong>Reference<\/strong><\/th><th><strong>Description<\/strong><\/th><\/tr><\/thead><tbody><tr><td><a href=\"https:\/\/doc.fixolite.eu\/C-L20H30_8-8H_F\" target=\"_blank\" rel=\"noreferrer noopener\">C-L20H30 8-8H+F<\/a><\/td><td>Box (6 m), half-lintel model, W: 200, H: 295, tunnel: 174, 827\/8H track, fibragglo finish, colour blue<\/td><\/tr><tr><td><a href=\"https:\/\/doc.fixolite.eu\/C-L20H30_8-8H_TC\" target=\"_blank\" rel=\"noreferrer noopener\">C-L20H30 8-8H+TC<\/a><\/td><td>Trunk (6 m) half-lintel model, W: 200, H: 295, tunnel: 174, 827\/8H rail, terracotta finish, colour blue<\/td><\/tr><\/tbody><\/table><\/figure>","protected":false},"excerpt":{"rendered":"<p>Ce coffre est de plus en plus demand\u00e9 par les constructeurs. Il est adapt\u00e9 pour les fermetures \u00ab&nbsp;bloc-baies&nbsp;\u00bb : des syst\u00e8mes de fermeture associent le volet aux montants des fen\u00eatres.&nbsp; Tous les coffres FIXOLITE ont subit des tests complets et sont certifi\u00e9s par un AVIS TECHNIQUE du CSTB (Coffres demi-linteaux) Un avis technique sp\u00e9cifique est [&hellip;]<\/p>","protected":false},"author":1,"featured_media":1930,"parent":721,"menu_order":5,"comment_status":"closed","ping_status":"closed","template":"","meta":{"footnotes":""},"class_list":["post-734","page","type-page","status-publish","has-post-thumbnail","hentry"],"yoast_head":"<!-- This site is optimized with the Yoast SEO Premium plugin v24.3 (Yoast SEO v24.9) - https:\/\/yoast.com\/wordpress\/plugins\/seo\/ -->\n<title>Coffres demi-linteau - FIXOLITE<\/title>\n<meta name=\"robots\" content=\"index, follow, max-snippet:-1, max-image-preview:large, max-video-preview:-1\" \/>\n<link rel=\"canonical\" href=\"http:\/\/fixolite.be\/de\/tunnelkasten-rollladen\/halbsturzkasten\/\" \/>\n<meta property=\"og:locale\" content=\"en_GB\" \/>\n<meta property=\"og:type\" content=\"article\" \/>\n<meta property=\"og:title\" content=\"Coffres demi-linteau\" \/>\n<meta property=\"og:description\" content=\"Ce coffre est de plus en plus demand\u00e9 par les constructeurs. Il est adapt\u00e9 pour les fermetures \u00ab&nbsp;bloc-baies&nbsp;\u00bb : des syst\u00e8mes de fermeture associent le volet aux montants des fen\u00eatres.&nbsp; Tous les coffres FIXOLITE ont subit des tests complets et sont certifi\u00e9s par un AVIS TECHNIQUE du CSTB (Coffres demi-linteaux) Un avis technique sp\u00e9cifique est [&hellip;]\" \/>\n<meta property=\"og:url\" content=\"http:\/\/fixolite.be\/de\/tunnelkasten-rollladen\/halbsturzkasten\/\" \/>\n<meta property=\"og:site_name\" content=\"FIXOLITE\" \/>\n<meta property=\"article:modified_time\" content=\"2025-11-26T09:18:39+00:00\" \/>\n<meta property=\"og:image\" content=\"https:\/\/fixolite.be\/wp-content\/uploads\/coffres-l.jpg\" \/>\n\t<meta property=\"og:image:width\" content=\"739\" \/>\n\t<meta property=\"og:image:height\" content=\"913\" \/>\n\t<meta property=\"og:image:type\" content=\"image\/jpeg\" \/>\n<meta name=\"twitter:card\" content=\"summary_large_image\" \/>\n<meta name=\"twitter:label1\" content=\"Estimated reading time\" \/>\n\t<meta name=\"twitter:data1\" content=\"5 minutes\" \/>\n<script type=\"application\/ld+json\" class=\"yoast-schema-graph\">{\"@context\":\"https:\/\/schema.org\",\"@graph\":[{\"@type\":\"WebPage\",\"@id\":\"http:\/\/fixolite.be\/de\/tunnelkasten-rollladen\/halbsturzkasten\/\",\"url\":\"http:\/\/fixolite.be\/de\/tunnelkasten-rollladen\/halbsturzkasten\/\",\"name\":\"Coffres demi-linteau - FIXOLITE\",\"isPartOf\":{\"@id\":\"https:\/\/www.fixolite.eu\/en\/#website\"},\"primaryImageOfPage\":{\"@id\":\"http:\/\/fixolite.be\/de\/tunnelkasten-rollladen\/halbsturzkasten\/#primaryimage\"},\"image\":{\"@id\":\"http:\/\/fixolite.be\/de\/tunnelkasten-rollladen\/halbsturzkasten\/#primaryimage\"},\"thumbnailUrl\":\"https:\/\/fixolite.eu\/wp-content\/uploads\/coffres-l.jpg\",\"datePublished\":\"2023-10-19T13:45:16+00:00\",\"dateModified\":\"2025-11-26T09:18:39+00:00\",\"breadcrumb\":{\"@id\":\"http:\/\/fixolite.be\/de\/tunnelkasten-rollladen\/halbsturzkasten\/#breadcrumb\"},\"inLanguage\":\"en-GB\",\"potentialAction\":[{\"@type\":\"ReadAction\",\"target\":[\"http:\/\/fixolite.be\/de\/tunnelkasten-rollladen\/halbsturzkasten\/\"]}]},{\"@type\":\"ImageObject\",\"inLanguage\":\"en-GB\",\"@id\":\"http:\/\/fixolite.be\/de\/tunnelkasten-rollladen\/halbsturzkasten\/#primaryimage\",\"url\":\"https:\/\/fixolite.eu\/wp-content\/uploads\/coffres-l.jpg\",\"contentUrl\":\"https:\/\/fixolite.eu\/wp-content\/uploads\/coffres-l.jpg\",\"width\":739,\"height\":913},{\"@type\":\"BreadcrumbList\",\"@id\":\"http:\/\/fixolite.be\/de\/tunnelkasten-rollladen\/halbsturzkasten\/#breadcrumb\",\"itemListElement\":[{\"@type\":\"ListItem\",\"position\":1,\"name\":\"Accueil\",\"item\":\"https:\/\/www.fixolite.eu\/en\/\"},{\"@type\":\"ListItem\",\"position\":2,\"name\":\"Coffres tunnels pour volets\",\"item\":\"https:\/\/www.fixolite.eu\/coffres-tunnel-volet-roulant\/\"},{\"@type\":\"ListItem\",\"position\":3,\"name\":\"Coffres demi-linteau\"}]},{\"@type\":\"WebSite\",\"@id\":\"https:\/\/www.fixolite.eu\/en\/#website\",\"url\":\"https:\/\/www.fixolite.eu\/en\/\",\"name\":\"Fixolite\",\"description\":\"Le sp\u00e9cialiste des coffres tunnel pour volets roulants\/BSO et blocs de construction bois-ciment super isolants\",\"publisher\":{\"@id\":\"https:\/\/www.fixolite.eu\/en\/#organization\"},\"alternateName\":\"Coffres tunnel Fixolite\",\"potentialAction\":[{\"@type\":\"SearchAction\",\"target\":{\"@type\":\"EntryPoint\",\"urlTemplate\":\"https:\/\/www.fixolite.eu\/en\/?s={search_term_string}\"},\"query-input\":{\"@type\":\"PropertyValueSpecification\",\"valueRequired\":true,\"valueName\":\"search_term_string\"}}],\"inLanguage\":\"en-GB\"},{\"@type\":\"Organization\",\"@id\":\"https:\/\/www.fixolite.eu\/en\/#organization\",\"name\":\"FIXOLITE\",\"alternateName\":\"Coffre tunnel Fixolite\",\"url\":\"https:\/\/www.fixolite.eu\/en\/\",\"logo\":{\"@type\":\"ImageObject\",\"inLanguage\":\"en-GB\",\"@id\":\"https:\/\/www.fixolite.eu\/en\/#\/schema\/logo\/image\/\",\"url\":\"https:\/\/www.fixolite.eu\/wp-content\/uploads\/2023\/10\/fixolite-logo-vestorise.png\",\"contentUrl\":\"https:\/\/www.fixolite.eu\/wp-content\/uploads\/2023\/10\/fixolite-logo-vestorise.png\",\"width\":1446,\"height\":252,\"caption\":\"FIXOLITE\"},\"image\":{\"@id\":\"https:\/\/www.fixolite.eu\/en\/#\/schema\/logo\/image\/\"},\"description\":\"Grossiste en coffre tunnel pour volet roulant\",\"email\":\"info@fixolite.be\",\"telephone\":\"+32 71 25 87 90\",\"legalName\":\"FIXOLITE ISUNES S.A\",\"foundingDate\":\"1945-06-01\",\"vatID\":\"BE0401648294\",\"numberOfEmployees\":{\"@type\":\"QuantitativeValue\",\"minValue\":\"11\",\"maxValue\":\"50\"},\"publishingPrinciples\":\"https:\/\/www.fixolite.eu\/en\/privacy-policy\/\"}]}<\/script>\n<!-- \/ Yoast SEO Premium plugin. -->","yoast_head_json":{"title":"Coffres demi-linteau - FIXOLITE","robots":{"index":"index","follow":"follow","max-snippet":"max-snippet:-1","max-image-preview":"max-image-preview:large","max-video-preview":"max-video-preview:-1"},"canonical":"http:\/\/fixolite.be\/de\/tunnelkasten-rollladen\/halbsturzkasten\/","og_locale":"en_GB","og_type":"article","og_title":"Coffres demi-linteau","og_description":"Ce coffre est de plus en plus demand\u00e9 par les constructeurs. Il est adapt\u00e9 pour les fermetures \u00ab&nbsp;bloc-baies&nbsp;\u00bb : des syst\u00e8mes de fermeture associent le volet aux montants des fen\u00eatres.&nbsp; Tous les coffres FIXOLITE ont subit des tests complets et sont certifi\u00e9s par un AVIS TECHNIQUE du CSTB (Coffres demi-linteaux) Un avis technique sp\u00e9cifique est [&hellip;]","og_url":"http:\/\/fixolite.be\/de\/tunnelkasten-rollladen\/halbsturzkasten\/","og_site_name":"FIXOLITE","article_modified_time":"2025-11-26T09:18:39+00:00","og_image":[{"width":739,"height":913,"url":"https:\/\/fixolite.be\/wp-content\/uploads\/coffres-l.jpg","type":"image\/jpeg"}],"twitter_card":"summary_large_image","twitter_misc":{"Estimated reading time":"5 minutes"},"schema":{"@context":"https:\/\/schema.org","@graph":[{"@type":"WebPage","@id":"http:\/\/fixolite.be\/de\/tunnelkasten-rollladen\/halbsturzkasten\/","url":"http:\/\/fixolite.be\/de\/tunnelkasten-rollladen\/halbsturzkasten\/","name":"Coffres demi-linteau - FIXOLITE","isPartOf":{"@id":"https:\/\/www.fixolite.eu\/en\/#website"},"primaryImageOfPage":{"@id":"http:\/\/fixolite.be\/de\/tunnelkasten-rollladen\/halbsturzkasten\/#primaryimage"},"image":{"@id":"http:\/\/fixolite.be\/de\/tunnelkasten-rollladen\/halbsturzkasten\/#primaryimage"},"thumbnailUrl":"https:\/\/fixolite.eu\/wp-content\/uploads\/coffres-l.jpg","datePublished":"2023-10-19T13:45:16+00:00","dateModified":"2025-11-26T09:18:39+00:00","breadcrumb":{"@id":"http:\/\/fixolite.be\/de\/tunnelkasten-rollladen\/halbsturzkasten\/#breadcrumb"},"inLanguage":"en-GB","potentialAction":[{"@type":"ReadAction","target":["http:\/\/fixolite.be\/de\/tunnelkasten-rollladen\/halbsturzkasten\/"]}]},{"@type":"ImageObject","inLanguage":"en-GB","@id":"http:\/\/fixolite.be\/de\/tunnelkasten-rollladen\/halbsturzkasten\/#primaryimage","url":"https:\/\/fixolite.eu\/wp-content\/uploads\/coffres-l.jpg","contentUrl":"https:\/\/fixolite.eu\/wp-content\/uploads\/coffres-l.jpg","width":739,"height":913},{"@type":"BreadcrumbList","@id":"http:\/\/fixolite.be\/de\/tunnelkasten-rollladen\/halbsturzkasten\/#breadcrumb","itemListElement":[{"@type":"ListItem","position":1,"name":"Accueil","item":"https:\/\/www.fixolite.eu\/en\/"},{"@type":"ListItem","position":2,"name":"Coffres tunnels pour volets","item":"https:\/\/www.fixolite.eu\/coffres-tunnel-volet-roulant\/"},{"@type":"ListItem","position":3,"name":"Coffres demi-linteau"}]},{"@type":"WebSite","@id":"https:\/\/www.fixolite.eu\/en\/#website","url":"https:\/\/www.fixolite.eu\/en\/","name":"Fixolite","description":"Le sp\u00e9cialiste des coffres tunnel pour volets roulants\/BSO et blocs de construction bois-ciment super isolants","publisher":{"@id":"https:\/\/www.fixolite.eu\/en\/#organization"},"alternateName":"Coffres tunnel Fixolite","potentialAction":[{"@type":"SearchAction","target":{"@type":"EntryPoint","urlTemplate":"https:\/\/www.fixolite.eu\/en\/?s={search_term_string}"},"query-input":{"@type":"PropertyValueSpecification","valueRequired":true,"valueName":"search_term_string"}}],"inLanguage":"en-GB"},{"@type":"Organization","@id":"https:\/\/www.fixolite.eu\/en\/#organization","name":"FIXOLITE","alternateName":"Coffre tunnel Fixolite","url":"https:\/\/www.fixolite.eu\/en\/","logo":{"@type":"ImageObject","inLanguage":"en-GB","@id":"https:\/\/www.fixolite.eu\/en\/#\/schema\/logo\/image\/","url":"https:\/\/www.fixolite.eu\/wp-content\/uploads\/2023\/10\/fixolite-logo-vestorise.png","contentUrl":"https:\/\/www.fixolite.eu\/wp-content\/uploads\/2023\/10\/fixolite-logo-vestorise.png","width":1446,"height":252,"caption":"FIXOLITE"},"image":{"@id":"https:\/\/www.fixolite.eu\/en\/#\/schema\/logo\/image\/"},"description":"Grossiste en coffre tunnel pour volet roulant","email":"info@fixolite.be","telephone":"+32 71 25 87 90","legalName":"FIXOLITE ISUNES S.A","foundingDate":"1945-06-01","vatID":"BE0401648294","numberOfEmployees":{"@type":"QuantitativeValue","minValue":"11","maxValue":"50"},"publishingPrinciples":"https:\/\/www.fixolite.eu\/en\/privacy-policy\/"}]}},"_links":{"self":[{"href":"https:\/\/fixolite.eu\/en\/wp-json\/wp\/v2\/pages\/734","targetHints":{"allow":["GET"]}}],"collection":[{"href":"https:\/\/fixolite.eu\/en\/wp-json\/wp\/v2\/pages"}],"about":[{"href":"https:\/\/fixolite.eu\/en\/wp-json\/wp\/v2\/types\/page"}],"author":[{"embeddable":true,"href":"https:\/\/fixolite.eu\/en\/wp-json\/wp\/v2\/users\/1"}],"replies":[{"embeddable":true,"href":"https:\/\/fixolite.eu\/en\/wp-json\/wp\/v2\/comments?post=734"}],"version-history":[{"count":20,"href":"https:\/\/fixolite.eu\/en\/wp-json\/wp\/v2\/pages\/734\/revisions"}],"predecessor-version":[{"id":2663,"href":"https:\/\/fixolite.eu\/en\/wp-json\/wp\/v2\/pages\/734\/revisions\/2663"}],"up":[{"embeddable":true,"href":"https:\/\/fixolite.eu\/en\/wp-json\/wp\/v2\/pages\/721"}],"wp:featuredmedia":[{"embeddable":true,"href":"https:\/\/fixolite.eu\/en\/wp-json\/wp\/v2\/media\/1930"}],"wp:attachment":[{"href":"https:\/\/fixolite.eu\/en\/wp-json\/wp\/v2\/media?parent=734"}],"curies":[{"name":"wp","href":"https:\/\/api.w.org\/{rel}","templated":true}]}}