{"id":639,"date":"2023-10-16T15:50:32","date_gmt":"2023-10-16T13:50:32","guid":{"rendered":"https:\/\/www.fixolite.eu\/?page_id=639"},"modified":"2026-02-04T11:43:47","modified_gmt":"2026-02-04T10:43:47","slug":"fixolite","status":"publish","type":"page","link":"https:\/\/fixolite.eu\/en\/fixolite\/","title":{"rendered":"Who are we?"},"content":{"rendered":"<figure class=\"wp-block-image alignfull size-full\"><img loading=\"lazy\" decoding=\"async\" width=\"1020\" height=\"222\" src=\"https:\/\/www.fixolite.eu\/wp-content\/uploads\/2023\/10\/fixolite-thimeon-banniere-scaled.jpg\" alt=\"\" class=\"wp-image-1036\" srcset=\"https:\/\/fixolite.eu\/wp-content\/uploads\/2023\/10\/fixolite-thimeon-banniere-scaled.jpg 1020w, https:\/\/fixolite.eu\/wp-content\/uploads\/2023\/10\/fixolite-thimeon-banniere-300x65.jpg 300w, https:\/\/fixolite.eu\/wp-content\/uploads\/2023\/10\/fixolite-thimeon-banniere-1024x223.jpg 1024w, https:\/\/fixolite.eu\/wp-content\/uploads\/2023\/10\/fixolite-thimeon-banniere-768x167.jpg 768w, https:\/\/fixolite.eu\/wp-content\/uploads\/2023\/10\/fixolite-thimeon-banniere-1536x335.jpg 1536w, https:\/\/fixolite.eu\/wp-content\/uploads\/2023\/10\/fixolite-thimeon-banniere-2048x446.jpg 2048w, https:\/\/fixolite.eu\/wp-content\/uploads\/2023\/10\/fixolite-thimeon-banniere-18x4.jpg 18w\" sizes=\"auto, (max-width: 1020px) 100vw, 1020px\" \/><\/figure>\n\n\n\n<p>Fixolite, located near Charleroi, south of Brussels in Belgium, specialises in&nbsp;<strong>since 1945<\/strong>&nbsp;in the manufacture of&nbsp;<strong>insulating building materials<\/strong>.<\/p>\n\n\n\n<p>Including&nbsp;<strong>Hi blocks <\/strong>(High Insulation) or&nbsp;<strong>tunnel box for Hi shutter <\/strong>enabling the creation of&nbsp;<strong>BBC or passive houses<\/strong>Fixolite is the answer to&nbsp;<strong>European standards in force<\/strong>.<\/p>\n\n\n\n<p>Production is&nbsp;<strong>exported to various countries<\/strong>&nbsp;European countries such as France, Germany, Italy, Portugal and the Netherlands, as well as in North Africa. These materials are used in the construction of buildings such as &nbsp;<strong>schools, sports halls, detached houses, blocks of flats or flats, industrial and tertiary buildings<\/strong>etc. ...<\/p>\n\n\n\n<hr class=\"wp-block-separator has-alpha-channel-opacity\"\/>\n\n\n\n<p>The&nbsp;<strong><a href=\"https:\/\/fixolite.eu\/en\/building-blocks\/\">Fixolite blocks<\/a><\/strong>&nbsp;are made up of&nbsp;<strong>wood\/Portland cement<\/strong>&nbsp;and conventional or graphite insulation (inside or outside). The blocks are dry-assembled (except for the first row). Concrete is then poured to provide a solid surface. <strong>mechanical strength <\/strong>to the whole, while also ensuring <strong>thermal inertia <\/strong>and a <strong>acoustic comfort<\/strong>&nbsp;(RT 2012). The blocks are manufactured at our Fixolite factory in Belgium and also at our <a href=\"http:\/\/www.isobloc.it\/\" target=\"_blank\" rel=\"noreferrer noopener\"><strong>Isobloc<\/strong><\/a> in Italy.<\/p>\n\n\n\n<figure class=\"wp-block-image aligncenter size-large is-resized\"><img loading=\"lazy\" decoding=\"async\" width=\"1024\" height=\"363\" src=\"https:\/\/www.fixolite.eu\/wp-content\/uploads\/2023\/10\/Meme-epaisseur-30-isolation-1024x363.png\" alt=\"\" class=\"wp-image-763\" style=\"aspect-ratio:2.8209366391184574;width:550px;height:auto\" srcset=\"https:\/\/fixolite.eu\/wp-content\/uploads\/2023\/10\/Meme-epaisseur-30-isolation-1024x363.png 1024w, https:\/\/fixolite.eu\/wp-content\/uploads\/2023\/10\/Meme-epaisseur-30-isolation-300x106.png 300w, https:\/\/fixolite.eu\/wp-content\/uploads\/2023\/10\/Meme-epaisseur-30-isolation-768x273.png 768w, https:\/\/fixolite.eu\/wp-content\/uploads\/2023\/10\/Meme-epaisseur-30-isolation-1536x545.png 1536w, https:\/\/fixolite.eu\/wp-content\/uploads\/2023\/10\/Meme-epaisseur-30-isolation.png 2048w, https:\/\/fixolite.eu\/wp-content\/uploads\/2023\/10\/Meme-epaisseur-30-isolation-18x6.png 18w\" sizes=\"auto, (max-width: 1024px) 100vw, 1024px\" \/><\/figure>\n\n\n\n<p>While the principle is exactly the same between Fixolite blocks (Belgium) and Isobloc (Italy), the block models are different with advantages for each.<\/p>\n\n\n\n<hr class=\"wp-block-separator has-alpha-channel-opacity\"\/>\n\n\n\n<p>The&nbsp;<strong><a href=\"\/en\/coffres-linteaux\/\">tunnel boxes<\/a> <\/strong>are made up of a&nbsp;<strong>polystyrene shell with steel reinforcement<\/strong>. The exterior is clad with fibre, brick, concrete or ribbed (EPS) cladding. Fixolite lintel boxes can be fitted with all the roller shutters on the market.<\/p>\n\n\n\n<figure class=\"wp-block-image aligncenter size-large is-resized\"><img loading=\"lazy\" decoding=\"async\" width=\"1024\" height=\"743\" src=\"https:\/\/www.fixolite.eu\/wp-content\/uploads\/2023\/10\/Coffre-composition-3D-1024x743.png\" alt=\"\" class=\"wp-image-701\" style=\"aspect-ratio:1.3781965006729475;width:495px;height:auto\" srcset=\"https:\/\/fixolite.eu\/wp-content\/uploads\/2023\/10\/Coffre-composition-3D-1024x743.png 1024w, https:\/\/fixolite.eu\/wp-content\/uploads\/2023\/10\/Coffre-composition-3D-300x218.png 300w, https:\/\/fixolite.eu\/wp-content\/uploads\/2023\/10\/Coffre-composition-3D-768x557.png 768w, https:\/\/fixolite.eu\/wp-content\/uploads\/2023\/10\/Coffre-composition-3D-1536x1114.png 1536w, https:\/\/fixolite.eu\/wp-content\/uploads\/2023\/10\/Coffre-composition-3D-18x12.png 18w, https:\/\/fixolite.eu\/wp-content\/uploads\/2023\/10\/Coffre-composition-3D.png 1817w\" sizes=\"auto, (max-width: 1024px) 100vw, 1024px\" \/><\/figure>\n\n\n\n<div class=\"wp-block-group has-tertiary-background-color has-background has-global-padding is-layout-constrained wp-container-core-group-is-layout-c312d2cd wp-block-group-is-layout-constrained\" style=\"padding-right:var(--wp--preset--spacing--x-small);padding-left:var(--wp--preset--spacing--x-small)\"><h2 class=\"wp-block-heading\" id=\"quelques-dates\">A few dates<\/h2>\n\n\n<figure id=\"history\" class=\"wp-block-table is-style-stripes\"><table><tbody><tr><td>1945<\/td><td>Creation of Fixolite Usines<\/td><\/tr><tr><td>1957<\/td><td>Relocation to the former rolling mills in Thim\u00e9on and production of wood-cement building blocks<\/td><\/tr><tr><td>1980<\/td><td>The founder's son becomes CEO and starts distributing lintel boxes <a href=\"https:\/\/www.beck-heun.de\/\" data-type=\"link\" data-id=\"https:\/\/www.beck-heun.de\/\">Beck<\/a> in France<\/td><\/tr><tr><td>2001<\/td><td>Fixolite starts manufacturing tunnel \/ lintel boxes (marketed in Europe) and registers numerous patents.<\/td><\/tr><tr><td>2004<\/td><td>Creation of the subsidiary <a href=\"https:\/\/www.isobloc.it\" data-type=\"link\" data-id=\"https:\/\/www.isobloc.it\">Isobloc<\/a> in Italy for the manufacture of the blocks<\/td><\/tr><tr><td>2022<\/td><td>A group operating in the industrial sector takes over the business and sets up a new management team<\/td><\/tr><\/tbody><\/table><\/figure>\n<\/div>\n\n\n\n<div class=\"wp-block-group has-border-color has-transparent-border-color has-quaternary-background-color has-background has-global-padding is-layout-constrained wp-container-core-group-is-layout-acdf3422 wp-block-group-is-layout-constrained\" style=\"margin-top:var(--wp--preset--spacing--x-small);margin-bottom:var(--wp--preset--spacing--x-small);padding-right:var(--wp--preset--spacing--x-small);padding-left:var(--wp--preset--spacing--x-small)\"><h2 class=\"wp-block-heading\" id=\"contact\">Contact us...<\/h2>\n\n\n<p class=\"has-text-align-center has-luminous-vivid-amber-background-color has-background\">FIXOLITE is a wholesaler of tunnel boxes for roller shutters. <br>et blocs de construction.<\/p>\n\n\n\n<p class=\"has-text-align-center has-luminous-vivid-amber-background-color has-background\">If you would like a quote, please complete the following form <br>the name, address and VAT of your company.<\/p>\n\n\n<div class=\"wpforms-container wpforms-container-full wpforms-block wpforms-block-bfe5ad02-4d25-4284-a7c6-1be021e94330 wpforms-render-modern\" id=\"wpforms-624\"><form id=\"wpforms-form-624\" class=\"wpforms-validate wpforms-form\" data-formid=\"624\" method=\"post\" enctype=\"multipart\/form-data\" action=\"\/en\/wp-json\/wp\/v2\/pages\/639\" data-token=\"12c03d0c0b326648e67726fb8d8ec7dc\" data-token-time=\"1775604153\" data-trp-original-action=\"\/en\/wp-json\/wp\/v2\/pages\/639\"><noscript class=\"wpforms-error-noscript\">Please enable JavaScript in your browser to complete this form.<\/noscript><div class=\"wpforms-hidden\" id=\"wpforms-error-noscript\">Please enable JavaScript in your browser to complete this form.<\/div><div class=\"wpforms-field-container\"><div id=\"wpforms-624-field_0-container\" class=\"wpforms-field wpforms-field-name\" data-field-id=\"0\"><label class=\"wpforms-field-label\" for=\"wpforms-624-field_0\">Name <span class=\"wpforms-required-label\" aria-hidden=\"true\">*<\/span><\/label><input type=\"text\" id=\"wpforms-624-field_0\" class=\"wpforms-field-large wpforms-field-required\" name=\"wpforms[fields][0]\" aria-errormessage=\"wpforms-624-field_0-error\" required><\/div><div id=\"wpforms-624-field_4-container\" class=\"wpforms-field wpforms-field-name\" data-field-id=\"4\"><label class=\"wpforms-field-label\" for=\"wpforms-624-field_4\">Company<\/label><input type=\"text\" id=\"wpforms-624-field_4\" class=\"wpforms-field-large\" name=\"wpforms[fields][4]\" aria-errormessage=\"wpforms-624-field_4-error\" ><\/div><div id=\"wpforms-624-field_6-container\" class=\"wpforms-field wpforms-field-text\" data-field-id=\"6\"><label class=\"wpforms-field-label\" for=\"wpforms-624-field_6\">Adresse, code postal et ville<\/label><input type=\"text\" id=\"wpforms-624-field_6\" class=\"wpforms-field-large\" name=\"wpforms[fields][6]\" aria-errormessage=\"wpforms-624-field_6-error\" ><\/div><div id=\"wpforms-624-field_1-container\" class=\"wpforms-field wpforms-field-email\" data-field-id=\"1\"><label class=\"wpforms-field-label\" for=\"wpforms-624-field_1\">Your e-mail <span class=\"wpforms-required-label\" aria-hidden=\"true\">*<\/span><\/label><input type=\"email\" id=\"wpforms-624-field_1\" class=\"wpforms-field-large wpforms-field-required\" name=\"wpforms[fields][1]\" spellcheck=\"false\" aria-errormessage=\"wpforms-624-field_1-error\" required><\/div><div id=\"wpforms-624-field_5-container\" class=\"wpforms-field wpforms-field-text\" data-field-id=\"5\"><label class=\"wpforms-field-label\" for=\"wpforms-624-field_5\">Telephone<\/label><input type=\"text\" id=\"wpforms-624-field_5\" class=\"wpforms-field-large\" name=\"wpforms[fields][5]\" aria-errormessage=\"wpforms-624-field_5-error\" ><\/div><div id=\"wpforms-624-field_3-container\" class=\"wpforms-field wpforms-field-radio wpforms-list-inline\" data-field-id=\"3\"><fieldset><legend class=\"wpforms-field-label\">You are interested in<\/legend><ul id=\"wpforms-624-field_3\"><li class=\"choice-1 depth-1\"><input type=\"radio\" id=\"wpforms-624-field_3_1\" name=\"wpforms[fields][3]\" value=\"Coffres linteaux pour volets\" aria-errormessage=\"wpforms-624-field_3_1-error\"  ><label class=\"wpforms-field-label-inline\" for=\"wpforms-624-field_3_1\">Lintel boxes for roller shutter<\/label><\/li><li class=\"choice-2 depth-1\"><input type=\"radio\" id=\"wpforms-624-field_3_2\" name=\"wpforms[fields][3]\" value=\"Blocs de construction bois-ciment\" aria-errormessage=\"wpforms-624-field_3_2-error\"  ><label class=\"wpforms-field-label-inline\" for=\"wpforms-624-field_3_2\">Timber-cement building blocks<\/label><\/li><li class=\"choice-3 depth-1\"><input type=\"radio\" id=\"wpforms-624-field_3_3\" name=\"wpforms[fields][3]\" value=\"Autre\" aria-errormessage=\"wpforms-624-field_3_3-error\"  ><label class=\"wpforms-field-label-inline\" for=\"wpforms-624-field_3_3\">Other<\/label><\/li><\/ul><\/fieldset><\/div><div id=\"wpforms-624-field_2-container\" class=\"wpforms-field wpforms-field-textarea\" data-field-id=\"2\"><label class=\"wpforms-field-label\" for=\"wpforms-624-field_2\">Your message <span class=\"wpforms-required-label\" aria-hidden=\"true\">*<\/span><\/label><textarea id=\"wpforms-624-field_2\" class=\"wpforms-field-medium wpforms-field-required wpforms-limit-characters-enabled\" data-form-id=\"624\" data-field-id=\"2\" data-text-limit=\"500\" name=\"wpforms[fields][2]\" aria-errormessage=\"wpforms-624-field_2-error\" maxlength=\"500\" required><\/textarea><\/div><\/div><!-- .wpforms-field-container --><div class=\"wpforms-field wpforms-field-hp\"><label for=\"wpforms-624-field-hp\" class=\"wpforms-field-label\">Phone<\/label><input type=\"text\" name=\"wpforms[hp]\" id=\"wpforms-624-field-hp\" class=\"wpforms-field-medium\"><\/div><div class=\"wpforms-recaptcha-container wpforms-is-hcaptcha\" ><div class=\"g-recaptcha\" data-sitekey=\"dbea0036-2d9a-407c-8f15-a9ce625ffbf6\"><\/div><input type=\"text\" name=\"g-recaptcha-hidden\" class=\"wpforms-recaptcha-hidden\" style=\"position:absolute!important;clip:rect(0,0,0,0)!important;height:1px!important;width:1px!important;border:0!important;overflow:hidden!important;padding:0!important;margin:0!important;\" data-rule-hcaptcha=\"1\"><\/div><div class=\"wpforms-submit-container\" ><input type=\"hidden\" name=\"wpforms[id]\" value=\"624\"><input type=\"hidden\" name=\"page_title\" value=\"\"><input type=\"hidden\" name=\"page_url\" value=\"https:\/\/fixolite.eu\/en\/wp-json\/wp\/v2\/pages\/639\"><input type=\"hidden\" name=\"url_referer\" value=\"\"><button type=\"submit\" name=\"wpforms[submit]\" id=\"wpforms-submit-624\" class=\"wpforms-submit\" data-alt-text=\"Sending...\" data-submit-text=\"Send Message\" aria-live=\"assertive\" value=\"wpforms-submit\">Send Message<\/button><\/div><input type=\"hidden\" name=\"trp-form-language\" value=\"en\"\/><\/form><\/div>  <!-- .wpforms-container --><\/div>","protected":false},"excerpt":{"rendered":"<p>Fixolite, based near Charleroi, south of Brussels in Belgium, has specialised in the manufacture of insulating building materials since 1945. With its Hi (High Insulation) blocks and Hi shutter tunnel box, Fixolite complies with current European standards for the construction of low-energy and passive houses. Production is exported to a number of European countries, including France, Germany, Italy, Spain, [...]<\/p>","protected":false},"author":1,"featured_media":649,"parent":0,"menu_order":1,"comment_status":"closed","ping_status":"closed","template":"","meta":{"footnotes":""},"class_list":["post-639","page","type-page","status-publish","has-post-thumbnail","hentry"],"yoast_head":"<!-- This site is optimized with the Yoast SEO Premium plugin v24.3 (Yoast SEO v24.9) - https:\/\/yoast.com\/wordpress\/plugins\/seo\/ -->\n<title>Qui sommes-nous ? - FIXOLITE<\/title>\n<meta name=\"robots\" content=\"index, follow, max-snippet:-1, max-image-preview:large, max-video-preview:-1\" \/>\n<link rel=\"canonical\" href=\"https:\/\/fixolite.eu\/en\/fixolite\/\" \/>\n<meta property=\"og:locale\" content=\"en_GB\" \/>\n<meta property=\"og:type\" content=\"article\" \/>\n<meta property=\"og:title\" content=\"Qui sommes-nous ?\" \/>\n<meta property=\"og:description\" content=\"La soci\u00e9t\u00e9 Fixolite, situ\u00e9e proche de Charleroi, au sud de Bruxelles, en Belgique, est sp\u00e9cialis\u00e9e&nbsp;depuis 1945&nbsp;dans la fabrication des&nbsp;mat\u00e9riaux de construction isolants. Avec notamment les&nbsp;blocs Hi (Haute Isolation) ou le&nbsp;coffre tunnel pour volet Hi permettant la r\u00e9alisation de&nbsp;maisons BBC ou passives,&nbsp;Fixolite r\u00e9pond aux&nbsp;normes europ\u00e9ennes en vigueur. La production est&nbsp;export\u00e9e dans divers pays&nbsp;europ\u00e9ens tels que la [&hellip;]\" \/>\n<meta property=\"og:url\" content=\"https:\/\/fixolite.eu\/en\/fixolite\/\" \/>\n<meta property=\"og:site_name\" content=\"FIXOLITE\" \/>\n<meta property=\"article:modified_time\" content=\"2026-02-04T10:43:47+00:00\" \/>\n<meta property=\"og:image\" content=\"https:\/\/fixolite.eu\/wp-content\/uploads\/2023\/10\/maison.jpg\" \/>\n\t<meta property=\"og:image:width\" content=\"721\" \/>\n\t<meta property=\"og:image:height\" content=\"1020\" \/>\n\t<meta property=\"og:image:type\" content=\"image\/jpeg\" \/>\n<meta name=\"twitter:card\" content=\"summary_large_image\" \/>\n<meta name=\"twitter:label1\" content=\"Estimated reading time\" \/>\n\t<meta name=\"twitter:data1\" content=\"3 minutes\" \/>\n<script type=\"application\/ld+json\" class=\"yoast-schema-graph\">{\"@context\":\"https:\/\/schema.org\",\"@graph\":[{\"@type\":\"WebPage\",\"@id\":\"https:\/\/fixolite.eu\/fixolite\/\",\"url\":\"https:\/\/fixolite.eu\/fixolite\/\",\"name\":\"Qui sommes-nous ? - FIXOLITE\",\"isPartOf\":{\"@id\":\"http:\/\/fixolite.fr\/en\/#website\"},\"primaryImageOfPage\":{\"@id\":\"https:\/\/fixolite.eu\/fixolite\/#primaryimage\"},\"image\":{\"@id\":\"https:\/\/fixolite.eu\/fixolite\/#primaryimage\"},\"thumbnailUrl\":\"https:\/\/fixolite.eu\/wp-content\/uploads\/2023\/10\/maison.jpg\",\"datePublished\":\"2023-10-16T13:50:32+00:00\",\"dateModified\":\"2026-02-04T10:43:47+00:00\",\"breadcrumb\":{\"@id\":\"https:\/\/fixolite.eu\/fixolite\/#breadcrumb\"},\"inLanguage\":\"en-GB\",\"potentialAction\":[{\"@type\":\"ReadAction\",\"target\":[\"https:\/\/fixolite.eu\/fixolite\/\"]}]},{\"@type\":\"ImageObject\",\"inLanguage\":\"en-GB\",\"@id\":\"https:\/\/fixolite.eu\/fixolite\/#primaryimage\",\"url\":\"https:\/\/fixolite.eu\/wp-content\/uploads\/2023\/10\/maison.jpg\",\"contentUrl\":\"https:\/\/fixolite.eu\/wp-content\/uploads\/2023\/10\/maison.jpg\",\"width\":721,\"height\":1020},{\"@type\":\"BreadcrumbList\",\"@id\":\"https:\/\/fixolite.eu\/fixolite\/#breadcrumb\",\"itemListElement\":[{\"@type\":\"ListItem\",\"position\":1,\"name\":\"Accueil\",\"item\":\"http:\/\/fixolite.fr\/en\/\"},{\"@type\":\"ListItem\",\"position\":2,\"name\":\"Qui sommes-nous ?\"}]},{\"@type\":\"WebSite\",\"@id\":\"http:\/\/fixolite.fr\/en\/#website\",\"url\":\"http:\/\/fixolite.fr\/en\/\",\"name\":\"Fixolite\",\"description\":\"Le sp\u00e9cialiste des coffres tunnel pour volets roulants\/BSO et blocs de construction bois-ciment super isolants\",\"publisher\":{\"@id\":\"http:\/\/fixolite.fr\/en\/#organization\"},\"alternateName\":\"Coffres tunnel Fixolite\",\"potentialAction\":[{\"@type\":\"SearchAction\",\"target\":{\"@type\":\"EntryPoint\",\"urlTemplate\":\"http:\/\/fixolite.fr\/en\/?s={search_term_string}\"},\"query-input\":{\"@type\":\"PropertyValueSpecification\",\"valueRequired\":true,\"valueName\":\"search_term_string\"}}],\"inLanguage\":\"en-GB\"},{\"@type\":\"Organization\",\"@id\":\"http:\/\/fixolite.fr\/en\/#organization\",\"name\":\"FIXOLITE\",\"alternateName\":\"Coffre tunnel Fixolite\",\"url\":\"http:\/\/fixolite.fr\/en\/\",\"logo\":{\"@type\":\"ImageObject\",\"inLanguage\":\"en-GB\",\"@id\":\"http:\/\/fixolite.fr\/en\/#\/schema\/logo\/image\/\",\"url\":\"https:\/\/www.fixolite.eu\/wp-content\/uploads\/2023\/10\/fixolite-logo-vestorise.png\",\"contentUrl\":\"https:\/\/www.fixolite.eu\/wp-content\/uploads\/2023\/10\/fixolite-logo-vestorise.png\",\"width\":1446,\"height\":252,\"caption\":\"FIXOLITE\"},\"image\":{\"@id\":\"http:\/\/fixolite.fr\/en\/#\/schema\/logo\/image\/\"},\"description\":\"Grossiste en coffre tunnel pour volet roulant\",\"email\":\"info@fixolite.be\",\"telephone\":\"+32 71 25 87 90\",\"legalName\":\"FIXOLITE ISUNES S.A\",\"foundingDate\":\"1945-06-01\",\"vatID\":\"BE0401648294\",\"numberOfEmployees\":{\"@type\":\"QuantitativeValue\",\"minValue\":\"11\",\"maxValue\":\"50\"},\"publishingPrinciples\":\"http:\/\/fixolite.fr\/en\/privacy-policy\/\"}]}<\/script>\n<!-- \/ Yoast SEO Premium plugin. -->","yoast_head_json":{"title":"Qui sommes-nous ? - FIXOLITE","robots":{"index":"index","follow":"follow","max-snippet":"max-snippet:-1","max-image-preview":"max-image-preview:large","max-video-preview":"max-video-preview:-1"},"canonical":"https:\/\/fixolite.eu\/en\/fixolite\/","og_locale":"en_GB","og_type":"article","og_title":"Qui sommes-nous ?","og_description":"La soci\u00e9t\u00e9 Fixolite, situ\u00e9e proche de Charleroi, au sud de Bruxelles, en Belgique, est sp\u00e9cialis\u00e9e&nbsp;depuis 1945&nbsp;dans la fabrication des&nbsp;mat\u00e9riaux de construction isolants. Avec notamment les&nbsp;blocs Hi (Haute Isolation) ou le&nbsp;coffre tunnel pour volet Hi permettant la r\u00e9alisation de&nbsp;maisons BBC ou passives,&nbsp;Fixolite r\u00e9pond aux&nbsp;normes europ\u00e9ennes en vigueur. La production est&nbsp;export\u00e9e dans divers pays&nbsp;europ\u00e9ens tels que la [&hellip;]","og_url":"https:\/\/fixolite.eu\/en\/fixolite\/","og_site_name":"FIXOLITE","article_modified_time":"2026-02-04T10:43:47+00:00","og_image":[{"width":721,"height":1020,"url":"https:\/\/fixolite.eu\/wp-content\/uploads\/2023\/10\/maison.jpg","type":"image\/jpeg"}],"twitter_card":"summary_large_image","twitter_misc":{"Estimated reading time":"3 minutes"},"schema":{"@context":"https:\/\/schema.org","@graph":[{"@type":"WebPage","@id":"https:\/\/fixolite.eu\/fixolite\/","url":"https:\/\/fixolite.eu\/fixolite\/","name":"Qui sommes-nous ? - FIXOLITE","isPartOf":{"@id":"http:\/\/fixolite.fr\/en\/#website"},"primaryImageOfPage":{"@id":"https:\/\/fixolite.eu\/fixolite\/#primaryimage"},"image":{"@id":"https:\/\/fixolite.eu\/fixolite\/#primaryimage"},"thumbnailUrl":"https:\/\/fixolite.eu\/wp-content\/uploads\/2023\/10\/maison.jpg","datePublished":"2023-10-16T13:50:32+00:00","dateModified":"2026-02-04T10:43:47+00:00","breadcrumb":{"@id":"https:\/\/fixolite.eu\/fixolite\/#breadcrumb"},"inLanguage":"en-GB","potentialAction":[{"@type":"ReadAction","target":["https:\/\/fixolite.eu\/fixolite\/"]}]},{"@type":"ImageObject","inLanguage":"en-GB","@id":"https:\/\/fixolite.eu\/fixolite\/#primaryimage","url":"https:\/\/fixolite.eu\/wp-content\/uploads\/2023\/10\/maison.jpg","contentUrl":"https:\/\/fixolite.eu\/wp-content\/uploads\/2023\/10\/maison.jpg","width":721,"height":1020},{"@type":"BreadcrumbList","@id":"https:\/\/fixolite.eu\/fixolite\/#breadcrumb","itemListElement":[{"@type":"ListItem","position":1,"name":"Accueil","item":"http:\/\/fixolite.fr\/en\/"},{"@type":"ListItem","position":2,"name":"Qui sommes-nous ?"}]},{"@type":"WebSite","@id":"http:\/\/fixolite.fr\/en\/#website","url":"http:\/\/fixolite.fr\/en\/","name":"Fixolite","description":"Le sp\u00e9cialiste des coffres tunnel pour volets roulants\/BSO et blocs de construction bois-ciment super isolants","publisher":{"@id":"http:\/\/fixolite.fr\/en\/#organization"},"alternateName":"Coffres tunnel Fixolite","potentialAction":[{"@type":"SearchAction","target":{"@type":"EntryPoint","urlTemplate":"http:\/\/fixolite.fr\/en\/?s={search_term_string}"},"query-input":{"@type":"PropertyValueSpecification","valueRequired":true,"valueName":"search_term_string"}}],"inLanguage":"en-GB"},{"@type":"Organization","@id":"http:\/\/fixolite.fr\/en\/#organization","name":"FIXOLITE","alternateName":"Coffre tunnel Fixolite","url":"http:\/\/fixolite.fr\/en\/","logo":{"@type":"ImageObject","inLanguage":"en-GB","@id":"http:\/\/fixolite.fr\/en\/#\/schema\/logo\/image\/","url":"https:\/\/www.fixolite.eu\/wp-content\/uploads\/2023\/10\/fixolite-logo-vestorise.png","contentUrl":"https:\/\/www.fixolite.eu\/wp-content\/uploads\/2023\/10\/fixolite-logo-vestorise.png","width":1446,"height":252,"caption":"FIXOLITE"},"image":{"@id":"http:\/\/fixolite.fr\/en\/#\/schema\/logo\/image\/"},"description":"Grossiste en coffre tunnel pour volet roulant","email":"info@fixolite.be","telephone":"+32 71 25 87 90","legalName":"FIXOLITE ISUNES S.A","foundingDate":"1945-06-01","vatID":"BE0401648294","numberOfEmployees":{"@type":"QuantitativeValue","minValue":"11","maxValue":"50"},"publishingPrinciples":"http:\/\/fixolite.fr\/en\/privacy-policy\/"}]}},"_links":{"self":[{"href":"https:\/\/fixolite.eu\/en\/wp-json\/wp\/v2\/pages\/639","targetHints":{"allow":["GET"]}}],"collection":[{"href":"https:\/\/fixolite.eu\/en\/wp-json\/wp\/v2\/pages"}],"about":[{"href":"https:\/\/fixolite.eu\/en\/wp-json\/wp\/v2\/types\/page"}],"author":[{"embeddable":true,"href":"https:\/\/fixolite.eu\/en\/wp-json\/wp\/v2\/users\/1"}],"replies":[{"embeddable":true,"href":"https:\/\/fixolite.eu\/en\/wp-json\/wp\/v2\/comments?post=639"}],"version-history":[{"count":27,"href":"https:\/\/fixolite.eu\/en\/wp-json\/wp\/v2\/pages\/639\/revisions"}],"predecessor-version":[{"id":2690,"href":"https:\/\/fixolite.eu\/en\/wp-json\/wp\/v2\/pages\/639\/revisions\/2690"}],"wp:featuredmedia":[{"embeddable":true,"href":"https:\/\/fixolite.eu\/en\/wp-json\/wp\/v2\/media\/649"}],"wp:attachment":[{"href":"https:\/\/fixolite.eu\/en\/wp-json\/wp\/v2\/media?parent=639"}],"curies":[{"name":"wp","href":"https:\/\/api.w.org\/{rel}","templated":true}]}}