{"id":2045,"date":"2024-02-21T16:01:12","date_gmt":"2024-02-21T15:01:12","guid":{"rendered":"https:\/\/www.fixolite.eu\/?page_id=2045"},"modified":"2024-02-21T16:07:29","modified_gmt":"2024-02-21T15:07:29","slug":"politique-de-confidentialite","status":"publish","type":"page","link":"https:\/\/fixolite.eu\/de\/datenschutzrichtlinie\/","title":{"rendered":"Datenschutzrichtlinie"},"content":{"rendered":"<p>Datum des Inkrafttretens: 01\/01\/2023<\/p>\n\n\n\n<p>Bei Fixolite.eu, erreichbar unter https:\/\/www.fixolite.eu, ist eine unserer obersten Priorit\u00e4ten die Privatsph\u00e4re unserer Besucher. Diese Datenschutzrichtlinie dokumentiert, welche Arten von Informationen von Fixolite.eu gesammelt und gespeichert werden und wie wir sie verwenden.<\/p>\n\n\n<h2 class=\"wp-block-heading\" id=\"consentement\">Zustimmung<\/h2>\n\n\n<p>Durch die Nutzung unserer Website erkl\u00e4ren Sie sich hiermit mit unserer Datenschutzrichtlinie einverstanden und akzeptieren deren Bedingungen.<\/p>\n\n\n\n<p><\/p>\n\n\n<h2 class=\"wp-block-heading\" id=\"informations-que-nous-collectons\">Informationen, die wir sammeln<\/h2>\n\n\n<p>Welche personenbezogenen Daten Sie bereitstellen sollen und warum, wird Ihnen zu dem Zeitpunkt mitgeteilt, an dem wir Sie um die Bereitstellung Ihrer personenbezogenen Daten bitten.<\/p>\n\n\n\n<p>Wenn Sie uns direkt kontaktieren, erhalten wir m\u00f6glicherweise zus\u00e4tzliche Informationen \u00fcber Sie, wie z. B. Ihren Namen, Ihre E-Mail-Adresse, Ihre Telefonnummer, den Inhalt der Nachricht und\/oder der Anh\u00e4nge, die Sie uns m\u00f6glicherweise senden, sowie alle anderen Informationen, die Sie m\u00f6glicherweise bereitstellen m\u00f6chten.<\/p>\n\n\n\n<p>Wenn Sie sich f\u00fcr ein Konto anmelden, bitten wir Sie m\u00f6glicherweise um Ihre Kontaktinformationen, einschlie\u00dflich solcher Dinge wie Name, Firmenname, Adresse, E-Mail-Adresse und Telefonnummer.<\/p>\n\n\n<h2 class=\"wp-block-heading\" id=\"comment-nous-utilisons-vos-informations\">Wie wir Ihre Informationen verwenden<\/h2>\n\n\n<ul class=\"wp-block-list\">\n<li>Bereitstellung, Betrieb und Pflege unserer Website<\/li>\n\n\n\n<li>Verbesserung, Personalisierung und Erweiterung unserer Website<\/li>\n\n\n\n<li>zu verstehen und zu analysieren, wie Sie unsere Website nutzen<\/li>\n\n\n\n<li>Entwicklung neuer Produkte, Dienstleistungen und Funktionen<\/li>\n\n\n\n<li>mit Ihnen direkt oder \u00fcber einen unserer Partner zu kommunizieren, einschlie\u00dflich f\u00fcr den Kundenservice, um Ihnen Aktualisierungen und andere Informationen in Bezug auf die Website zukommen zu lassen, sowie f\u00fcr Marketing- und Werbezwecke<\/li>\n\n\n\n<li>Ihnen E-Mails schicken<\/li>\n\n\n\n<li>Betrug finden und verhindern<\/li>\n<\/ul>\n\n\n<h2 class=\"wp-block-heading\" id=\"log-files\">Log Files<\/h2>\n\n\n<p>Fixolite.eu folgt einem Standardverfahren zur Verwendung von Log-Dateien. Diese Dateien zeichnen die Besucher auf, wenn sie Webseiten besuchen. Alle Hosting-Unternehmen tun dies und ein Teil der Analyse von Hosting-Diensten. Zu den von den Log-Dateien erfassten Informationen geh\u00f6ren IP-Adressen, Browsertyp, Internet Service Provider (ISP), Datum und Uhrzeit, Verweis-\/Ausgangsseiten und m\u00f6glicherweise die Anzahl der Klicks. Diese Informationen sind nicht mit pers\u00f6nlich identifizierbaren Informationen verkn\u00fcpft. Der Zweck besteht darin, Trends zu analysieren, die Website zu verwalten, die Bewegungen der Nutzer auf der Website zu verfolgen und demografische Informationen zu sammeln.<\/p>\n\n\n<h2 class=\"wp-block-heading\" id=\"cookies-et-balises-web\">Cookies und Web Beacons<\/h2>\n\n\n<p>Wie jede andere Webseite auch, verwendet Fixolite.eu 'Cookies'. Diese Cookies werden verwendet, um Informationen zu speichern, einschlie\u00dflich der Pr\u00e4ferenzen des Besuchers und der Seiten der Website, auf die der Besucher zugegriffen oder die er besucht hat. Die Informationen werden verwendet, um die Nutzererfahrung zu optimieren, indem unsere Webinhalte auf der Grundlage des Browsertyps des Besuchers und\/oder anderer Informationen personalisiert werden.<\/p>\n\n\n<h2 class=\"wp-block-heading\" id=\"droits-de-confidentialite\">Datenschutzrechte <\/h2>\n\n<h4 class=\"wp-block-heading\" id=\"ne-pas-vendre-mes-informations-personnelles\">(Meine pers\u00f6nlichen Informationen nicht verkaufen)<\/h4>\n\n\n<p>Unter der DSGVO haben Einwohner der EU bestimmte Rechte in Bezug auf ihre pers\u00f6nlichen Daten. <\/p>\n\n\n<h2 class=\"wp-block-heading\" id=\"informations-de-contact\">Kontaktinformationen<\/h2>\n\n\n<p>Wenn Sie Fragen oder Kommentare zu unserer Datenschutzrichtlinie haben, kontaktieren Sie uns bitte unter der E-Mail-Adresse oder der Kontakttelefonnummer von Fixolite Fabriken.<\/p>","protected":false},"excerpt":{"rendered":"<p>G\u00fcltig ab: 01\/01\/2023 Bei Fixolite.eu, erreichbar \u00fcber https:\/\/www.fixolite.eu, ist die Privatsph\u00e4re unserer Besucher eine unserer h\u00f6chsten Priorit\u00e4ten. Diese Datenschutzrichtlinie dokumentiert die Arten von Informationen, die von Fixolite.eu gesammelt und gespeichert werden, und wie wir sie verwenden. Zustimmung Durch die Nutzung unserer Website erkl\u00e4ren Sie sich hiermit mit unserer Politik [...] einverstanden.<\/p>","protected":false},"author":1,"featured_media":2046,"parent":0,"menu_order":99,"comment_status":"closed","ping_status":"closed","template":"","meta":{"footnotes":""},"class_list":["post-2045","page","type-page","status-publish","has-post-thumbnail","hentry"],"yoast_head":"<!-- This site is optimized with the Yoast SEO Premium plugin v24.3 (Yoast SEO v24.9) - https:\/\/yoast.com\/wordpress\/plugins\/seo\/ -->\n<title>Politique de Confidentialit\u00e9 - FIXOLITE<\/title>\n<meta name=\"robots\" content=\"index, follow, max-snippet:-1, max-image-preview:large, max-video-preview:-1\" \/>\n<link rel=\"canonical\" href=\"http:\/\/fixolite.fr\/en\/privacy-policy\/\" \/>\n<meta property=\"og:locale\" content=\"de_DE\" \/>\n<meta property=\"og:type\" content=\"article\" \/>\n<meta property=\"og:title\" content=\"Politique de Confidentialit\u00e9\" \/>\n<meta property=\"og:description\" content=\"Date d&rsquo;effet: 01\/01\/2023 Chez Fixolite.eu, accessible \u00e0 partir de https:\/\/www.fixolite.eu, l&rsquo;une de nos principales priorit\u00e9s est la confidentialit\u00e9 de nos visiteurs. Cette Politique de Confidentialit\u00e9 documente les types d&rsquo;informations qui sont collect\u00e9es et enregistr\u00e9es par Fixolite.eu et comment nous les utilisons. Consentement En utilisant notre site web, vous consentez par la pr\u00e9sente \u00e0 notre Politique [&hellip;]\" \/>\n<meta property=\"og:url\" content=\"http:\/\/fixolite.fr\/en\/privacy-policy\/\" \/>\n<meta property=\"og:site_name\" content=\"FIXOLITE\" \/>\n<meta property=\"article:modified_time\" content=\"2024-02-21T15:07:29+00:00\" \/>\n<meta property=\"og:image\" content=\"https:\/\/fixolite.fr\/wp-content\/uploads\/rgpd.jpg\" \/>\n\t<meta property=\"og:image:width\" content=\"1200\" \/>\n\t<meta property=\"og:image:height\" content=\"630\" \/>\n\t<meta property=\"og:image:type\" content=\"image\/jpeg\" \/>\n<meta name=\"twitter:card\" content=\"summary_large_image\" \/>\n<meta name=\"twitter:label1\" content=\"Gesch\u00e4tzte Lesezeit\" \/>\n\t<meta name=\"twitter:data1\" content=\"3\u00a0Minuten\" \/>\n<script type=\"application\/ld+json\" class=\"yoast-schema-graph\">{\"@context\":\"https:\/\/schema.org\",\"@graph\":[{\"@type\":\"WebPage\",\"@id\":\"http:\/\/fixolite.fr\/en\/privacy-policy\/\",\"url\":\"http:\/\/fixolite.fr\/en\/privacy-policy\/\",\"name\":\"Politique de Confidentialit\u00e9 - FIXOLITE\",\"isPartOf\":{\"@id\":\"http:\/\/fixolite.fr\/en\/#website\"},\"primaryImageOfPage\":{\"@id\":\"http:\/\/fixolite.fr\/en\/privacy-policy\/#primaryimage\"},\"image\":{\"@id\":\"http:\/\/fixolite.fr\/en\/privacy-policy\/#primaryimage\"},\"thumbnailUrl\":\"https:\/\/fixolite.eu\/wp-content\/uploads\/rgpd.jpg\",\"datePublished\":\"2024-02-21T15:01:12+00:00\",\"dateModified\":\"2024-02-21T15:07:29+00:00\",\"breadcrumb\":{\"@id\":\"http:\/\/fixolite.fr\/en\/privacy-policy\/#breadcrumb\"},\"inLanguage\":\"de\",\"potentialAction\":[{\"@type\":\"ReadAction\",\"target\":[\"http:\/\/fixolite.fr\/en\/privacy-policy\/\"]}]},{\"@type\":\"ImageObject\",\"inLanguage\":\"de\",\"@id\":\"http:\/\/fixolite.fr\/en\/privacy-policy\/#primaryimage\",\"url\":\"https:\/\/fixolite.eu\/wp-content\/uploads\/rgpd.jpg\",\"contentUrl\":\"https:\/\/fixolite.eu\/wp-content\/uploads\/rgpd.jpg\",\"width\":1200,\"height\":630},{\"@type\":\"BreadcrumbList\",\"@id\":\"http:\/\/fixolite.fr\/en\/privacy-policy\/#breadcrumb\",\"itemListElement\":[{\"@type\":\"ListItem\",\"position\":1,\"name\":\"Accueil\",\"item\":\"http:\/\/fixolite.fr\/en\/\"},{\"@type\":\"ListItem\",\"position\":2,\"name\":\"Politique de Confidentialit\u00e9\"}]},{\"@type\":\"WebSite\",\"@id\":\"http:\/\/fixolite.fr\/en\/#website\",\"url\":\"http:\/\/fixolite.fr\/en\/\",\"name\":\"Fixolite\",\"description\":\"Le sp\u00e9cialiste des coffres tunnel pour volets roulants\/BSO et blocs de construction bois-ciment super isolants\",\"publisher\":{\"@id\":\"http:\/\/fixolite.fr\/en\/#organization\"},\"alternateName\":\"Coffres tunnel Fixolite\",\"potentialAction\":[{\"@type\":\"SearchAction\",\"target\":{\"@type\":\"EntryPoint\",\"urlTemplate\":\"http:\/\/fixolite.fr\/en\/?s={search_term_string}\"},\"query-input\":{\"@type\":\"PropertyValueSpecification\",\"valueRequired\":true,\"valueName\":\"search_term_string\"}}],\"inLanguage\":\"de\"},{\"@type\":\"Organization\",\"@id\":\"http:\/\/fixolite.fr\/en\/#organization\",\"name\":\"FIXOLITE\",\"alternateName\":\"Coffre tunnel Fixolite\",\"url\":\"http:\/\/fixolite.fr\/en\/\",\"logo\":{\"@type\":\"ImageObject\",\"inLanguage\":\"de\",\"@id\":\"http:\/\/fixolite.fr\/en\/#\/schema\/logo\/image\/\",\"url\":\"https:\/\/www.fixolite.eu\/wp-content\/uploads\/2023\/10\/fixolite-logo-vestorise.png\",\"contentUrl\":\"https:\/\/www.fixolite.eu\/wp-content\/uploads\/2023\/10\/fixolite-logo-vestorise.png\",\"width\":1446,\"height\":252,\"caption\":\"FIXOLITE\"},\"image\":{\"@id\":\"http:\/\/fixolite.fr\/en\/#\/schema\/logo\/image\/\"},\"description\":\"Grossiste en coffre tunnel pour volet roulant\",\"email\":\"info@fixolite.be\",\"telephone\":\"+32 71 25 87 90\",\"legalName\":\"FIXOLITE ISUNES S.A\",\"foundingDate\":\"1945-06-01\",\"vatID\":\"BE0401648294\",\"numberOfEmployees\":{\"@type\":\"QuantitativeValue\",\"minValue\":\"11\",\"maxValue\":\"50\"},\"publishingPrinciples\":\"http:\/\/fixolite.fr\/en\/privacy-policy\/\"}]}<\/script>\n<!-- \/ Yoast SEO Premium plugin. -->","yoast_head_json":{"title":"Politique de Confidentialit\u00e9 - FIXOLITE","robots":{"index":"index","follow":"follow","max-snippet":"max-snippet:-1","max-image-preview":"max-image-preview:large","max-video-preview":"max-video-preview:-1"},"canonical":"http:\/\/fixolite.fr\/en\/privacy-policy\/","og_locale":"de_DE","og_type":"article","og_title":"Politique de Confidentialit\u00e9","og_description":"Date d&rsquo;effet: 01\/01\/2023 Chez Fixolite.eu, accessible \u00e0 partir de https:\/\/www.fixolite.eu, l&rsquo;une de nos principales priorit\u00e9s est la confidentialit\u00e9 de nos visiteurs. Cette Politique de Confidentialit\u00e9 documente les types d&rsquo;informations qui sont collect\u00e9es et enregistr\u00e9es par Fixolite.eu et comment nous les utilisons. Consentement En utilisant notre site web, vous consentez par la pr\u00e9sente \u00e0 notre Politique [&hellip;]","og_url":"http:\/\/fixolite.fr\/en\/privacy-policy\/","og_site_name":"FIXOLITE","article_modified_time":"2024-02-21T15:07:29+00:00","og_image":[{"width":1200,"height":630,"url":"https:\/\/fixolite.fr\/wp-content\/uploads\/rgpd.jpg","type":"image\/jpeg"}],"twitter_card":"summary_large_image","twitter_misc":{"Gesch\u00e4tzte Lesezeit":"3\u00a0Minuten"},"schema":{"@context":"https:\/\/schema.org","@graph":[{"@type":"WebPage","@id":"http:\/\/fixolite.fr\/en\/privacy-policy\/","url":"http:\/\/fixolite.fr\/en\/privacy-policy\/","name":"Politique de Confidentialit\u00e9 - FIXOLITE","isPartOf":{"@id":"http:\/\/fixolite.fr\/en\/#website"},"primaryImageOfPage":{"@id":"http:\/\/fixolite.fr\/en\/privacy-policy\/#primaryimage"},"image":{"@id":"http:\/\/fixolite.fr\/en\/privacy-policy\/#primaryimage"},"thumbnailUrl":"https:\/\/fixolite.eu\/wp-content\/uploads\/rgpd.jpg","datePublished":"2024-02-21T15:01:12+00:00","dateModified":"2024-02-21T15:07:29+00:00","breadcrumb":{"@id":"http:\/\/fixolite.fr\/en\/privacy-policy\/#breadcrumb"},"inLanguage":"de","potentialAction":[{"@type":"ReadAction","target":["http:\/\/fixolite.fr\/en\/privacy-policy\/"]}]},{"@type":"ImageObject","inLanguage":"de","@id":"http:\/\/fixolite.fr\/en\/privacy-policy\/#primaryimage","url":"https:\/\/fixolite.eu\/wp-content\/uploads\/rgpd.jpg","contentUrl":"https:\/\/fixolite.eu\/wp-content\/uploads\/rgpd.jpg","width":1200,"height":630},{"@type":"BreadcrumbList","@id":"http:\/\/fixolite.fr\/en\/privacy-policy\/#breadcrumb","itemListElement":[{"@type":"ListItem","position":1,"name":"Accueil","item":"http:\/\/fixolite.fr\/en\/"},{"@type":"ListItem","position":2,"name":"Politique de Confidentialit\u00e9"}]},{"@type":"WebSite","@id":"http:\/\/fixolite.fr\/en\/#website","url":"http:\/\/fixolite.fr\/en\/","name":"Fixolite","description":"Le sp\u00e9cialiste des coffres tunnel pour volets roulants\/BSO et blocs de construction bois-ciment super isolants","publisher":{"@id":"http:\/\/fixolite.fr\/en\/#organization"},"alternateName":"Coffres tunnel Fixolite","potentialAction":[{"@type":"SearchAction","target":{"@type":"EntryPoint","urlTemplate":"http:\/\/fixolite.fr\/en\/?s={search_term_string}"},"query-input":{"@type":"PropertyValueSpecification","valueRequired":true,"valueName":"search_term_string"}}],"inLanguage":"de"},{"@type":"Organization","@id":"http:\/\/fixolite.fr\/en\/#organization","name":"FIXOLITE","alternateName":"Coffre tunnel Fixolite","url":"http:\/\/fixolite.fr\/en\/","logo":{"@type":"ImageObject","inLanguage":"de","@id":"http:\/\/fixolite.fr\/en\/#\/schema\/logo\/image\/","url":"https:\/\/www.fixolite.eu\/wp-content\/uploads\/2023\/10\/fixolite-logo-vestorise.png","contentUrl":"https:\/\/www.fixolite.eu\/wp-content\/uploads\/2023\/10\/fixolite-logo-vestorise.png","width":1446,"height":252,"caption":"FIXOLITE"},"image":{"@id":"http:\/\/fixolite.fr\/en\/#\/schema\/logo\/image\/"},"description":"Grossiste en coffre tunnel pour volet roulant","email":"info@fixolite.be","telephone":"+32 71 25 87 90","legalName":"FIXOLITE ISUNES S.A","foundingDate":"1945-06-01","vatID":"BE0401648294","numberOfEmployees":{"@type":"QuantitativeValue","minValue":"11","maxValue":"50"},"publishingPrinciples":"http:\/\/fixolite.fr\/en\/privacy-policy\/"}]}},"_links":{"self":[{"href":"https:\/\/fixolite.eu\/de\/wp-json\/wp\/v2\/pages\/2045","targetHints":{"allow":["GET"]}}],"collection":[{"href":"https:\/\/fixolite.eu\/de\/wp-json\/wp\/v2\/pages"}],"about":[{"href":"https:\/\/fixolite.eu\/de\/wp-json\/wp\/v2\/types\/page"}],"author":[{"embeddable":true,"href":"https:\/\/fixolite.eu\/de\/wp-json\/wp\/v2\/users\/1"}],"replies":[{"embeddable":true,"href":"https:\/\/fixolite.eu\/de\/wp-json\/wp\/v2\/comments?post=2045"}],"version-history":[{"count":1,"href":"https:\/\/fixolite.eu\/de\/wp-json\/wp\/v2\/pages\/2045\/revisions"}],"predecessor-version":[{"id":2047,"href":"https:\/\/fixolite.eu\/de\/wp-json\/wp\/v2\/pages\/2045\/revisions\/2047"}],"wp:featuredmedia":[{"embeddable":true,"href":"https:\/\/fixolite.eu\/de\/wp-json\/wp\/v2\/media\/2046"}],"wp:attachment":[{"href":"https:\/\/fixolite.eu\/de\/wp-json\/wp\/v2\/media?parent=2045"}],"curies":[{"name":"wp","href":"https:\/\/api.w.org\/{rel}","templated":true}]}}